{"id":63,"date":"2016-04-14T08:28:26","date_gmt":"2016-04-14T08:28:26","guid":{"rendered":"http:\/\/dimec.etsii.upm.es\/?page_id=63"},"modified":"2022-03-14T19:54:16","modified_gmt":"2022-03-14T17:54:16","slug":"unidades-docentes-2","status":"publish","type":"page","link":"https:\/\/dimec.etsii.upm.es\/index.php\/unidades-docentes-2\/","title":{"rendered":"Innovaci\u00f3n educativa"},"content":{"rendered":"<p>La Universidad Polit\u00e9cnica de Madrid ha optado como l\u00ednea central de actuaci\u00f3n para la modernizaci\u00f3n docente, por la promoci\u00f3n, y posterior reconocimiento de Grupos de Innovaci\u00f3n Educativa, lo cual constituye una apuesta original en el actual panorama universitario. Est\u00e1n constituidos por grupos estables de profesores y t\u00e9cnicos cualificados de laboratorio que est\u00e1n involucrados en el lanzamiento y desarrollo de iniciativas innovadoras que buscan la mejora continua de la calidad docente.<\/p>\n<p>Actualmente son tres los <strong>Grupos de Innovaci\u00f3n Educativa <\/strong>constituidos y reconocidos por la UPM dentro del departamento:<\/p>\n<ul>\n<li><a href=\"http:\/\/www.dimf.etsii.upm.es\/griis\/\">Grupo de Innovaci\u00f3n en Ingenier\u00eda Gr\u00e1fica y Simulaci\u00f3n (GRIIS)<\/a><\/li>\n<li><a href=\"https:\/\/innovacioneducativa.upm.es\/informacion-grupo?grupo=230\" target=\"_blank\" rel=\"noopener\"><span class=\"negrita\">Ingenier\u00eda de Fabricaci\u00f3n (GIF-IE)<\/span><\/a><\/li>\n<li><a href=\"https:\/\/innovacioneducativa.upm.es\/informacion-grupo?grupo=178\" target=\"_blank\" rel=\"noopener\">Grupo de Innovaci\u00f3n Educativa para la Docencia Innovadora en M\u00e1quinas (GIE-DIM)<\/a><\/li>\n<\/ul>\n","protected":false},"excerpt":{"rendered":"<p>La Universidad Polit\u00e9cnica de Madrid ha optado como l\u00ednea central de actuaci\u00f3n para la modernizaci\u00f3n docente, por la promoci\u00f3n, y posterior reconocimiento de Grupos de Innovaci\u00f3n Educativa, lo cual constituye una apuesta original en el actual panorama universitario. Est\u00e1n constituidos <a href=\"https:\/\/dimec.etsii.upm.es\/index.php\/unidades-docentes-2\/\" class=\"read-more\">Leer m\u00e1s&#8230;<\/a><\/p>\n","protected":false},"author":1,"featured_media":0,"parent":0,"menu_order":0,"comment_status":"closed","ping_status":"closed","template":"","meta":{"footnotes":""},"yoast_head":"<!-- This site is optimized with the Yoast SEO plugin v21.8.1 - https:\/\/yoast.com\/wordpress\/plugins\/seo\/ -->\n<title>Innovaci\u00f3n educativa - Departamento Ingenieria Mec\u00e1nica UPM<\/title>\n<meta name=\"description\" content=\"La Universidad PolitAi??cnica de Madrid ha optado como lAi??nea central de actuaciA?n par la modernizaciA?n docente, por la promociA?n, y posterior reconocimiento de ai???Grupos de InnovaciA?n Educativaai???, lo cual constituye una apuesta original en el actual panorama universitario. EstA?n constituidos por grupos estables de profesores y tAi??cnicos cualifiacdos de laboratorio que estA?n involucrados en el lanzamiento y desarrollo de iniciativas innovadoras que buscan la mejora continua de la calidad docente.\" \/>\n<meta name=\"robots\" content=\"index, follow, max-snippet:-1, max-image-preview:large, max-video-preview:-1\" \/>\n<link rel=\"canonical\" href=\"http:\/\/dimec.etsii.upm.es\/index.php\/unidades-docentes-2\/\" \/>\n<meta property=\"og:locale\" content=\"es_ES\" \/>\n<meta property=\"og:type\" content=\"article\" \/>\n<meta property=\"og:title\" content=\"Innovaci\u00f3n educativa - Departamento Ingenieria Mec\u00e1nica UPM\" \/>\n<meta property=\"og:description\" content=\"La Universidad PolitAi??cnica de Madrid ha optado como lAi??nea central de actuaciA?n par la modernizaciA?n docente, por la promociA?n, y posterior reconocimiento de ai???Grupos de InnovaciA?n Educativaai???, lo cual constituye una apuesta original en el actual panorama universitario. EstA?n constituidos por grupos estables de profesores y tAi??cnicos cualifiacdos de laboratorio que estA?n involucrados en el lanzamiento y desarrollo de iniciativas innovadoras que buscan la mejora continua de la calidad docente.\" \/>\n<meta property=\"og:url\" content=\"http:\/\/dimec.etsii.upm.es\/index.php\/unidades-docentes-2\/\" \/>\n<meta property=\"og:site_name\" content=\"Departamento Ingenieria Mec\u00e1nica UPM\" \/>\n<meta property=\"article:modified_time\" content=\"2022-03-14T17:54:16+00:00\" \/>\n<meta name=\"twitter:card\" content=\"summary_large_image\" \/>\n<meta name=\"twitter:label1\" content=\"Tiempo de lectura\" \/>\n\t<meta name=\"twitter:data1\" content=\"1 minuto\" \/>\n<script type=\"application\/ld+json\" class=\"yoast-schema-graph\">{\"@context\":\"https:\/\/schema.org\",\"@graph\":[{\"@type\":\"WebPage\",\"@id\":\"http:\/\/dimec.etsii.upm.es\/index.php\/unidades-docentes-2\/\",\"url\":\"http:\/\/dimec.etsii.upm.es\/index.php\/unidades-docentes-2\/\",\"name\":\"Innovaci\u00f3n educativa - Departamento Ingenieria Mec\u00e1nica UPM\",\"isPartOf\":{\"@id\":\"https:\/\/dimec.etsii.upm.es\/#website\"},\"datePublished\":\"2016-04-14T08:28:26+00:00\",\"dateModified\":\"2022-03-14T17:54:16+00:00\",\"description\":\"La Universidad PolitAi??cnica de Madrid ha optado como lAi??nea central de actuaciA?n par la modernizaciA?n docente, por la promociA?n, y posterior reconocimiento de ai???Grupos de InnovaciA?n Educativaai???, lo cual constituye una apuesta original en el actual panorama universitario. EstA?n constituidos por grupos estables de profesores y tAi??cnicos cualifiacdos de laboratorio que estA?n involucrados en el lanzamiento y desarrollo de iniciativas innovadoras que buscan la mejora continua de la calidad docente.\",\"breadcrumb\":{\"@id\":\"http:\/\/dimec.etsii.upm.es\/index.php\/unidades-docentes-2\/#breadcrumb\"},\"inLanguage\":\"es\",\"potentialAction\":[{\"@type\":\"ReadAction\",\"target\":[\"http:\/\/dimec.etsii.upm.es\/index.php\/unidades-docentes-2\/\"]}]},{\"@type\":\"BreadcrumbList\",\"@id\":\"http:\/\/dimec.etsii.upm.es\/index.php\/unidades-docentes-2\/#breadcrumb\",\"itemListElement\":[{\"@type\":\"ListItem\",\"position\":1,\"name\":\"Portada\",\"item\":\"https:\/\/dimec.etsii.upm.es\/\"},{\"@type\":\"ListItem\",\"position\":2,\"name\":\"Innovaci\u00f3n educativa\"}]},{\"@type\":\"WebSite\",\"@id\":\"https:\/\/dimec.etsii.upm.es\/#website\",\"url\":\"https:\/\/dimec.etsii.upm.es\/\",\"name\":\"Departamento Ingenieria Mec\u00e1nica UPM\",\"description\":\"Universidad Polit\u00e9cnica de Madrid\",\"publisher\":{\"@id\":\"https:\/\/dimec.etsii.upm.es\/#organization\"},\"potentialAction\":[{\"@type\":\"SearchAction\",\"target\":{\"@type\":\"EntryPoint\",\"urlTemplate\":\"https:\/\/dimec.etsii.upm.es\/?s={search_term_string}\"},\"query-input\":\"required name=search_term_string\"}],\"inLanguage\":\"es\"},{\"@type\":\"Organization\",\"@id\":\"https:\/\/dimec.etsii.upm.es\/#organization\",\"name\":\"Departamento Ingenieria Mec\u00e1nica UPM\",\"url\":\"https:\/\/dimec.etsii.upm.es\/\",\"logo\":{\"@type\":\"ImageObject\",\"inLanguage\":\"es\",\"@id\":\"https:\/\/dimec.etsii.upm.es\/#\/schema\/logo\/image\/\",\"url\":\"https:\/\/dimec.etsii.upm.es\/wp-content\/uploads\/2016\/05\/cropped-dimec_logo.png\",\"contentUrl\":\"https:\/\/dimec.etsii.upm.es\/wp-content\/uploads\/2016\/05\/cropped-dimec_logo.png\",\"width\":173,\"height\":90,\"caption\":\"Departamento Ingenieria Mec\u00e1nica UPM\"},\"image\":{\"@id\":\"https:\/\/dimec.etsii.upm.es\/#\/schema\/logo\/image\/\"}}]}<\/script>\n<!-- \/ Yoast SEO plugin. -->","yoast_head_json":{"title":"Innovaci\u00f3n educativa - Departamento Ingenieria Mec\u00e1nica UPM","description":"La Universidad PolitAi??cnica de Madrid ha optado como lAi??nea central de actuaciA?n par la modernizaciA?n docente, por la promociA?n, y posterior reconocimiento de ai???Grupos de InnovaciA?n Educativaai???, lo cual constituye una apuesta original en el actual panorama universitario. EstA?n constituidos por grupos estables de profesores y tAi??cnicos cualifiacdos de laboratorio que estA?n involucrados en el lanzamiento y desarrollo de iniciativas innovadoras que buscan la mejora continua de la calidad docente.","robots":{"index":"index","follow":"follow","max-snippet":"max-snippet:-1","max-image-preview":"max-image-preview:large","max-video-preview":"max-video-preview:-1"},"canonical":"http:\/\/dimec.etsii.upm.es\/index.php\/unidades-docentes-2\/","og_locale":"es_ES","og_type":"article","og_title":"Innovaci\u00f3n educativa - Departamento Ingenieria Mec\u00e1nica UPM","og_description":"La Universidad PolitAi??cnica de Madrid ha optado como lAi??nea central de actuaciA?n par la modernizaciA?n docente, por la promociA?n, y posterior reconocimiento de ai???Grupos de InnovaciA?n Educativaai???, lo cual constituye una apuesta original en el actual panorama universitario. EstA?n constituidos por grupos estables de profesores y tAi??cnicos cualifiacdos de laboratorio que estA?n involucrados en el lanzamiento y desarrollo de iniciativas innovadoras que buscan la mejora continua de la calidad docente.","og_url":"http:\/\/dimec.etsii.upm.es\/index.php\/unidades-docentes-2\/","og_site_name":"Departamento Ingenieria Mec\u00e1nica UPM","article_modified_time":"2022-03-14T17:54:16+00:00","twitter_card":"summary_large_image","twitter_misc":{"Tiempo de lectura":"1 minuto"},"schema":{"@context":"https:\/\/schema.org","@graph":[{"@type":"WebPage","@id":"http:\/\/dimec.etsii.upm.es\/index.php\/unidades-docentes-2\/","url":"http:\/\/dimec.etsii.upm.es\/index.php\/unidades-docentes-2\/","name":"Innovaci\u00f3n educativa - Departamento Ingenieria Mec\u00e1nica UPM","isPartOf":{"@id":"https:\/\/dimec.etsii.upm.es\/#website"},"datePublished":"2016-04-14T08:28:26+00:00","dateModified":"2022-03-14T17:54:16+00:00","description":"La Universidad PolitAi??cnica de Madrid ha optado como lAi??nea central de actuaciA?n par la modernizaciA?n docente, por la promociA?n, y posterior reconocimiento de ai???Grupos de InnovaciA?n Educativaai???, lo cual constituye una apuesta original en el actual panorama universitario. EstA?n constituidos por grupos estables de profesores y tAi??cnicos cualifiacdos de laboratorio que estA?n involucrados en el lanzamiento y desarrollo de iniciativas innovadoras que buscan la mejora continua de la calidad docente.","breadcrumb":{"@id":"http:\/\/dimec.etsii.upm.es\/index.php\/unidades-docentes-2\/#breadcrumb"},"inLanguage":"es","potentialAction":[{"@type":"ReadAction","target":["http:\/\/dimec.etsii.upm.es\/index.php\/unidades-docentes-2\/"]}]},{"@type":"BreadcrumbList","@id":"http:\/\/dimec.etsii.upm.es\/index.php\/unidades-docentes-2\/#breadcrumb","itemListElement":[{"@type":"ListItem","position":1,"name":"Portada","item":"https:\/\/dimec.etsii.upm.es\/"},{"@type":"ListItem","position":2,"name":"Innovaci\u00f3n educativa"}]},{"@type":"WebSite","@id":"https:\/\/dimec.etsii.upm.es\/#website","url":"https:\/\/dimec.etsii.upm.es\/","name":"Departamento Ingenieria Mec\u00e1nica UPM","description":"Universidad Polit\u00e9cnica de Madrid","publisher":{"@id":"https:\/\/dimec.etsii.upm.es\/#organization"},"potentialAction":[{"@type":"SearchAction","target":{"@type":"EntryPoint","urlTemplate":"https:\/\/dimec.etsii.upm.es\/?s={search_term_string}"},"query-input":"required name=search_term_string"}],"inLanguage":"es"},{"@type":"Organization","@id":"https:\/\/dimec.etsii.upm.es\/#organization","name":"Departamento Ingenieria Mec\u00e1nica UPM","url":"https:\/\/dimec.etsii.upm.es\/","logo":{"@type":"ImageObject","inLanguage":"es","@id":"https:\/\/dimec.etsii.upm.es\/#\/schema\/logo\/image\/","url":"https:\/\/dimec.etsii.upm.es\/wp-content\/uploads\/2016\/05\/cropped-dimec_logo.png","contentUrl":"https:\/\/dimec.etsii.upm.es\/wp-content\/uploads\/2016\/05\/cropped-dimec_logo.png","width":173,"height":90,"caption":"Departamento Ingenieria Mec\u00e1nica UPM"},"image":{"@id":"https:\/\/dimec.etsii.upm.es\/#\/schema\/logo\/image\/"}}]}},"_links":{"self":[{"href":"https:\/\/dimec.etsii.upm.es\/index.php\/wp-json\/wp\/v2\/pages\/63"}],"collection":[{"href":"https:\/\/dimec.etsii.upm.es\/index.php\/wp-json\/wp\/v2\/pages"}],"about":[{"href":"https:\/\/dimec.etsii.upm.es\/index.php\/wp-json\/wp\/v2\/types\/page"}],"author":[{"embeddable":true,"href":"https:\/\/dimec.etsii.upm.es\/index.php\/wp-json\/wp\/v2\/users\/1"}],"replies":[{"embeddable":true,"href":"https:\/\/dimec.etsii.upm.es\/index.php\/wp-json\/wp\/v2\/comments?post=63"}],"version-history":[{"count":5,"href":"https:\/\/dimec.etsii.upm.es\/index.php\/wp-json\/wp\/v2\/pages\/63\/revisions"}],"predecessor-version":[{"id":20024,"href":"https:\/\/dimec.etsii.upm.es\/index.php\/wp-json\/wp\/v2\/pages\/63\/revisions\/20024"}],"wp:attachment":[{"href":"https:\/\/dimec.etsii.upm.es\/index.php\/wp-json\/wp\/v2\/media?parent=63"}],"curies":[{"name":"wp","href":"https:\/\/api.w.org\/{rel}","templated":true}]}}