{"id":37,"date":"2016-04-14T08:07:41","date_gmt":"2016-04-14T08:07:41","guid":{"rendered":"http:\/\/dimec.etsii.upm.es\/?page_id=37"},"modified":"2022-03-14T20:15:56","modified_gmt":"2022-03-14T18:15:56","slug":"unidades-id","status":"publish","type":"page","link":"https:\/\/dimec.etsii.upm.es\/index.php\/unidades-id\/","title":{"rendered":"Unidades I+D"},"content":{"rendered":"<p>El departamento engloba personal de diferentes Centros , Institutos y Grupos de Investigaci\u00f3n reconocidos por la UPM por la excelencia de su trabajo. Cuentan con docentes, investigadores, personal t\u00e9cnico y laboratorios para el desarrollo de sus l\u00edneas especificas de investigaci\u00f3n.<\/p>\n<p>Las unidades de investigaci\u00f3n se apoyan en proyectos I+D de convocatorias p\u00fablicas proyectos internacionales (Horizon 2020, ESA), proyectos nacionales (Ministerio de Econom\u00eda y Competitividad, Ministerio de Ciencia e Innovaci\u00f3n, Ministerio del Interior, Ministerio de Defensa, CDTI, \u2026) y proyectos regionales de la Comunidad Aut\u00f3noma de Madrid.<\/p>\n<p>En paralelo, las unidades del departamento despliegan una intensa actividad I+D en colaboraci\u00f3n con la industria. En los \u00faltimos a\u00f1os se ha colaborado con empresas como Airbus, Repsol, Talgo, Bosch, Nokia, entre otras.<\/p>\n<p>En la actualidad, los <strong>Grupos de Investigaci\u00f3n<\/strong> adscritos al departamento y reconocidos por la UPM son:<\/p>\n<ul>\n<li><a href=\"https:\/\/insia-upm.es\/\" target=\"_blank\" rel=\"noopener\">Seguridad e Impacto Medioambiental de Veh\u00edculos y Transportes (GIVET)<\/a><\/li>\n<li><a href=\"http:\/\/fabricacion.industriales.upm.es\/\" target=\"_blank\" rel=\"noopener\">Ingenier\u00eda de Fabricaci\u00f3n<\/a><\/li>\n<li><a href=\"http:\/\/www.dim.etsii.upm.es\/\" target=\"_blank\" rel=\"noopener\">Ingenier\u00eda de M\u00e1quinas<\/a><\/li>\n<li><a href=\"http:\/\/www.upm.es\/observatorio\/vi\/index.jsp?pageac=grupo.jsp&amp;idGrupo=225\" target=\"_blank\" rel=\"noopener\">Ingenier\u00eda S\u00edsmica: Din\u00e1mica de Suelos y Estructuras<\/a><\/li>\n<li><a href=\"http:\/\/www.i2a2.upm.es\/\" target=\"_blank\" rel=\"noopener\">Instrumentaci\u00f3n y Ac\u00fastica Aplicada<\/a><\/li>\n<li><a href=\"http:\/\/simula.industriales.upm.es\/\" target=\"_blank\" rel=\"noopener\">Modelado y Simulaci\u00f3n en Ingenier\u00eda Mec\u00e1nica<\/a><\/li>\n<\/ul>\n<p>&nbsp;<\/p>\n<figure id=\"attachment_19931\" aria-describedby=\"caption-attachment-19931\" style=\"width: 847px\" class=\"wp-caption aligncenter\"><img loading=\"lazy\" decoding=\"async\" class=\"wp-image-19931 size-large\" src=\"http:\/\/dimec.etsii.upm.es\/wp-content\/uploads\/2022\/03\/INSIA-1024x472.jpg\" alt=\"\" width=\"847\" height=\"390\" srcset=\"https:\/\/dimec.etsii.upm.es\/wp-content\/uploads\/2022\/03\/INSIA-1024x472.jpg 1024w, https:\/\/dimec.etsii.upm.es\/wp-content\/uploads\/2022\/03\/INSIA-300x138.jpg 300w, https:\/\/dimec.etsii.upm.es\/wp-content\/uploads\/2022\/03\/INSIA-768x354.jpg 768w, https:\/\/dimec.etsii.upm.es\/wp-content\/uploads\/2022\/03\/INSIA-1536x707.jpg 1536w, https:\/\/dimec.etsii.upm.es\/wp-content\/uploads\/2022\/03\/INSIA-360x166.jpg 360w, https:\/\/dimec.etsii.upm.es\/wp-content\/uploads\/2022\/03\/INSIA.jpg 1826w\" sizes=\"(max-width: 847px) 100vw, 847px\" \/><figcaption id=\"caption-attachment-19931\" class=\"wp-caption-text\"><a href=\"https:\/\/insia-upm.es\/\" target=\"_blank\" rel=\"noopener\">Seguridad e Impacto Medioambiental de Veh\u00edculos y Transportes (GIVET)<\/a><\/figcaption><\/figure>\n<p>&nbsp;<\/p>\n<p><img loading=\"lazy\" decoding=\"async\" class=\"wp-image-19930 size-large aligncenter\" src=\"http:\/\/dimec.etsii.upm.es\/wp-content\/uploads\/2022\/03\/Fab-1024x498.jpg\" alt=\"\" width=\"847\" height=\"412\" srcset=\"https:\/\/dimec.etsii.upm.es\/wp-content\/uploads\/2022\/03\/Fab-1024x498.jpg 1024w, https:\/\/dimec.etsii.upm.es\/wp-content\/uploads\/2022\/03\/Fab-300x146.jpg 300w, https:\/\/dimec.etsii.upm.es\/wp-content\/uploads\/2022\/03\/Fab-768x373.jpg 768w, https:\/\/dimec.etsii.upm.es\/wp-content\/uploads\/2022\/03\/Fab-1536x746.jpg 1536w, https:\/\/dimec.etsii.upm.es\/wp-content\/uploads\/2022\/03\/Fab-360x175.jpg 360w, https:\/\/dimec.etsii.upm.es\/wp-content\/uploads\/2022\/03\/Fab.jpg 1891w\" sizes=\"(max-width: 847px) 100vw, 847px\" \/><\/p>\n<p style=\"text-align: center;\"><a href=\"http:\/\/fabricacion.industriales.upm.es\/\" target=\"_blank\" rel=\"noopener\">Ingenier\u00eda de Fabricaci\u00f3n.<\/a><\/p>\n<p>&nbsp;<\/p>\n<p>&nbsp;<\/p>\n<figure id=\"attachment_19932\" aria-describedby=\"caption-attachment-19932\" style=\"width: 847px\" class=\"wp-caption aligncenter\"><img loading=\"lazy\" decoding=\"async\" class=\"wp-image-19932 size-large\" src=\"http:\/\/dimec.etsii.upm.es\/wp-content\/uploads\/2022\/03\/Maquinas-1024x526.jpg\" alt=\"\" width=\"847\" height=\"435\" srcset=\"https:\/\/dimec.etsii.upm.es\/wp-content\/uploads\/2022\/03\/Maquinas-1024x526.jpg 1024w, https:\/\/dimec.etsii.upm.es\/wp-content\/uploads\/2022\/03\/Maquinas-300x154.jpg 300w, https:\/\/dimec.etsii.upm.es\/wp-content\/uploads\/2022\/03\/Maquinas-768x395.jpg 768w, https:\/\/dimec.etsii.upm.es\/wp-content\/uploads\/2022\/03\/Maquinas-1536x790.jpg 1536w, https:\/\/dimec.etsii.upm.es\/wp-content\/uploads\/2022\/03\/Maquinas-360x185.jpg 360w, https:\/\/dimec.etsii.upm.es\/wp-content\/uploads\/2022\/03\/Maquinas.jpg 1848w\" sizes=\"(max-width: 847px) 100vw, 847px\" \/><figcaption id=\"caption-attachment-19932\" class=\"wp-caption-text\"><a href=\"http:\/\/www.dim.etsii.upm.es\/\" target=\"_blank\" rel=\"noopener\">Ingenier\u00eda de M\u00e1quinas<\/a><\/figcaption><\/figure>\n<p>&nbsp;<\/p>\n<p><img loading=\"lazy\" decoding=\"async\" class=\"aligncenter wp-image-19934 size-large\" src=\"http:\/\/dimec.etsii.upm.es\/wp-content\/uploads\/2022\/03\/sismica-1024x518.jpg\" alt=\"\" width=\"847\" height=\"428\" srcset=\"https:\/\/dimec.etsii.upm.es\/wp-content\/uploads\/2022\/03\/sismica-1024x518.jpg 1024w, https:\/\/dimec.etsii.upm.es\/wp-content\/uploads\/2022\/03\/sismica-300x152.jpg 300w, https:\/\/dimec.etsii.upm.es\/wp-content\/uploads\/2022\/03\/sismica-768x388.jpg 768w, https:\/\/dimec.etsii.upm.es\/wp-content\/uploads\/2022\/03\/sismica-1536x777.jpg 1536w, https:\/\/dimec.etsii.upm.es\/wp-content\/uploads\/2022\/03\/sismica-360x182.jpg 360w, https:\/\/dimec.etsii.upm.es\/wp-content\/uploads\/2022\/03\/sismica.jpg 1884w\" sizes=\"(max-width: 847px) 100vw, 847px\" \/><\/p>\n<p style=\"text-align: center;\"><a href=\"http:\/\/www.i2a2.upm.es\/\" target=\"_blank\" rel=\"noopener\">Instrumentaci\u00f3n y Ac\u00fastica Aplicada<\/a><\/p>\n<figure id=\"attachment_19929\" aria-describedby=\"caption-attachment-19929\" style=\"width: 847px\" class=\"wp-caption aligncenter\"><img loading=\"lazy\" decoding=\"async\" class=\"wp-image-19929 size-large\" src=\"http:\/\/dimec.etsii.upm.es\/wp-content\/uploads\/2022\/03\/Acustica-1024x510.jpg\" alt=\"\" width=\"847\" height=\"422\" srcset=\"https:\/\/dimec.etsii.upm.es\/wp-content\/uploads\/2022\/03\/Acustica-1024x510.jpg 1024w, https:\/\/dimec.etsii.upm.es\/wp-content\/uploads\/2022\/03\/Acustica-300x149.jpg 300w, https:\/\/dimec.etsii.upm.es\/wp-content\/uploads\/2022\/03\/Acustica-768x382.jpg 768w, https:\/\/dimec.etsii.upm.es\/wp-content\/uploads\/2022\/03\/Acustica-1536x764.jpg 1536w, https:\/\/dimec.etsii.upm.es\/wp-content\/uploads\/2022\/03\/Acustica-360x179.jpg 360w, https:\/\/dimec.etsii.upm.es\/wp-content\/uploads\/2022\/03\/Acustica.jpg 1885w\" sizes=\"(max-width: 847px) 100vw, 847px\" \/><figcaption id=\"caption-attachment-19929\" class=\"wp-caption-text\"><a href=\"http:\/\/www.i2a2.upm.es\/\" target=\"_blank\" rel=\"noopener\">Instrumentaci\u00f3n y Ac\u00fastica Aplicada<\/a><\/figcaption><\/figure>\n<p>&nbsp;<\/p>\n<p><img loading=\"lazy\" decoding=\"async\" class=\"aligncenter wp-image-19953 size-large\" src=\"http:\/\/dimec.etsii.upm.es\/wp-content\/uploads\/2022\/03\/Modelado-1-1024x548.jpg\" alt=\"\" width=\"847\" height=\"453\" srcset=\"https:\/\/dimec.etsii.upm.es\/wp-content\/uploads\/2022\/03\/Modelado-1-1024x548.jpg 1024w, https:\/\/dimec.etsii.upm.es\/wp-content\/uploads\/2022\/03\/Modelado-1-300x161.jpg 300w, https:\/\/dimec.etsii.upm.es\/wp-content\/uploads\/2022\/03\/Modelado-1-768x411.jpg 768w, https:\/\/dimec.etsii.upm.es\/wp-content\/uploads\/2022\/03\/Modelado-1-1536x822.jpg 1536w, https:\/\/dimec.etsii.upm.es\/wp-content\/uploads\/2022\/03\/Modelado-1-360x193.jpg 360w, https:\/\/dimec.etsii.upm.es\/wp-content\/uploads\/2022\/03\/Modelado-1.jpg 1887w\" sizes=\"(max-width: 847px) 100vw, 847px\" \/><\/p>\n<p>&nbsp;<\/p>\n<p style=\"text-align: center;\"><a href=\"http:\/\/simula.industriales.upm.es\/\" target=\"_blank\" rel=\"noopener\">Modelado y Simulaci\u00f3n en Ingenier\u00eda Mec\u00e1nica<\/a><\/p>\n","protected":false},"excerpt":{"rendered":"<p>El departamento engloba personal de diferentes Centros , Institutos y Grupos de Investigaci\u00f3n reconocidos por la UPM por la excelencia de su trabajo. Cuentan con docentes, investigadores, personal t\u00e9cnico y laboratorios para el desarrollo de sus l\u00edneas especificas de investigaci\u00f3n. <a href=\"https:\/\/dimec.etsii.upm.es\/index.php\/unidades-id\/\" class=\"read-more\">Leer m\u00e1s&#8230;<\/a><\/p>\n","protected":false},"author":1,"featured_media":0,"parent":0,"menu_order":0,"comment_status":"closed","ping_status":"closed","template":"","meta":{"footnotes":""},"yoast_head":"<!-- This site is optimized with the Yoast SEO plugin v21.8.1 - https:\/\/yoast.com\/wordpress\/plugins\/seo\/ -->\n<title>Unidades I+D - Departamento Ingenieria Mec\u00e1nica UPM<\/title>\n<meta name=\"description\" content=\"InformaciA?n sobre las unidades de investiacion y desarrollo del departamento de ingenierAi??a mecA?nica de la universidad politAi??cnica de Madrid\" \/>\n<meta name=\"robots\" content=\"index, follow, max-snippet:-1, max-image-preview:large, max-video-preview:-1\" \/>\n<link rel=\"canonical\" href=\"https:\/\/dimec.etsii.upm.es\/index.php\/unidades-id\/\" \/>\n<meta property=\"og:locale\" content=\"es_ES\" \/>\n<meta property=\"og:type\" content=\"article\" \/>\n<meta property=\"og:title\" content=\"Unidades I+D - Departamento Ingenieria Mec\u00e1nica UPM\" \/>\n<meta property=\"og:description\" content=\"InformaciA?n sobre las unidades de investiacion y desarrollo del departamento de ingenierAi??a mecA?nica de la universidad politAi??cnica de Madrid\" \/>\n<meta property=\"og:url\" content=\"https:\/\/dimec.etsii.upm.es\/index.php\/unidades-id\/\" \/>\n<meta property=\"og:site_name\" content=\"Departamento Ingenieria Mec\u00e1nica UPM\" \/>\n<meta property=\"article:modified_time\" content=\"2022-03-14T18:15:56+00:00\" \/>\n<meta property=\"og:image\" content=\"http:\/\/dimec.etsii.upm.es\/wp-content\/uploads\/2022\/03\/INSIA-1024x472.jpg\" \/>\n<meta name=\"twitter:card\" content=\"summary_large_image\" \/>\n<meta name=\"twitter:label1\" content=\"Tiempo de lectura\" \/>\n\t<meta name=\"twitter:data1\" content=\"1 minuto\" \/>\n<script type=\"application\/ld+json\" class=\"yoast-schema-graph\">{\"@context\":\"https:\/\/schema.org\",\"@graph\":[{\"@type\":\"WebPage\",\"@id\":\"https:\/\/dimec.etsii.upm.es\/index.php\/unidades-id\/\",\"url\":\"https:\/\/dimec.etsii.upm.es\/index.php\/unidades-id\/\",\"name\":\"Unidades I+D - Departamento Ingenieria Mec\u00e1nica UPM\",\"isPartOf\":{\"@id\":\"https:\/\/dimec.etsii.upm.es\/#website\"},\"datePublished\":\"2016-04-14T08:07:41+00:00\",\"dateModified\":\"2022-03-14T18:15:56+00:00\",\"description\":\"InformaciA?n sobre las unidades de investiacion y desarrollo del departamento de ingenierAi??a mecA?nica de la universidad politAi??cnica de Madrid\",\"breadcrumb\":{\"@id\":\"https:\/\/dimec.etsii.upm.es\/index.php\/unidades-id\/#breadcrumb\"},\"inLanguage\":\"es\",\"potentialAction\":[{\"@type\":\"ReadAction\",\"target\":[\"https:\/\/dimec.etsii.upm.es\/index.php\/unidades-id\/\"]}]},{\"@type\":\"BreadcrumbList\",\"@id\":\"https:\/\/dimec.etsii.upm.es\/index.php\/unidades-id\/#breadcrumb\",\"itemListElement\":[{\"@type\":\"ListItem\",\"position\":1,\"name\":\"Portada\",\"item\":\"https:\/\/dimec.etsii.upm.es\/\"},{\"@type\":\"ListItem\",\"position\":2,\"name\":\"Unidades I+D\"}]},{\"@type\":\"WebSite\",\"@id\":\"https:\/\/dimec.etsii.upm.es\/#website\",\"url\":\"https:\/\/dimec.etsii.upm.es\/\",\"name\":\"Departamento Ingenieria Mec\u00e1nica UPM\",\"description\":\"Universidad Polit\u00e9cnica de Madrid\",\"publisher\":{\"@id\":\"https:\/\/dimec.etsii.upm.es\/#organization\"},\"potentialAction\":[{\"@type\":\"SearchAction\",\"target\":{\"@type\":\"EntryPoint\",\"urlTemplate\":\"https:\/\/dimec.etsii.upm.es\/?s={search_term_string}\"},\"query-input\":\"required name=search_term_string\"}],\"inLanguage\":\"es\"},{\"@type\":\"Organization\",\"@id\":\"https:\/\/dimec.etsii.upm.es\/#organization\",\"name\":\"Departamento Ingenieria Mec\u00e1nica UPM\",\"url\":\"https:\/\/dimec.etsii.upm.es\/\",\"logo\":{\"@type\":\"ImageObject\",\"inLanguage\":\"es\",\"@id\":\"https:\/\/dimec.etsii.upm.es\/#\/schema\/logo\/image\/\",\"url\":\"https:\/\/dimec.etsii.upm.es\/wp-content\/uploads\/2016\/05\/cropped-dimec_logo.png\",\"contentUrl\":\"https:\/\/dimec.etsii.upm.es\/wp-content\/uploads\/2016\/05\/cropped-dimec_logo.png\",\"width\":173,\"height\":90,\"caption\":\"Departamento Ingenieria Mec\u00e1nica UPM\"},\"image\":{\"@id\":\"https:\/\/dimec.etsii.upm.es\/#\/schema\/logo\/image\/\"}}]}<\/script>\n<!-- \/ Yoast SEO plugin. -->","yoast_head_json":{"title":"Unidades I+D - Departamento Ingenieria Mec\u00e1nica UPM","description":"InformaciA?n sobre las unidades de investiacion y desarrollo del departamento de ingenierAi??a mecA?nica de la universidad politAi??cnica de Madrid","robots":{"index":"index","follow":"follow","max-snippet":"max-snippet:-1","max-image-preview":"max-image-preview:large","max-video-preview":"max-video-preview:-1"},"canonical":"https:\/\/dimec.etsii.upm.es\/index.php\/unidades-id\/","og_locale":"es_ES","og_type":"article","og_title":"Unidades I+D - Departamento Ingenieria Mec\u00e1nica UPM","og_description":"InformaciA?n sobre las unidades de investiacion y desarrollo del departamento de ingenierAi??a mecA?nica de la universidad politAi??cnica de Madrid","og_url":"https:\/\/dimec.etsii.upm.es\/index.php\/unidades-id\/","og_site_name":"Departamento Ingenieria Mec\u00e1nica UPM","article_modified_time":"2022-03-14T18:15:56+00:00","og_image":[{"url":"http:\/\/dimec.etsii.upm.es\/wp-content\/uploads\/2022\/03\/INSIA-1024x472.jpg"}],"twitter_card":"summary_large_image","twitter_misc":{"Tiempo de lectura":"1 minuto"},"schema":{"@context":"https:\/\/schema.org","@graph":[{"@type":"WebPage","@id":"https:\/\/dimec.etsii.upm.es\/index.php\/unidades-id\/","url":"https:\/\/dimec.etsii.upm.es\/index.php\/unidades-id\/","name":"Unidades I+D - Departamento Ingenieria Mec\u00e1nica UPM","isPartOf":{"@id":"https:\/\/dimec.etsii.upm.es\/#website"},"datePublished":"2016-04-14T08:07:41+00:00","dateModified":"2022-03-14T18:15:56+00:00","description":"InformaciA?n sobre las unidades de investiacion y desarrollo del departamento de ingenierAi??a mecA?nica de la universidad politAi??cnica de Madrid","breadcrumb":{"@id":"https:\/\/dimec.etsii.upm.es\/index.php\/unidades-id\/#breadcrumb"},"inLanguage":"es","potentialAction":[{"@type":"ReadAction","target":["https:\/\/dimec.etsii.upm.es\/index.php\/unidades-id\/"]}]},{"@type":"BreadcrumbList","@id":"https:\/\/dimec.etsii.upm.es\/index.php\/unidades-id\/#breadcrumb","itemListElement":[{"@type":"ListItem","position":1,"name":"Portada","item":"https:\/\/dimec.etsii.upm.es\/"},{"@type":"ListItem","position":2,"name":"Unidades I+D"}]},{"@type":"WebSite","@id":"https:\/\/dimec.etsii.upm.es\/#website","url":"https:\/\/dimec.etsii.upm.es\/","name":"Departamento Ingenieria Mec\u00e1nica UPM","description":"Universidad Polit\u00e9cnica de Madrid","publisher":{"@id":"https:\/\/dimec.etsii.upm.es\/#organization"},"potentialAction":[{"@type":"SearchAction","target":{"@type":"EntryPoint","urlTemplate":"https:\/\/dimec.etsii.upm.es\/?s={search_term_string}"},"query-input":"required name=search_term_string"}],"inLanguage":"es"},{"@type":"Organization","@id":"https:\/\/dimec.etsii.upm.es\/#organization","name":"Departamento Ingenieria Mec\u00e1nica UPM","url":"https:\/\/dimec.etsii.upm.es\/","logo":{"@type":"ImageObject","inLanguage":"es","@id":"https:\/\/dimec.etsii.upm.es\/#\/schema\/logo\/image\/","url":"https:\/\/dimec.etsii.upm.es\/wp-content\/uploads\/2016\/05\/cropped-dimec_logo.png","contentUrl":"https:\/\/dimec.etsii.upm.es\/wp-content\/uploads\/2016\/05\/cropped-dimec_logo.png","width":173,"height":90,"caption":"Departamento Ingenieria Mec\u00e1nica UPM"},"image":{"@id":"https:\/\/dimec.etsii.upm.es\/#\/schema\/logo\/image\/"}}]}},"_links":{"self":[{"href":"https:\/\/dimec.etsii.upm.es\/index.php\/wp-json\/wp\/v2\/pages\/37"}],"collection":[{"href":"https:\/\/dimec.etsii.upm.es\/index.php\/wp-json\/wp\/v2\/pages"}],"about":[{"href":"https:\/\/dimec.etsii.upm.es\/index.php\/wp-json\/wp\/v2\/types\/page"}],"author":[{"embeddable":true,"href":"https:\/\/dimec.etsii.upm.es\/index.php\/wp-json\/wp\/v2\/users\/1"}],"replies":[{"embeddable":true,"href":"https:\/\/dimec.etsii.upm.es\/index.php\/wp-json\/wp\/v2\/comments?post=37"}],"version-history":[{"count":16,"href":"https:\/\/dimec.etsii.upm.es\/index.php\/wp-json\/wp\/v2\/pages\/37\/revisions"}],"predecessor-version":[{"id":20029,"href":"https:\/\/dimec.etsii.upm.es\/index.php\/wp-json\/wp\/v2\/pages\/37\/revisions\/20029"}],"wp:attachment":[{"href":"https:\/\/dimec.etsii.upm.es\/index.php\/wp-json\/wp\/v2\/media?parent=37"}],"curies":[{"name":"wp","href":"https:\/\/api.w.org\/{rel}","templated":true}]}}