{"id":23,"date":"2016-04-14T07:50:52","date_gmt":"2016-04-14T07:50:52","guid":{"rendered":"http:\/\/dimec.etsii.upm.es\/?page_id=23"},"modified":"2022-03-11T21:20:45","modified_gmt":"2022-03-11T19:20:45","slug":"informacion-general","status":"publish","type":"page","link":"https:\/\/dimec.etsii.upm.es\/","title":{"rendered":"Informaci\u00f3n General"},"content":{"rendered":"<p>El <strong>Departamento de Ingenier\u00eda Mec\u00e1nica<\/strong> est\u00e1 integrado en la <strong>ETS Ingenieros Industriales<\/strong> de la <strong>Universidad Polit\u00e9cnica de Madrid (UPM)<\/strong>. Su larga trayectoria docente e investigadora lo convierte en unos de los departamentos espa\u00f1oles de referencia en su \u00e1rea.<\/p>\n<p>Engloba las \u00e1reas de conocimiento de Ingenier\u00eda Mec\u00e1nica, Ingenier\u00eda de los Procesos de Fabricaci\u00f3n,\u00a0 Expresi\u00f3n Gr\u00e1fica en la Ingenier\u00eda, Ac\u00fastica,\u00a0 Ingenier\u00eda de Transportes y Veh\u00edculos, Mec\u00e1nica Computacional, Ingenier\u00eda S\u00edsmica y Biomec\u00e1nica-Biomateriales.<\/p>\n<p>El departamento est\u00e1 integrado por ochenta personas entre profesores y personal especializado de laboratorio. A este equipo hay que a\u00f1adir numerosos investigadores y alumnos colaboradores. Realiza una intensa actividad en proyectos de investigaci\u00f3n e innovaci\u00f3n educativa. Colabora intensivamente con empresas y otros departamentos universitarios de referencia nacional e internacional.<\/p>\n<p>Los resultados del \u00e1rea de Ingenier\u00eda Mecanica le ha permitido situarla entre las primeras 50 TOP Universidades del mundo seg\u00fan el Ranking Internacional QS en sus \u00faltimas edici\u00f3nes de 2019 y 2020, situandose como la primera universidad espa\u00f1ola en este \u00e1rea.<\/p>\n<p><img loading=\"lazy\" decoding=\"async\" class=\"size-medium wp-image-19834 aligncenter\" src=\"http:\/\/dimec.etsii.upm.es\/wp-content\/uploads\/2019\/05\/QS-300x180.jpg\" alt=\"\" width=\"300\" height=\"180\" srcset=\"https:\/\/dimec.etsii.upm.es\/wp-content\/uploads\/2019\/05\/QS-300x180.jpg 300w, https:\/\/dimec.etsii.upm.es\/wp-content\/uploads\/2019\/05\/QS-768x461.jpg 768w, https:\/\/dimec.etsii.upm.es\/wp-content\/uploads\/2019\/05\/QS-360x216.jpg 360w, https:\/\/dimec.etsii.upm.es\/wp-content\/uploads\/2019\/05\/QS.jpg 1000w\" sizes=\"(max-width: 300px) 100vw, 300px\" \/><\/p>\n<p>En esta p\u00e1gina web encontrar\u00e1 informaci\u00f3n detallada sobre el departamento, su organizaci\u00f3n, titulaciones impartidas y actividades de I+D.<\/p>\n<p>&nbsp;<\/p>\n","protected":false},"excerpt":{"rendered":"<p>El Departamento de Ingenier\u00eda Mec\u00e1nica est\u00e1 integrado en la ETS Ingenieros Industriales de la Universidad Polit\u00e9cnica de Madrid (UPM). Su larga trayectoria docente e investigadora lo convierte en unos de los departamentos espa\u00f1oles de referencia en su \u00e1rea. Engloba las <a href=\"https:\/\/dimec.etsii.upm.es\/\" class=\"read-more\">Leer m\u00e1s&#8230;<\/a><\/p>\n","protected":false},"author":1,"featured_media":0,"parent":0,"menu_order":0,"comment_status":"closed","ping_status":"closed","template":"","meta":{"footnotes":""},"yoast_head":"<!-- This site is optimized with the Yoast SEO plugin v21.8.1 - https:\/\/yoast.com\/wordpress\/plugins\/seo\/ -->\n<title>Informaci\u00f3n General - Departamento Ingenieria Mec\u00e1nica UPM<\/title>\n<meta name=\"description\" content=\"Informaci\u00f3n del departamento de ingenier\u00eda mec\u00e1nica de la universidad polit\u00e9cnica de Madrid\" \/>\n<meta name=\"robots\" content=\"index, follow, max-snippet:-1, max-image-preview:large, max-video-preview:-1\" \/>\n<link rel=\"canonical\" href=\"https:\/\/dimec.etsii.upm.es\/\" \/>\n<meta property=\"og:locale\" content=\"es_ES\" \/>\n<meta property=\"og:type\" content=\"article\" \/>\n<meta property=\"og:title\" content=\"Informaci\u00f3n General - Departamento Ingenieria Mec\u00e1nica UPM\" \/>\n<meta property=\"og:description\" content=\"Informaci\u00f3n del departamento de ingenier\u00eda mec\u00e1nica de la universidad polit\u00e9cnica de Madrid\" \/>\n<meta property=\"og:url\" content=\"https:\/\/dimec.etsii.upm.es\/\" \/>\n<meta property=\"og:site_name\" content=\"Departamento Ingenieria Mec\u00e1nica UPM\" \/>\n<meta property=\"article:modified_time\" content=\"2022-03-11T19:20:45+00:00\" \/>\n<meta property=\"og:image\" content=\"http:\/\/dimec.etsii.upm.es\/wp-content\/uploads\/2019\/05\/QS-300x180.jpg\" \/>\n<meta name=\"twitter:card\" content=\"summary_large_image\" \/>\n<meta name=\"twitter:label1\" content=\"Tiempo de lectura\" \/>\n\t<meta name=\"twitter:data1\" content=\"1 minuto\" \/>\n<script type=\"application\/ld+json\" class=\"yoast-schema-graph\">{\"@context\":\"https:\/\/schema.org\",\"@graph\":[{\"@type\":\"WebPage\",\"@id\":\"https:\/\/dimec.etsii.upm.es\/\",\"url\":\"https:\/\/dimec.etsii.upm.es\/\",\"name\":\"Informaci\u00f3n General - Departamento Ingenieria Mec\u00e1nica UPM\",\"isPartOf\":{\"@id\":\"https:\/\/dimec.etsii.upm.es\/#website\"},\"datePublished\":\"2016-04-14T07:50:52+00:00\",\"dateModified\":\"2022-03-11T19:20:45+00:00\",\"description\":\"Informaci\u00f3n del departamento de ingenier\u00eda mec\u00e1nica de la universidad polit\u00e9cnica de Madrid\",\"breadcrumb\":{\"@id\":\"https:\/\/dimec.etsii.upm.es\/#breadcrumb\"},\"inLanguage\":\"es\",\"potentialAction\":[{\"@type\":\"ReadAction\",\"target\":[\"https:\/\/dimec.etsii.upm.es\/\"]}]},{\"@type\":\"BreadcrumbList\",\"@id\":\"https:\/\/dimec.etsii.upm.es\/#breadcrumb\",\"itemListElement\":[{\"@type\":\"ListItem\",\"position\":1,\"name\":\"Portada\",\"item\":\"https:\/\/dimec.etsii.upm.es\/\"},{\"@type\":\"ListItem\",\"position\":2,\"name\":\"Informaci\u00f3n General\"}]},{\"@type\":\"WebSite\",\"@id\":\"https:\/\/dimec.etsii.upm.es\/#website\",\"url\":\"https:\/\/dimec.etsii.upm.es\/\",\"name\":\"Departamento Ingenieria Mec\u00e1nica UPM\",\"description\":\"Universidad Polit\u00e9cnica de Madrid\",\"publisher\":{\"@id\":\"https:\/\/dimec.etsii.upm.es\/#organization\"},\"potentialAction\":[{\"@type\":\"SearchAction\",\"target\":{\"@type\":\"EntryPoint\",\"urlTemplate\":\"https:\/\/dimec.etsii.upm.es\/?s={search_term_string}\"},\"query-input\":\"required name=search_term_string\"}],\"inLanguage\":\"es\"},{\"@type\":\"Organization\",\"@id\":\"https:\/\/dimec.etsii.upm.es\/#organization\",\"name\":\"Departamento Ingenieria Mec\u00e1nica UPM\",\"url\":\"https:\/\/dimec.etsii.upm.es\/\",\"logo\":{\"@type\":\"ImageObject\",\"inLanguage\":\"es\",\"@id\":\"https:\/\/dimec.etsii.upm.es\/#\/schema\/logo\/image\/\",\"url\":\"https:\/\/dimec.etsii.upm.es\/wp-content\/uploads\/2016\/05\/cropped-dimec_logo.png\",\"contentUrl\":\"https:\/\/dimec.etsii.upm.es\/wp-content\/uploads\/2016\/05\/cropped-dimec_logo.png\",\"width\":173,\"height\":90,\"caption\":\"Departamento Ingenieria Mec\u00e1nica UPM\"},\"image\":{\"@id\":\"https:\/\/dimec.etsii.upm.es\/#\/schema\/logo\/image\/\"}}]}<\/script>\n<!-- \/ Yoast SEO plugin. -->","yoast_head_json":{"title":"Informaci\u00f3n General - Departamento Ingenieria Mec\u00e1nica UPM","description":"Informaci\u00f3n del departamento de ingenier\u00eda mec\u00e1nica de la universidad polit\u00e9cnica de Madrid","robots":{"index":"index","follow":"follow","max-snippet":"max-snippet:-1","max-image-preview":"max-image-preview:large","max-video-preview":"max-video-preview:-1"},"canonical":"https:\/\/dimec.etsii.upm.es\/","og_locale":"es_ES","og_type":"article","og_title":"Informaci\u00f3n General - Departamento Ingenieria Mec\u00e1nica UPM","og_description":"Informaci\u00f3n del departamento de ingenier\u00eda mec\u00e1nica de la universidad polit\u00e9cnica de Madrid","og_url":"https:\/\/dimec.etsii.upm.es\/","og_site_name":"Departamento Ingenieria Mec\u00e1nica UPM","article_modified_time":"2022-03-11T19:20:45+00:00","og_image":[{"url":"http:\/\/dimec.etsii.upm.es\/wp-content\/uploads\/2019\/05\/QS-300x180.jpg"}],"twitter_card":"summary_large_image","twitter_misc":{"Tiempo de lectura":"1 minuto"},"schema":{"@context":"https:\/\/schema.org","@graph":[{"@type":"WebPage","@id":"https:\/\/dimec.etsii.upm.es\/","url":"https:\/\/dimec.etsii.upm.es\/","name":"Informaci\u00f3n General - Departamento Ingenieria Mec\u00e1nica UPM","isPartOf":{"@id":"https:\/\/dimec.etsii.upm.es\/#website"},"datePublished":"2016-04-14T07:50:52+00:00","dateModified":"2022-03-11T19:20:45+00:00","description":"Informaci\u00f3n del departamento de ingenier\u00eda mec\u00e1nica de la universidad polit\u00e9cnica de Madrid","breadcrumb":{"@id":"https:\/\/dimec.etsii.upm.es\/#breadcrumb"},"inLanguage":"es","potentialAction":[{"@type":"ReadAction","target":["https:\/\/dimec.etsii.upm.es\/"]}]},{"@type":"BreadcrumbList","@id":"https:\/\/dimec.etsii.upm.es\/#breadcrumb","itemListElement":[{"@type":"ListItem","position":1,"name":"Portada","item":"https:\/\/dimec.etsii.upm.es\/"},{"@type":"ListItem","position":2,"name":"Informaci\u00f3n General"}]},{"@type":"WebSite","@id":"https:\/\/dimec.etsii.upm.es\/#website","url":"https:\/\/dimec.etsii.upm.es\/","name":"Departamento Ingenieria Mec\u00e1nica UPM","description":"Universidad Polit\u00e9cnica de Madrid","publisher":{"@id":"https:\/\/dimec.etsii.upm.es\/#organization"},"potentialAction":[{"@type":"SearchAction","target":{"@type":"EntryPoint","urlTemplate":"https:\/\/dimec.etsii.upm.es\/?s={search_term_string}"},"query-input":"required name=search_term_string"}],"inLanguage":"es"},{"@type":"Organization","@id":"https:\/\/dimec.etsii.upm.es\/#organization","name":"Departamento Ingenieria Mec\u00e1nica UPM","url":"https:\/\/dimec.etsii.upm.es\/","logo":{"@type":"ImageObject","inLanguage":"es","@id":"https:\/\/dimec.etsii.upm.es\/#\/schema\/logo\/image\/","url":"https:\/\/dimec.etsii.upm.es\/wp-content\/uploads\/2016\/05\/cropped-dimec_logo.png","contentUrl":"https:\/\/dimec.etsii.upm.es\/wp-content\/uploads\/2016\/05\/cropped-dimec_logo.png","width":173,"height":90,"caption":"Departamento Ingenieria Mec\u00e1nica UPM"},"image":{"@id":"https:\/\/dimec.etsii.upm.es\/#\/schema\/logo\/image\/"}}]}},"_links":{"self":[{"href":"https:\/\/dimec.etsii.upm.es\/index.php\/wp-json\/wp\/v2\/pages\/23"}],"collection":[{"href":"https:\/\/dimec.etsii.upm.es\/index.php\/wp-json\/wp\/v2\/pages"}],"about":[{"href":"https:\/\/dimec.etsii.upm.es\/index.php\/wp-json\/wp\/v2\/types\/page"}],"author":[{"embeddable":true,"href":"https:\/\/dimec.etsii.upm.es\/index.php\/wp-json\/wp\/v2\/users\/1"}],"replies":[{"embeddable":true,"href":"https:\/\/dimec.etsii.upm.es\/index.php\/wp-json\/wp\/v2\/comments?post=23"}],"version-history":[{"count":16,"href":"https:\/\/dimec.etsii.upm.es\/index.php\/wp-json\/wp\/v2\/pages\/23\/revisions"}],"predecessor-version":[{"id":20009,"href":"https:\/\/dimec.etsii.upm.es\/index.php\/wp-json\/wp\/v2\/pages\/23\/revisions\/20009"}],"wp:attachment":[{"href":"https:\/\/dimec.etsii.upm.es\/index.php\/wp-json\/wp\/v2\/media?parent=23"}],"curies":[{"name":"wp","href":"https:\/\/api.w.org\/{rel}","templated":true}]}}