{"id":55,"date":"2016-04-14T08:22:12","date_gmt":"2016-04-14T08:22:12","guid":{"rendered":"http:\/\/dimec.etsii.upm.es\/?page_id=55"},"modified":"2022-03-09T13:09:01","modified_gmt":"2022-03-09T11:09:01","slug":"grado","status":"publish","type":"page","link":"http:\/\/dimec.etsii.upm.es\/index.php\/grado\/","title":{"rendered":"Grado"},"content":{"rendered":"<p>En el curso acad\u00e9mico 2010\/2011 se comenzaron a impartir los nuevos t\u00edtulos de Grado seg\u00fan el Plan Bolonia. Cada t\u00edtulo de grado consta de 240 cr\u00e9ditos estructurado en <strong>cuatro cursos con 60 cr\u00e9ditos<\/strong> por curso. Estos cr\u00e9ditos est\u00e1n adaptados al <strong>ECTS<\/strong> (Sistema Europeo de Transferencia de Cr\u00e9ditos) facilitando la movilidad de los estudiantes entre los centros europeos y la incorporaci\u00f3n al mercado laboral tanto en el \u00e1mbito nacional como tambi\u00e9n en el europeo.<\/p>\n<p>El departamento ofrece\u00a0 un <strong>Grado en Ingenier\u00eda Mec\u00e1nica<\/strong>, a la que se ir\u00e1n sumando en el futuro nuevas titulaciones. A este Grado se puede acceder incorpor\u00e1ndose en la Escuela T\u00e9cnica Superior de Ingenieros Industriales por el Grado de Tecnolog\u00edas Industriales en el\u00a0primer\u00a0curso.<\/p>\n<p>La obtenci\u00f3n del Grado en Ingenier\u00eda Mec\u00e1nica posibilitar\u00e1 la continuaci\u00f3n de los estudios universitarios para la obtenci\u00f3n del <strong><a href=\"http:\/\/www.dimf.etsii.upm.es\/index.php?option=com_content&amp;view=article&amp;id=50&amp;Itemid=68\" target=\"_self\" rel=\"noopener\">M\u00e1ster en Ingenier\u00eda Mec\u00e1nica<\/a>. <\/strong>Estudiando complementos previos se podr\u00e1 acceder al<strong> M\u00e1ster de Ingenier\u00eda Industrial.<\/strong><\/p>\n<p><img loading=\"lazy\" decoding=\"async\" class=\"alignnone wp-image-56\" src=\"http:\/\/dimec.etsii.upm.es\/wp-content\/uploads\/2016\/04\/grados-300x118.jpg\" alt=\"grados\" width=\"730\" height=\"287\" srcset=\"http:\/\/dimec.etsii.upm.es\/wp-content\/uploads\/2016\/04\/grados-300x118.jpg 300w, http:\/\/dimec.etsii.upm.es\/wp-content\/uploads\/2016\/04\/grados.jpg 605w\" sizes=\"(max-width: 730px) 100vw, 730px\" \/><\/p>\n<p>&nbsp;<\/p>\n","protected":false},"excerpt":{"rendered":"<p>En el curso acad\u00e9mico 2010\/2011 se comenzaron a impartir los nuevos t\u00edtulos de Grado seg\u00fan el Plan Bolonia. Cada t\u00edtulo de grado consta de 240 cr\u00e9ditos estructurado en cuatro cursos con 60 cr\u00e9ditos por curso. Estos cr\u00e9ditos est\u00e1n adaptados al <a href=\"http:\/\/dimec.etsii.upm.es\/index.php\/grado\/\" class=\"read-more\">Leer m\u00e1s&#8230;<\/a><\/p>\n","protected":false},"author":1,"featured_media":0,"parent":0,"menu_order":0,"comment_status":"closed","ping_status":"closed","template":"","meta":{"footnotes":""},"yoast_head":"<!-- This site is optimized with the Yoast SEO plugin v21.8.1 - https:\/\/yoast.com\/wordpress\/plugins\/seo\/ -->\n<title>Grado - Departamento Ingenieria Mec\u00e1nica UPM<\/title>\n<meta name=\"description\" content=\"Cada tAi??tulo de grado consta de 240 crAi??ditos estructurado en cuatro cursos con 60 crAi??ditos por curso. Estos crAi??ditos estA?n adaptados al ECTS\" \/>\n<meta name=\"robots\" content=\"index, follow, max-snippet:-1, max-image-preview:large, max-video-preview:-1\" \/>\n<link rel=\"canonical\" href=\"https:\/\/dimec.etsii.upm.es\/index.php\/grado\/\" \/>\n<meta property=\"og:locale\" content=\"es_ES\" \/>\n<meta property=\"og:type\" content=\"article\" \/>\n<meta property=\"og:title\" content=\"Grado - Departamento Ingenieria Mec\u00e1nica UPM\" \/>\n<meta property=\"og:description\" content=\"Cada tAi??tulo de grado consta de 240 crAi??ditos estructurado en cuatro cursos con 60 crAi??ditos por curso. Estos crAi??ditos estA?n adaptados al ECTS\" \/>\n<meta property=\"og:url\" content=\"https:\/\/dimec.etsii.upm.es\/index.php\/grado\/\" \/>\n<meta property=\"og:site_name\" content=\"Departamento Ingenieria Mec\u00e1nica UPM\" \/>\n<meta property=\"article:modified_time\" content=\"2022-03-09T11:09:01+00:00\" \/>\n<meta property=\"og:image\" content=\"http:\/\/dimec.etsii.upm.es\/wp-content\/uploads\/2016\/04\/grados-300x118.jpg\" \/>\n<meta name=\"twitter:card\" content=\"summary_large_image\" \/>\n<meta name=\"twitter:label1\" content=\"Tiempo de lectura\" \/>\n\t<meta name=\"twitter:data1\" content=\"1 minuto\" \/>\n<script type=\"application\/ld+json\" class=\"yoast-schema-graph\">{\"@context\":\"https:\/\/schema.org\",\"@graph\":[{\"@type\":\"WebPage\",\"@id\":\"https:\/\/dimec.etsii.upm.es\/index.php\/grado\/\",\"url\":\"https:\/\/dimec.etsii.upm.es\/index.php\/grado\/\",\"name\":\"Grado - Departamento Ingenieria Mec\u00e1nica UPM\",\"isPartOf\":{\"@id\":\"https:\/\/dimec.etsii.upm.es\/#website\"},\"datePublished\":\"2016-04-14T08:22:12+00:00\",\"dateModified\":\"2022-03-09T11:09:01+00:00\",\"description\":\"Cada tAi??tulo de grado consta de 240 crAi??ditos estructurado en cuatro cursos con 60 crAi??ditos por curso. Estos crAi??ditos estA?n adaptados al ECTS\",\"breadcrumb\":{\"@id\":\"https:\/\/dimec.etsii.upm.es\/index.php\/grado\/#breadcrumb\"},\"inLanguage\":\"es\",\"potentialAction\":[{\"@type\":\"ReadAction\",\"target\":[\"https:\/\/dimec.etsii.upm.es\/index.php\/grado\/\"]}]},{\"@type\":\"BreadcrumbList\",\"@id\":\"https:\/\/dimec.etsii.upm.es\/index.php\/grado\/#breadcrumb\",\"itemListElement\":[{\"@type\":\"ListItem\",\"position\":1,\"name\":\"Portada\",\"item\":\"https:\/\/dimec.etsii.upm.es\/\"},{\"@type\":\"ListItem\",\"position\":2,\"name\":\"Grado\"}]},{\"@type\":\"WebSite\",\"@id\":\"https:\/\/dimec.etsii.upm.es\/#website\",\"url\":\"https:\/\/dimec.etsii.upm.es\/\",\"name\":\"Departamento Ingenieria Mec\u00e1nica UPM\",\"description\":\"Universidad Polit\u00e9cnica de Madrid\",\"publisher\":{\"@id\":\"https:\/\/dimec.etsii.upm.es\/#organization\"},\"potentialAction\":[{\"@type\":\"SearchAction\",\"target\":{\"@type\":\"EntryPoint\",\"urlTemplate\":\"https:\/\/dimec.etsii.upm.es\/?s={search_term_string}\"},\"query-input\":\"required name=search_term_string\"}],\"inLanguage\":\"es\"},{\"@type\":\"Organization\",\"@id\":\"https:\/\/dimec.etsii.upm.es\/#organization\",\"name\":\"Departamento Ingenieria Mec\u00e1nica UPM\",\"url\":\"https:\/\/dimec.etsii.upm.es\/\",\"logo\":{\"@type\":\"ImageObject\",\"inLanguage\":\"es\",\"@id\":\"https:\/\/dimec.etsii.upm.es\/#\/schema\/logo\/image\/\",\"url\":\"http:\/\/dimec.etsii.upm.es\/wp-content\/uploads\/2016\/05\/cropped-dimec_logo.png\",\"contentUrl\":\"http:\/\/dimec.etsii.upm.es\/wp-content\/uploads\/2016\/05\/cropped-dimec_logo.png\",\"width\":173,\"height\":90,\"caption\":\"Departamento Ingenieria Mec\u00e1nica UPM\"},\"image\":{\"@id\":\"https:\/\/dimec.etsii.upm.es\/#\/schema\/logo\/image\/\"}}]}<\/script>\n<!-- \/ Yoast SEO plugin. -->","yoast_head_json":{"title":"Grado - Departamento Ingenieria Mec\u00e1nica UPM","description":"Cada tAi??tulo de grado consta de 240 crAi??ditos estructurado en cuatro cursos con 60 crAi??ditos por curso. Estos crAi??ditos estA?n adaptados al ECTS","robots":{"index":"index","follow":"follow","max-snippet":"max-snippet:-1","max-image-preview":"max-image-preview:large","max-video-preview":"max-video-preview:-1"},"canonical":"https:\/\/dimec.etsii.upm.es\/index.php\/grado\/","og_locale":"es_ES","og_type":"article","og_title":"Grado - Departamento Ingenieria Mec\u00e1nica UPM","og_description":"Cada tAi??tulo de grado consta de 240 crAi??ditos estructurado en cuatro cursos con 60 crAi??ditos por curso. Estos crAi??ditos estA?n adaptados al ECTS","og_url":"https:\/\/dimec.etsii.upm.es\/index.php\/grado\/","og_site_name":"Departamento Ingenieria Mec\u00e1nica UPM","article_modified_time":"2022-03-09T11:09:01+00:00","og_image":[{"url":"http:\/\/dimec.etsii.upm.es\/wp-content\/uploads\/2016\/04\/grados-300x118.jpg"}],"twitter_card":"summary_large_image","twitter_misc":{"Tiempo de lectura":"1 minuto"},"schema":{"@context":"https:\/\/schema.org","@graph":[{"@type":"WebPage","@id":"https:\/\/dimec.etsii.upm.es\/index.php\/grado\/","url":"https:\/\/dimec.etsii.upm.es\/index.php\/grado\/","name":"Grado - Departamento Ingenieria Mec\u00e1nica UPM","isPartOf":{"@id":"https:\/\/dimec.etsii.upm.es\/#website"},"datePublished":"2016-04-14T08:22:12+00:00","dateModified":"2022-03-09T11:09:01+00:00","description":"Cada tAi??tulo de grado consta de 240 crAi??ditos estructurado en cuatro cursos con 60 crAi??ditos por curso. Estos crAi??ditos estA?n adaptados al ECTS","breadcrumb":{"@id":"https:\/\/dimec.etsii.upm.es\/index.php\/grado\/#breadcrumb"},"inLanguage":"es","potentialAction":[{"@type":"ReadAction","target":["https:\/\/dimec.etsii.upm.es\/index.php\/grado\/"]}]},{"@type":"BreadcrumbList","@id":"https:\/\/dimec.etsii.upm.es\/index.php\/grado\/#breadcrumb","itemListElement":[{"@type":"ListItem","position":1,"name":"Portada","item":"https:\/\/dimec.etsii.upm.es\/"},{"@type":"ListItem","position":2,"name":"Grado"}]},{"@type":"WebSite","@id":"https:\/\/dimec.etsii.upm.es\/#website","url":"https:\/\/dimec.etsii.upm.es\/","name":"Departamento Ingenieria Mec\u00e1nica UPM","description":"Universidad Polit\u00e9cnica de Madrid","publisher":{"@id":"https:\/\/dimec.etsii.upm.es\/#organization"},"potentialAction":[{"@type":"SearchAction","target":{"@type":"EntryPoint","urlTemplate":"https:\/\/dimec.etsii.upm.es\/?s={search_term_string}"},"query-input":"required name=search_term_string"}],"inLanguage":"es"},{"@type":"Organization","@id":"https:\/\/dimec.etsii.upm.es\/#organization","name":"Departamento Ingenieria Mec\u00e1nica UPM","url":"https:\/\/dimec.etsii.upm.es\/","logo":{"@type":"ImageObject","inLanguage":"es","@id":"https:\/\/dimec.etsii.upm.es\/#\/schema\/logo\/image\/","url":"http:\/\/dimec.etsii.upm.es\/wp-content\/uploads\/2016\/05\/cropped-dimec_logo.png","contentUrl":"http:\/\/dimec.etsii.upm.es\/wp-content\/uploads\/2016\/05\/cropped-dimec_logo.png","width":173,"height":90,"caption":"Departamento Ingenieria Mec\u00e1nica UPM"},"image":{"@id":"https:\/\/dimec.etsii.upm.es\/#\/schema\/logo\/image\/"}}]}},"_links":{"self":[{"href":"http:\/\/dimec.etsii.upm.es\/index.php\/wp-json\/wp\/v2\/pages\/55"}],"collection":[{"href":"http:\/\/dimec.etsii.upm.es\/index.php\/wp-json\/wp\/v2\/pages"}],"about":[{"href":"http:\/\/dimec.etsii.upm.es\/index.php\/wp-json\/wp\/v2\/types\/page"}],"author":[{"embeddable":true,"href":"http:\/\/dimec.etsii.upm.es\/index.php\/wp-json\/wp\/v2\/users\/1"}],"replies":[{"embeddable":true,"href":"http:\/\/dimec.etsii.upm.es\/index.php\/wp-json\/wp\/v2\/comments?post=55"}],"version-history":[{"count":1,"href":"http:\/\/dimec.etsii.upm.es\/index.php\/wp-json\/wp\/v2\/pages\/55\/revisions"}],"predecessor-version":[{"id":19912,"href":"http:\/\/dimec.etsii.upm.es\/index.php\/wp-json\/wp\/v2\/pages\/55\/revisions\/19912"}],"wp:attachment":[{"href":"http:\/\/dimec.etsii.upm.es\/index.php\/wp-json\/wp\/v2\/media?parent=55"}],"curies":[{"name":"wp","href":"https:\/\/api.w.org\/{rel}","templated":true}]}}