{"id":19916,"date":"2022-03-09T13:26:40","date_gmt":"2022-03-09T11:26:40","guid":{"rendered":"http:\/\/dimec.etsii.upm.es\/?page_id=19916"},"modified":"2025-09-08T09:47:00","modified_gmt":"2025-09-08T07:47:00","slug":"personal-2-2","status":"publish","type":"page","link":"http:\/\/dimec.etsii.upm.es\/index.php\/personal-2-2\/","title":{"rendered":"Personal"},"content":{"rendered":"<p><img loading=\"lazy\" decoding=\"async\" class=\"wp-image-290 aligncenter\" src=\"http:\/\/dimec.etsii.upm.es\/wp-content\/uploads\/2016\/04\/Personal.jpg\" sizes=\"(max-width: 579px) 100vw, 579px\" srcset=\"http:\/\/dimec.etsii.upm.es\/wp-content\/uploads\/2016\/04\/Personal.jpg 940w, http:\/\/dimec.etsii.upm.es\/wp-content\/uploads\/2016\/04\/Personal-300x116.jpg 300w, http:\/\/dimec.etsii.upm.es\/wp-content\/uploads\/2016\/04\/Personal-768x296.jpg 768w, http:\/\/dimec.etsii.upm.es\/wp-content\/uploads\/2016\/04\/Personal-360x139.jpg 360w\" alt=\"Personal\" width=\"579\" height=\"223\" \/><\/p>\n<p>&nbsp;<\/p>\n<h3 style=\"text-align: center;\"><strong>Organizaci\u00f3n<\/strong><\/h3>\n<p>&nbsp;<\/p>\n<table>\n<tbody>\n<tr>\n<th>Cargo<\/th>\n<th>Nombre y Apellidos<\/th>\n<th>Correo electr\u00f3nico<\/th>\n<th>Tel\u00e9fono<\/th>\n<\/tr>\n<tr>\n<td>Director de Departamento<\/td>\n<td>Maria Luisa Martinez<\/td>\n<td>luisa.mtzmuneta@upm.es<\/td>\n<td>910677250<\/td>\n<\/tr>\n<tr>\n<td>Subdirector de Departamento<\/td>\n<td>Amadeo Benavent Climent<\/td>\n<td>amadeo.benavent@upm.es<\/td>\n<td>910677237<\/td>\n<\/tr>\n<tr>\n<td>Secretario del Departamento<\/td>\n<td>Ignacio Pav\u00f3n Garc\u00eda<\/td>\n<td>ignacio.pavon@upm.es<\/td>\n<td>910677222<\/td>\n<\/tr>\n<tr>\n<td>Secretaria Administrativo<\/td>\n<td>Mar\u00eda Yolanda Bernabe<\/td>\n<td>ingenieriamecanica.industriales@upm.es<\/td>\n<td>91 0677210<\/td>\n<\/tr>\n<\/tbody>\n<\/table>\n<p>&nbsp;<\/p>\n<h3 style=\"text-align: center;\"><strong>Personal<\/strong><\/h3>\n<table width=\"1180\">\n<tbody>\n<tr>\n<td width=\"256\">Nombre<\/td>\n<td width=\"236\">Correo electr\u00f3nico<\/td>\n<td width=\"284\">UNIDAD DOCENTE<\/td>\n<td width=\"260\">Categor\u00eda<\/td>\n<td width=\"144\">Extension ETSII<\/td>\n<\/tr>\n<tr>\n<td>GUILLERMO DE ARCAS CASTRO<\/td>\n<td>g.dearcas@upm.es<\/td>\n<td>AC\u00daSTICA<\/td>\n<td>Titular de Universidad<\/td>\n<td>77221<\/td>\n<\/tr>\n<tr>\n<td>IGNACIO PAVON GARCIA<\/td>\n<td>ignacio.pavon@upm.es<\/td>\n<td>AC\u00daSTICA<\/td>\n<td>Profesor Ayudante Doctor<\/td>\n<td>77222<\/td>\n<\/tr>\n<\/tbody>\n<\/table>\n<p>&nbsp;<\/p>\n<table width=\"1180\">\n<tbody>\n<tr>\n<td width=\"256\">Nombre<\/td>\n<td width=\"236\">Correo electr\u00f3nico<\/td>\n<td width=\"284\">UNIDAD DOCENTE<\/td>\n<td width=\"260\">Categor\u00eda<\/td>\n<td width=\"144\">Extension ETSII<\/td>\n<\/tr>\n<tr>\n<td>JUAN MANUEL VARGAS FUNES<\/td>\n<td>jm.vargas@upm.es<\/td>\n<td>CONSTRUCCIONES INDUSTRIALES<\/td>\n<td>Profesor Asociado<\/td>\n<td>77227<\/td>\n<\/tr>\n<tr>\n<td>MIGUEL IRADIEL SANCHEZ<\/td>\n<td>miguel.iradiel@upm.es<\/td>\n<td>CONSTRUCCIONES INDUSTRIALES<\/td>\n<td>Profesor Asociado<\/td>\n<td>77225<\/td>\n<\/tr>\n<\/tbody>\n<\/table>\n<p>&nbsp;<\/p>\n<p>&nbsp;<\/p>\n<table width=\"1180\">\n<tbody>\n<tr>\n<td width=\"256\">Nombre<\/td>\n<td width=\"236\">Correo electr\u00f3nico<\/td>\n<td width=\"284\">UNIDAD DOCENTE<\/td>\n<td width=\"260\">Categor\u00eda<\/td>\n<td width=\"144\">Extension ETSII<\/td>\n<\/tr>\n<tr>\n<td>LUIS JESUS FELEZ MINDAN<\/td>\n<td>jesus.felez@upm.es<\/td>\n<td>DIBUJO<\/td>\n<td>Catedr\u00e1tico de Universidad<\/td>\n<td>77248<\/td>\n<\/tr>\n<tr>\n<td>ANTONIO MARIA CARRETERO DIAZ<\/td>\n<td>a.carretero@upm.es<\/td>\n<td>DIBUJO<\/td>\n<td>Titular de Universidad<\/td>\n<td>77247<\/td>\n<\/tr>\n<tr>\n<td>BERTA SUAREZ ESTEBAN<\/td>\n<td>b.suarez@upm.es<\/td>\n<td>DIBUJO<\/td>\n<td>Contratado Doctor<\/td>\n<td>77255<\/td>\n<\/tr>\n<tr>\n<td>GREGORIO ROMERO REY<\/td>\n<td>gregorio.romero@upm.es<\/td>\n<td>DIBUJO<\/td>\n<td>Titular de Universidad<\/td>\n<td>77252<\/td>\n<\/tr>\n<tr>\n<td>JOAQUIN MAROTO IBA\u00d1EZ<\/td>\n<td>joaquin.maroto@upm.es<\/td>\n<td>DIBUJO<\/td>\n<td>Contratado Doctor<\/td>\n<td>77249<\/td>\n<\/tr>\n<tr>\n<td>JOSE MANUEL MERA SANCHEZ DE PEDRO<\/td>\n<td>josemanuel.mera@upm.es<\/td>\n<td>DIBUJO<\/td>\n<td>Titular de Universidad<\/td>\n<td>77251<\/td>\n<\/tr>\n<tr>\n<td>JOSE MARIA CABANELLAS BECERRA<\/td>\n<td>josemaria.cabanellas@upm.es<\/td>\n<td>DIBUJO<\/td>\n<td>Titular de Universidad<\/td>\n<td>77246<\/td>\n<\/tr>\n<tr>\n<td>JUAN DE DIOS SANZ BOBIS<\/td>\n<td>juandedios.sanz@upm.es<\/td>\n<td>DIBUJO<\/td>\n<td>Contratado Doctor<\/td>\n<td>77256<\/td>\n<\/tr>\n<tr>\n<td>LUIS JESUS FELEZ MINDAN<\/td>\n<td>jesus.felez@upm.es<\/td>\n<td>DIBUJO<\/td>\n<td>Catedr\u00e1tico de Universidad<\/td>\n<td>77248<\/td>\n<\/tr>\n<tr>\n<td>MARIA LUISA MARTINEZ MUNETA<\/td>\n<td>luisa.mtzmuneta@upm.es<\/td>\n<td>DIBUJO<\/td>\n<td>Catedr\u00e1tico de Universidad<\/td>\n<td>77250<\/td>\n<\/tr>\n<tr>\n<td>ROSA MARIA SCALA HERNANDEZ-VAQUERO<\/td>\n<td>rosamaria.scala@upm.es<\/td>\n<td>DIBUJO<\/td>\n<td>Titular de Universidad<\/td>\n<td><\/td>\n<\/tr>\n<\/tbody>\n<\/table>\n<p>&nbsp;<\/p>\n<p>&nbsp;<\/p>\n<table width=\"1180\">\n<tbody>\n<tr>\n<td width=\"256\">Nombre<\/td>\n<td width=\"236\">Correo electr\u00f3nico<\/td>\n<td width=\"284\">UNIDAD DOCENTE<\/td>\n<td width=\"260\">Categor\u00eda<\/td>\n<td width=\"144\">Extension ETSII<\/td>\n<\/tr>\n<tr>\n<td>IGNACIO ROMERO OLLEROS<\/td>\n<td>ignacio.romero@upm.es<\/td>\n<td>ELASTICIDAD Y RESISTENCIA DE MATERIALES<\/td>\n<td>Catedr\u00e1tico de Universidad<\/td>\n<td>77233<\/td>\n<\/tr>\n<tr>\n<td>ANTONIO ROS FELIP<\/td>\n<td>aros@etsii.upm.es<\/td>\n<td>ELASTICIDAD Y RESISTENCIA DE MATERIALES<\/td>\n<td>Titular de Universidad<\/td>\n<td>77234<\/td>\n<\/tr>\n<tr>\n<td>DAVID PORTILLO GARCIA<\/td>\n<td>david.portillo@upm.es<\/td>\n<td>ELASTICIDAD Y RESISTENCIA DE MATERIALES<\/td>\n<td>Ayudante Doctor<\/td>\n<td><\/td>\n<\/tr>\n<tr>\n<td>IGNACIO ROMERO OLLEROS<\/td>\n<td>ignacio.romero@upm.es<\/td>\n<td>ELASTICIDAD Y RESISTENCIA DE MATERIALES<\/td>\n<td>Catedr\u00e1tico de Universidad<\/td>\n<td>77233<\/td>\n<\/tr>\n<tr>\n<td>JES\u00daS PE\u00d1A ALVAREZ<\/td>\n<td>jesus.pena@upm.es<\/td>\n<td>ELASTICIDAD Y RESISTENCIA DE MATERIALES<\/td>\n<td>T\u00e9cnico de Laboratorio<\/td>\n<td><\/td>\n<\/tr>\n<tr>\n<td>JOSU BARRREDO EGUSQUIZA<\/td>\n<td>josu.barredo@upm.es<\/td>\n<td>ELASTICIDAD Y RESISTENCIA DE MATERIALES<\/td>\n<td>Profesor Asociado<\/td>\n<td>77229<\/td>\n<\/tr>\n<tr>\n<td>JUAN\u00a0RODADO L\u00d3PEZ<\/td>\n<td>jrodado@etsii.upm.es<\/td>\n<td>ELASTICIDAD Y RESISTENCIA DE MATERIALES<\/td>\n<td>Profesor Asociado<\/td>\n<td>77232<\/td>\n<\/tr>\n<tr>\n<td>RAFAEL CARLOS CLARAMUNT ALONSO<\/td>\n<td>rclaramunt@etsii.upm.es<\/td>\n<td>ELASTICIDAD Y RESISTENCIA DE MATERIALES<\/td>\n<td>Titular de Universidad (interino)<\/td>\n<td>77230<\/td>\n<\/tr>\n<\/tbody>\n<\/table>\n<p>&nbsp;<\/p>\n<table width=\"1180\">\n<tbody>\n<tr>\n<td width=\"256\">Nombre<\/td>\n<td width=\"236\">Correo electr\u00f3nico<\/td>\n<td width=\"284\">UNIDAD DOCENTE<\/td>\n<td width=\"260\">Categor\u00eda<\/td>\n<td width=\"144\">Extension ETSII<\/td>\n<\/tr>\n<tr>\n<td>AMADEO BENAVENT CLIMENT<\/td>\n<td>amadeo.benavent@upm.es<\/td>\n<td>ESTRUCTURAS<\/td>\n<td>Catedr\u00e1tico de Universidad<\/td>\n<td>77237<\/td>\n<\/tr>\n<tr>\n<td>ALBERTO FRAILE DE LERMA<\/td>\n<td>alberto.fraile@upm.es<\/td>\n<td>ESTRUCTURAS<\/td>\n<td>Titular de Universidad 6+6<\/td>\n<td>77238<\/td>\n<\/tr>\n<tr>\n<td>DAVID ESCOLANO MARGARIT<\/td>\n<td>d.escolano@upm.es<\/td>\n<td>ESTRUCTURAS<\/td>\n<td>Ayudante Doctor<\/td>\n<td><\/td>\n<\/tr>\n<tr>\n<td>LUTZ KARL HEINZ HERMANNS<\/td>\n<td><a href=\"mailto:lutz.hermanns@upm.es\">lutz.hermanns@upm.es<\/a><\/td>\n<td>ESTRUCTURAS<\/td>\n<td>Profesor Asociado<\/td>\n<td>77240<\/td>\n<\/tr>\n<tr>\n<td>M CONSUELO HUERTA GOMEZ DE MERODIO<\/td>\n<td>mariaconsuelo.huerta@upm.es<\/td>\n<td>ESTRUCTURAS<\/td>\n<td>Titular de Universidad<\/td>\n<td>77241<\/td>\n<\/tr>\n<tr>\n<td>MARINO RISUE\u00d1O RODRIGUEZ<\/td>\n<td>marino.risueno@upm.es<\/td>\n<td>ESTRUCTURAS<\/td>\n<td>T\u00e9cnico de Laboratorio<\/td>\n<td><\/td>\n<\/tr>\n<tr>\n<td>RAMON ALVAREZ CABAL<\/td>\n<td>ramon.alvarez@upm.es<\/td>\n<td>ESTRUCTURAS<\/td>\n<td>Titular de Universidad 6+6<\/td>\n<td>77236<\/td>\n<\/tr>\n<tr>\n<td>RICARDO PERERA VELAMAZAN<\/td>\n<td>perera@etsii.upm.es<\/td>\n<td>ESTRUCTURAS<\/td>\n<td>Catedr\u00e1tico de Universidad<\/td>\n<td>3278<\/td>\n<\/tr>\n<\/tbody>\n<\/table>\n<p>&nbsp;<\/p>\n<table width=\"1180\">\n<tbody>\n<tr>\n<td width=\"256\">Nombre<\/td>\n<td width=\"236\">Correo electr\u00f3nico<\/td>\n<td width=\"284\">UNIDAD DOCENTE<\/td>\n<td width=\"260\">Categor\u00eda<\/td>\n<td width=\"144\">Extension ETSII<\/td>\n<\/tr>\n<tr>\n<td>ANTONIO VIZAN IDOIPE<\/td>\n<td>antonio.vizan@upm.es<\/td>\n<td>FABRICACI\u00d3N<\/td>\n<td>Catedr\u00e1tico Em\u00e9rito Contratado<\/td>\n<td><\/td>\n<\/tr>\n<tr>\n<td>JOS\u00c9\u00a0R\u00cdOS CHUECO<\/td>\n<td>jose.rios@upm.es<\/td>\n<td>FABRICACI\u00d3N<\/td>\n<td>Titular de Universidad<\/td>\n<td>77216<\/td>\n<\/tr>\n<tr>\n<td>ALVARO GUZMAN BAUTISTA<\/td>\n<td>alvaro.guzman.bautista@upm.es<\/td>\n<td>FABRICACI\u00d3N<\/td>\n<td>Profesor Ayudante<\/td>\n<td><\/td>\n<\/tr>\n<tr>\n<td>ANDREA FERNANDZE GORGOJO<\/td>\n<td>andrea.fgorgojo@upm.es<\/td>\n<td>FABRICACI\u00d3N<\/td>\n<td>Profesora Ayudante<\/td>\n<td><\/td>\n<\/tr>\n<tr>\n<td>JAVIER TENA PEREZ<\/td>\n<td>javier.tena@upm.es<\/td>\n<td>FABRICACI\u00d3N<\/td>\n<td>T\u00e9cnico de Laboratorio<\/td>\n<td><\/td>\n<\/tr>\n<tr>\n<td>JON MIKEL MOLINA ALDAREGUIA<\/td>\n<td>jon.molina@upm.es<\/td>\n<td>FABRICACI\u00d3N<\/td>\n<td>Titular de Universidad<\/td>\n<td><\/td>\n<\/tr>\n<tr>\n<td>JOS\u00c9\u00a0R\u00cdOS CHUECO<\/td>\n<td>jose.rios@upm.es<\/td>\n<td>FABRICACI\u00d3N<\/td>\n<td>Titular de Universidad<\/td>\n<td>77216<\/td>\n<\/tr>\n<tr>\n<td>JUAN CARLOS HERNANDEZ MATIAS<\/td>\n<td>jc.hernandezm@upm.es<\/td>\n<td>FABRICACI\u00d3N<\/td>\n<td>Titulado Superior de Laboratorio<\/td>\n<td><\/td>\n<\/tr>\n<tr>\n<td>JUAN DE JUANES MARQUEZ SEVILLANO<\/td>\n<td>juandejuanes.marquez@upm.es<\/td>\n<td>FABRICACI\u00d3N<\/td>\n<td>Titular de Universidad<\/td>\n<td>77213<\/td>\n<\/tr>\n<tr>\n<td>MIGUEL CLAVIJO JIMENEZ<\/td>\n<td>miguel.clavijo@upm.es<\/td>\n<td>FABRICACI\u00d3N<\/td>\n<td>Ayudante Doctor<\/td>\n<td><\/td>\n<\/tr>\n<tr>\n<td>MONICA VILLAVERDE<\/td>\n<td>monica.villaverde@upm.es<\/td>\n<td>FABRICACI\u00d3N<\/td>\n<td>Ayudante Doctor<\/td>\n<td>77215<\/td>\n<\/tr>\n<tr>\n<td>RAMON SAN MIGUEL CARRASCO<\/td>\n<td>ramon.sanmiguel@upm.es<\/td>\n<td>FABRICACI\u00d3N<\/td>\n<td>T\u00e9cnico de Laboratorio<\/td>\n<td><\/td>\n<\/tr>\n<\/tbody>\n<\/table>\n<p>&nbsp;<\/p>\n<table width=\"1180\">\n<tbody>\n<tr>\n<td width=\"256\">Nombre<\/td>\n<td width=\"236\">Correo electr\u00f3nico<\/td>\n<td width=\"284\">UNIDAD DOCENTE<\/td>\n<td width=\"260\">Categor\u00eda<\/td>\n<td width=\"144\">Extension ETSII<\/td>\n<\/tr>\n<tr>\n<td>JULIO MU\u00d1OZ GARCIA<\/td>\n<td>julio.munoz@upm.es<\/td>\n<td>MECANISMOS<\/td>\n<td>Titular de Universidad<\/td>\n<td>77262<\/td>\n<\/tr>\n<tr>\n<td>ANDR\u00c9S D\u00cdAZ LANTADA<\/td>\n<td>adiaz@etsii.upm.es<\/td>\n<td>MECANISMOS<\/td>\n<td>Contratado Doctor<\/td>\n<td>77258<\/td>\n<\/tr>\n<tr>\n<td>ENRIQUE CHACON TANARRO<\/td>\n<td>e.chacon@upm.es<\/td>\n<td>MECANISMOS<\/td>\n<td>Contratado Doctor<\/td>\n<td>77257<\/td>\n<\/tr>\n<tr>\n<td>FRANCISCO FRANCO MARTINEZ<\/td>\n<td>francisco.franco@upm.es<\/td>\n<td>MECANISMOS<\/td>\n<td>Profesor Ayudante<\/td>\n<td>77259<\/td>\n<\/tr>\n<tr>\n<td>JAVIER ECHAVARRI OTERO<\/td>\n<td>javier.echavarri@upm.es<\/td>\n<td>MECANISMOS<\/td>\n<td>Contratado Doctor<\/td>\n<td>77259<\/td>\n<\/tr>\n<tr>\n<td>JOSE LUIS MU\u00d1OZ SANZ<\/td>\n<td>joseluis.munozs@upm.es<\/td>\n<td>MECANISMOS<\/td>\n<td>Titular de Universidad<\/td>\n<td>77264<\/td>\n<\/tr>\n<tr>\n<td>JUAN MANUEL MU\u00d1OZ GUIJOSA<\/td>\n<td>jmguijosa@etsii.upm.es<\/td>\n<td>MECANISMOS<\/td>\n<td>Titular de Universidad<\/td>\n<td>77263<\/td>\n<\/tr>\n<tr>\n<td>M\u00aa SOCORRO MARTIN MUELA<\/td>\n<td>socorro.martin@upm.es<\/td>\n<td>MECANISMOS<\/td>\n<td>T\u00e9cnico de Laboratorio<\/td>\n<td><\/td>\n<\/tr>\n<tr>\n<td>PEDRO ORTEGO GARCIA<\/td>\n<td>p.ortego@upm.es<\/td>\n<td>MECANISMOS<\/td>\n<td>T\u00e9cnico de Laboratorio<\/td>\n<td><\/td>\n<\/tr>\n<\/tbody>\n<\/table>\n<p>&nbsp;<\/p>\n<table width=\"1180\">\n<tbody>\n<tr>\n<td width=\"256\">Nombre<\/td>\n<td width=\"236\">Correo electr\u00f3nico<\/td>\n<td width=\"284\">UNIDAD DOCENTE<\/td>\n<td width=\"260\">Categor\u00eda<\/td>\n<td width=\"144\">Extension ETSII<\/td>\n<\/tr>\n<tr>\n<td>JOSE MARIA LOPEZ MARTINEZ<\/td>\n<td>josemaria.lopez@upm.es<\/td>\n<td>TRANSPORTES<\/td>\n<td>Titular de Universidad<\/td>\n<td width=\"144\">77275<\/td>\n<\/tr>\n<tr>\n<td>BLANCA DEL VALLE ARENAS RAMIREZ<\/td>\n<td>blanca.arenas@upm.es<\/td>\n<td>TRANSPORTES<\/td>\n<td>Contratado Doctor<\/td>\n<td>77273<\/td>\n<\/tr>\n<tr>\n<td>ENRIQUE ALCALA FAZIO<\/td>\n<td>enrique.alcala@upm.es<\/td>\n<td>TRANSPORTES<\/td>\n<td>Contratado Doctor<\/td>\n<td>77271<\/td>\n<\/tr>\n<tr>\n<td>FCO JAVIER PAEZ AYUSO<\/td>\n<td>franciscojavier.paez@upm.es<\/td>\n<td>TRANSPORTES<\/td>\n<td>Titular de Universidad<\/td>\n<td>77277<\/td>\n<\/tr>\n<tr>\n<td>FELIPE JIMENEZ ALONSO<\/td>\n<td>felipe.jimenez@upm.es<\/td>\n<td>TRANSPORTES<\/td>\n<td>Titular de Universidad<\/td>\n<td>77274<\/td>\n<\/tr>\n<tr>\n<td>LUIS MARTINEZ SAEZ<\/td>\n<td>luis.martinez@upm.es<\/td>\n<td>TRANSPORTES<\/td>\n<td>Titular de Universidad<\/td>\n<td>77276<\/td>\n<\/tr>\n<\/tbody>\n<\/table>\n<p>&nbsp;<\/p>\n<table width=\"1180\">\n<tbody>\n<tr>\n<td width=\"256\">Nombre<\/td>\n<td width=\"236\">Correo electr\u00f3nico<\/td>\n<td width=\"284\">VARIOS<\/td>\n<td width=\"260\">Categor\u00eda<\/td>\n<td width=\"144\">Extension ETSII<\/td>\n<\/tr>\n<tr>\n<td>JOS\u00c9 RAM\u00d3N ALVAREZ REDONDO<\/td>\n<td>joseramon.alvarez@upm.es<\/td>\n<td>PROFESORES EM\u00c9RITOS<\/td>\n<td>Profesor Em\u00e9rito<\/td>\n<td>77211<\/td>\n<\/tr>\n<tr>\n<td>JOSE RAMON GONZALEZ CALO<\/td>\n<td>joseramon.gonzalezc@upm.es<\/td>\n<td>SECRETAR\u00cdA DEPARTAMENTO<\/td>\n<td>Funcionario administraci\u00f3n<\/td>\n<td><\/td>\n<\/tr>\n<\/tbody>\n<\/table>\n<p>&nbsp;<\/p>\n<div id=\"panelIZQ\">\n<div class=\"container\">\n<h6>PROTECCION DE DATOS<\/h6>\n<h6 class=\"upv_nota\">En ning\u00fan momento puede considerarse este directorio como una fuente accesible al p\u00fablico, ni se puede hacer una libre disposici\u00f3n de los datos recogidos en ella.<\/h6>\n<p>Este directorio no es ninguna de las fuentes de acceso p\u00fablico reguladas por el Reglamento (UE) 2016\/679 del Parlamento Europeo y del Consejo, de 27 de abril, o por la Ley org\u00e1nica 3\/2018, de 5 de diciembre, de protecci\u00f3n de datos personales y garant\u00eda de los derechos digitales.<\/p>\n<p>Las direcciones de correo electr\u00f3nico de la UPM son publicadas en esta lista exclusivamente con finalidad informativa. Su empleo para cualquier uso distinto del aqu\u00ed se\u00f1alado, y en particular para fines comerciales o env\u00edos masivos de correo ser\u00e1 puesto en conocimiento de los responsables competentes en materia de protecci\u00f3n de datos de la UPM.<\/p>\n<div class=\"estabilizador\"><\/div>\n<\/div>\n<div class=\"estabilizador\"><\/div>\n<\/div>\n<div class=\"estabilizador\"><\/div>\n<div id=\"DIVpiePagina\">\n<div id=\"DIVsepPie1N3\"><\/div>\n<\/div>\n<p>&nbsp;<\/p>\n<p>&nbsp;<\/p>\n<p>&nbsp;<\/p>\n<p>&nbsp;<\/p>\n","protected":false},"excerpt":{"rendered":"<p>&nbsp; Organizaci\u00f3n &nbsp; Cargo Nombre y Apellidos Correo electr\u00f3nico Tel\u00e9fono Director de Departamento Maria Luisa Martinez luisa.mtzmuneta@upm.es 910677250 Subdirector de Departamento Amadeo Benavent Climent amadeo.benavent@upm.es 910677237 Secretario del Departamento Ignacio Pav\u00f3n Garc\u00eda ignacio.pavon@upm.es 910677222 Secretaria Administrativo Mar\u00eda Yolanda Bernabe ingenieriamecanica.industriales@upm.es <a href=\"http:\/\/dimec.etsii.upm.es\/index.php\/personal-2-2\/\" class=\"read-more\">Leer m\u00e1s&#8230;<\/a><\/p>\n","protected":false},"author":1,"featured_media":0,"parent":0,"menu_order":0,"comment_status":"closed","ping_status":"closed","template":"","meta":{"footnotes":""},"yoast_head":"<!-- This site is optimized with the Yoast SEO plugin v21.8.1 - https:\/\/yoast.com\/wordpress\/plugins\/seo\/ -->\n<title>Personal - Departamento Ingenieria Mec\u00e1nica UPM<\/title>\n<meta name=\"description\" content=\"Informaci\u00f3n del departamento de ingenier\u00eda mec\u00e1nica de la universidad polit\u00e9cnica de Madrid\" \/>\n<meta name=\"robots\" content=\"index, follow, max-snippet:-1, max-image-preview:large, max-video-preview:-1\" \/>\n<link rel=\"canonical\" href=\"https:\/\/dimec.etsii.upm.es\/index.php\/personal-2-2\/\" \/>\n<meta property=\"og:locale\" content=\"es_ES\" \/>\n<meta property=\"og:type\" content=\"article\" \/>\n<meta property=\"og:title\" content=\"Personal - Departamento Ingenieria Mec\u00e1nica UPM\" \/>\n<meta property=\"og:description\" content=\"Informaci\u00f3n del departamento de ingenier\u00eda mec\u00e1nica de la universidad polit\u00e9cnica de Madrid\" \/>\n<meta property=\"og:url\" content=\"https:\/\/dimec.etsii.upm.es\/index.php\/personal-2-2\/\" \/>\n<meta property=\"og:site_name\" content=\"Departamento Ingenieria Mec\u00e1nica UPM\" \/>\n<meta property=\"article:modified_time\" content=\"2025-09-08T07:47:00+00:00\" \/>\n<meta property=\"og:image\" content=\"http:\/\/dimec.etsii.upm.es\/wp-content\/uploads\/2016\/04\/Personal.jpg\" \/>\n<meta name=\"twitter:card\" content=\"summary_large_image\" \/>\n<meta name=\"twitter:label1\" content=\"Tiempo de lectura\" \/>\n\t<meta name=\"twitter:data1\" content=\"4 minutos\" \/>\n<script type=\"application\/ld+json\" class=\"yoast-schema-graph\">{\"@context\":\"https:\/\/schema.org\",\"@graph\":[{\"@type\":\"WebPage\",\"@id\":\"https:\/\/dimec.etsii.upm.es\/index.php\/personal-2-2\/\",\"url\":\"https:\/\/dimec.etsii.upm.es\/index.php\/personal-2-2\/\",\"name\":\"Personal - Departamento Ingenieria Mec\u00e1nica UPM\",\"isPartOf\":{\"@id\":\"https:\/\/dimec.etsii.upm.es\/#website\"},\"datePublished\":\"2022-03-09T11:26:40+00:00\",\"dateModified\":\"2025-09-08T07:47:00+00:00\",\"description\":\"Informaci\u00f3n del departamento de ingenier\u00eda mec\u00e1nica de la universidad polit\u00e9cnica de Madrid\",\"breadcrumb\":{\"@id\":\"https:\/\/dimec.etsii.upm.es\/index.php\/personal-2-2\/#breadcrumb\"},\"inLanguage\":\"es\",\"potentialAction\":[{\"@type\":\"ReadAction\",\"target\":[\"https:\/\/dimec.etsii.upm.es\/index.php\/personal-2-2\/\"]}]},{\"@type\":\"BreadcrumbList\",\"@id\":\"https:\/\/dimec.etsii.upm.es\/index.php\/personal-2-2\/#breadcrumb\",\"itemListElement\":[{\"@type\":\"ListItem\",\"position\":1,\"name\":\"Portada\",\"item\":\"https:\/\/dimec.etsii.upm.es\/\"},{\"@type\":\"ListItem\",\"position\":2,\"name\":\"Personal\"}]},{\"@type\":\"WebSite\",\"@id\":\"https:\/\/dimec.etsii.upm.es\/#website\",\"url\":\"https:\/\/dimec.etsii.upm.es\/\",\"name\":\"Departamento Ingenieria Mec\u00e1nica UPM\",\"description\":\"Universidad Polit\u00e9cnica de Madrid\",\"publisher\":{\"@id\":\"https:\/\/dimec.etsii.upm.es\/#organization\"},\"potentialAction\":[{\"@type\":\"SearchAction\",\"target\":{\"@type\":\"EntryPoint\",\"urlTemplate\":\"https:\/\/dimec.etsii.upm.es\/?s={search_term_string}\"},\"query-input\":\"required name=search_term_string\"}],\"inLanguage\":\"es\"},{\"@type\":\"Organization\",\"@id\":\"https:\/\/dimec.etsii.upm.es\/#organization\",\"name\":\"Departamento Ingenieria Mec\u00e1nica UPM\",\"url\":\"https:\/\/dimec.etsii.upm.es\/\",\"logo\":{\"@type\":\"ImageObject\",\"inLanguage\":\"es\",\"@id\":\"https:\/\/dimec.etsii.upm.es\/#\/schema\/logo\/image\/\",\"url\":\"http:\/\/dimec.etsii.upm.es\/wp-content\/uploads\/2016\/05\/cropped-dimec_logo.png\",\"contentUrl\":\"http:\/\/dimec.etsii.upm.es\/wp-content\/uploads\/2016\/05\/cropped-dimec_logo.png\",\"width\":173,\"height\":90,\"caption\":\"Departamento Ingenieria Mec\u00e1nica UPM\"},\"image\":{\"@id\":\"https:\/\/dimec.etsii.upm.es\/#\/schema\/logo\/image\/\"}}]}<\/script>\n<!-- \/ Yoast SEO plugin. -->","yoast_head_json":{"title":"Personal - Departamento Ingenieria Mec\u00e1nica UPM","description":"Informaci\u00f3n del departamento de ingenier\u00eda mec\u00e1nica de la universidad polit\u00e9cnica de Madrid","robots":{"index":"index","follow":"follow","max-snippet":"max-snippet:-1","max-image-preview":"max-image-preview:large","max-video-preview":"max-video-preview:-1"},"canonical":"https:\/\/dimec.etsii.upm.es\/index.php\/personal-2-2\/","og_locale":"es_ES","og_type":"article","og_title":"Personal - Departamento Ingenieria Mec\u00e1nica UPM","og_description":"Informaci\u00f3n del departamento de ingenier\u00eda mec\u00e1nica de la universidad polit\u00e9cnica de Madrid","og_url":"https:\/\/dimec.etsii.upm.es\/index.php\/personal-2-2\/","og_site_name":"Departamento Ingenieria Mec\u00e1nica UPM","article_modified_time":"2025-09-08T07:47:00+00:00","og_image":[{"url":"http:\/\/dimec.etsii.upm.es\/wp-content\/uploads\/2016\/04\/Personal.jpg"}],"twitter_card":"summary_large_image","twitter_misc":{"Tiempo de lectura":"4 minutos"},"schema":{"@context":"https:\/\/schema.org","@graph":[{"@type":"WebPage","@id":"https:\/\/dimec.etsii.upm.es\/index.php\/personal-2-2\/","url":"https:\/\/dimec.etsii.upm.es\/index.php\/personal-2-2\/","name":"Personal - Departamento Ingenieria Mec\u00e1nica UPM","isPartOf":{"@id":"https:\/\/dimec.etsii.upm.es\/#website"},"datePublished":"2022-03-09T11:26:40+00:00","dateModified":"2025-09-08T07:47:00+00:00","description":"Informaci\u00f3n del departamento de ingenier\u00eda mec\u00e1nica de la universidad polit\u00e9cnica de Madrid","breadcrumb":{"@id":"https:\/\/dimec.etsii.upm.es\/index.php\/personal-2-2\/#breadcrumb"},"inLanguage":"es","potentialAction":[{"@type":"ReadAction","target":["https:\/\/dimec.etsii.upm.es\/index.php\/personal-2-2\/"]}]},{"@type":"BreadcrumbList","@id":"https:\/\/dimec.etsii.upm.es\/index.php\/personal-2-2\/#breadcrumb","itemListElement":[{"@type":"ListItem","position":1,"name":"Portada","item":"https:\/\/dimec.etsii.upm.es\/"},{"@type":"ListItem","position":2,"name":"Personal"}]},{"@type":"WebSite","@id":"https:\/\/dimec.etsii.upm.es\/#website","url":"https:\/\/dimec.etsii.upm.es\/","name":"Departamento Ingenieria Mec\u00e1nica UPM","description":"Universidad Polit\u00e9cnica de Madrid","publisher":{"@id":"https:\/\/dimec.etsii.upm.es\/#organization"},"potentialAction":[{"@type":"SearchAction","target":{"@type":"EntryPoint","urlTemplate":"https:\/\/dimec.etsii.upm.es\/?s={search_term_string}"},"query-input":"required name=search_term_string"}],"inLanguage":"es"},{"@type":"Organization","@id":"https:\/\/dimec.etsii.upm.es\/#organization","name":"Departamento Ingenieria Mec\u00e1nica UPM","url":"https:\/\/dimec.etsii.upm.es\/","logo":{"@type":"ImageObject","inLanguage":"es","@id":"https:\/\/dimec.etsii.upm.es\/#\/schema\/logo\/image\/","url":"http:\/\/dimec.etsii.upm.es\/wp-content\/uploads\/2016\/05\/cropped-dimec_logo.png","contentUrl":"http:\/\/dimec.etsii.upm.es\/wp-content\/uploads\/2016\/05\/cropped-dimec_logo.png","width":173,"height":90,"caption":"Departamento Ingenieria Mec\u00e1nica UPM"},"image":{"@id":"https:\/\/dimec.etsii.upm.es\/#\/schema\/logo\/image\/"}}]}},"_links":{"self":[{"href":"http:\/\/dimec.etsii.upm.es\/index.php\/wp-json\/wp\/v2\/pages\/19916"}],"collection":[{"href":"http:\/\/dimec.etsii.upm.es\/index.php\/wp-json\/wp\/v2\/pages"}],"about":[{"href":"http:\/\/dimec.etsii.upm.es\/index.php\/wp-json\/wp\/v2\/types\/page"}],"author":[{"embeddable":true,"href":"http:\/\/dimec.etsii.upm.es\/index.php\/wp-json\/wp\/v2\/users\/1"}],"replies":[{"embeddable":true,"href":"http:\/\/dimec.etsii.upm.es\/index.php\/wp-json\/wp\/v2\/comments?post=19916"}],"version-history":[{"count":12,"href":"http:\/\/dimec.etsii.upm.es\/index.php\/wp-json\/wp\/v2\/pages\/19916\/revisions"}],"predecessor-version":[{"id":20046,"href":"http:\/\/dimec.etsii.upm.es\/index.php\/wp-json\/wp\/v2\/pages\/19916\/revisions\/20046"}],"wp:attachment":[{"href":"http:\/\/dimec.etsii.upm.es\/index.php\/wp-json\/wp\/v2\/media?parent=19916"}],"curies":[{"name":"wp","href":"https:\/\/api.w.org\/{rel}","templated":true}]}}