{"id":77,"date":"2016-05-30T10:05:55","date_gmt":"2016-05-30T10:05:55","guid":{"rendered":"http:\/\/dimec.etsii.upm.es\/doctorado\/?page_id=77"},"modified":"2022-02-26T16:53:14","modified_gmt":"2022-02-26T16:53:14","slug":"enlaces","status":"publish","type":"page","link":"http:\/\/dimec.etsii.upm.es\/doctorado\/index.php\/enlaces\/","title":{"rendered":"Informaci\u00f3n y enlaces"},"content":{"rendered":"<div class=\"entry-content\">\n<p class=\"western\"><b>Informaci\u00f3n general y normativa del doctorado en la UPM<br \/><\/b><\/p>\n<ul>\n<li><a href=\"https:\/\/www.upm.es\/Estudiantes\/Estudios_Titulaciones\/Estudios_Doctorado\/preguntas_frecuentes\" target=\"_blank\" rel=\"noopener\">Preguntas frecuentes<\/a><\/li>\n<li><a href=\"https:\/\/www.upm.es\/Estudiantes\/Estudios_Titulaciones\/Estudios_Doctorado\" target=\"_blank\" rel=\"noopener\">Estudios de doctorado en la UPM<\/a><\/li>\n<li><a href=\"https:\/\/www.upm.es\/Estudiantes\/Estudios_Titulaciones\/Estudios_Doctorado\/normativa\" target=\"_blank\" rel=\"noopener\">Normativa de doctorado<\/a><\/li>\n<li><a href=\"https:\/\/www.upm.es\/Estudiantes\/Estudios_Titulaciones\/Estudios_Doctorado\/informacion\" target=\"_blank\" rel=\"noopener\">Acceso, admisi\u00f3n y matr\u00edcula<\/a><\/li>\n<li><a href=\"https:\/\/www.upm.es\/Estudiantes\/Estudios_Titulaciones\/Estudios_Doctorado\/ayudas\" target=\"_blank\" rel=\"noopener\">Ayudas para la realizacion del doctorado<\/a><\/li>\n<li><a href=\"https:\/\/www.upm.es\/Estudiantes\/Estudios_Titulaciones\/Estudios_Doctorado\/Tesis\" target=\"_blank\" rel=\"noopener\">Tesis doctoral<\/a><\/li>\n<\/ul>\n<p class=\"western\"><a name=\"_GoBack\"><\/a><b>Informaci\u00f3n general de departamentos<br \/><\/b><\/p>\n<ul>\n<li><a href=\"http:\/\/dimec.etsii.upm.es\/\" target=\"_blank\" rel=\"noopener\">Ingenier\u00eda Mec\u00e1nica<\/a><\/li>\n<li>\n<p><a href=\"http:\/\/faii.industriales.upm.es\/\" target=\"_blank\" rel=\"noopener\">F\u00edsica Aplicada e Ingenier\u00eda de materiales<\/a><\/p>\n<\/li>\n<\/ul>\n<p><b>Institutos y centros tecnol\u00f3gicos<\/b><\/p>\n<ul>\n<li><a href=\"https:\/\/insia-upm.es\/\">Instituto de Investigaci\u00f3n del Autom\u00f3vil (INSIA)<\/a><\/li>\n<li><a href=\"https:\/\/www.upmlaser.upm.es\/\" target=\"_blank\" rel=\"noopener\">Centro L\u00e1ser<\/a><\/li>\n<\/ul>\n<p class=\"western\"><b>Grupos de investigaci\u00f3n UPM <br \/><\/b><\/p>\n<ul>\n<li><a href=\"https:\/\/insia-upm.es\/\" target=\"_blank\" rel=\"noopener\">Seguridad e Impacto Medioambiental de Veh\u00edculos y Transportes<\/a>.<\/li>\n<li><a href=\"https:\/\/www.upmlaser.upm.es\/\" target=\"_blank\" rel=\"noopener\">Ingenier\u00eda y Aplicaciones del L\u00e1ser.<\/a><\/li>\n<li><a href=\"http:\/\/fabricacion.industriales.upm.es\/\" target=\"_blank\" rel=\"noopener\">Ingenier\u00eda de Fabricaci\u00f3n.<\/a><\/li>\n<li><a href=\"http:\/\/www.dim.etsii.upm.es\/\" target=\"_blank\" rel=\"noopener\">Ingenier\u00eda de M\u00e1quinas<\/a>.<\/li>\n<li><a href=\"http:\/\/www.upm.es\/observatorio\/vi\/index.jsp?pageac=grupo.jsp&amp;idGrupo=225\" target=\"_blank\" rel=\"noopener\">Ingenier\u00eda S\u00edsmica: Din\u00e1mica de Suelos y Estructuras.<\/a><\/li>\n<li><a href=\"http:\/\/www.i2a2.upm.es\/\" target=\"_blank\" rel=\"noopener\">Instrumentaci\u00f3n y Ac\u00fastica Aplicada<\/a>.<\/li>\n<li><a href=\"http:\/\/simula.industriales.upm.es\/\" target=\"_blank\" rel=\"noopener\">Modelado y Simulaci\u00f3n en Ingenier\u00eda Mec\u00e1nica<\/a><\/li>\n<li>An\u00e1lisis Biomecanico<\/li>\n<li><a href=\"http:\/\/gofb-upm.es\/\" target=\"_blank\" rel=\"noopener\">\u00d3ptica, Fot\u00f3nica y Biofot\u00f3nica<\/a><\/li>\n<\/ul>\n<p class=\"western\"><b>Herramientas para el alumno<br \/><\/b><\/p>\n<ul>\n<li><a href=\"http:\/\/aulaweb.etsii.upm.es\/webaula\/privado\/login.asp\" target=\"_blank\" rel=\"noopener\">Aulaweb<\/a><\/li>\n<li><a href=\"https:\/\/moodle.upm.es\/\" target=\"_blank\" rel=\"noopener\">Moodle<\/a><\/li>\n<li><a href=\"http:\/\/biblioteca.etsii.upm.es\/\" target=\"_blank\" rel=\"noopener\">Biblioteca ETSII<\/a><\/li>\n<li><a href=\"http:\/\/oa.upm.es\/\">Bibioteca UPM (<\/a><a href=\"http:\/\/oa.upm.es\/\" target=\"_blank\" rel=\"noopener\">archivo digital tesis)<\/a><\/li>\n<\/ul>\n<\/div>\n\n\n<p><\/p>\n","protected":false},"excerpt":{"rendered":"<p>Informaci\u00f3n general y normativa del doctorado en la UPM Preguntas frecuentes Estudios de doctorado en la UPM Normativa de doctorado Acceso, admisi\u00f3n y matr\u00edcula Ayudas para la realizacion del doctorado Tesis doctoral Informaci\u00f3n general de departamentos Ingenier\u00eda Mec\u00e1nica F\u00edsica Aplicada <a href=\"http:\/\/dimec.etsii.upm.es\/doctorado\/index.php\/enlaces\/\" class=\"read-more\">Leer m\u00e1s&#8230;<\/a><\/p>\n","protected":false},"author":1,"featured_media":0,"parent":0,"menu_order":0,"comment_status":"closed","ping_status":"closed","template":"","meta":[],"yoast_head":"<!-- This site is optimized with the Yoast SEO plugin v18.2 - https:\/\/yoast.com\/wordpress\/plugins\/seo\/ -->\n<title>Informaci\u00f3n y enlaces - DOCTORADO INGENIERIA MEC\u00c1NICA<\/title>\n<meta name=\"description\" content=\"enlaces de inter\u00e9s del Doctorado ingenier\u00eda mec\u00e1nica de la universidad polit\u00e9cnica de Madrid.\" \/>\n<meta name=\"robots\" content=\"index, follow, max-snippet:-1, max-image-preview:large, max-video-preview:-1\" \/>\n<link rel=\"canonical\" href=\"http:\/\/dimec.etsii.upm.es\/doctorado\/index.php\/enlaces\/\" \/>\n<meta property=\"og:locale\" content=\"es_ES\" \/>\n<meta property=\"og:type\" content=\"article\" \/>\n<meta property=\"og:title\" content=\"Informaci\u00f3n y enlaces - DOCTORADO INGENIERIA MEC\u00c1NICA\" \/>\n<meta property=\"og:description\" content=\"enlaces de inter\u00e9s del Doctorado ingenier\u00eda mec\u00e1nica de la universidad polit\u00e9cnica de Madrid.\" \/>\n<meta property=\"og:url\" content=\"http:\/\/dimec.etsii.upm.es\/doctorado\/index.php\/enlaces\/\" \/>\n<meta property=\"og:site_name\" content=\"DOCTORADO INGENIERIA MEC\u00c1NICA\" \/>\n<meta property=\"article:modified_time\" content=\"2022-02-26T16:53:14+00:00\" \/>\n<meta name=\"twitter:card\" content=\"summary\" \/>\n<meta name=\"twitter:label1\" content=\"Tiempo de lectura\" \/>\n\t<meta name=\"twitter:data1\" content=\"1 minuto\" \/>\n<script type=\"application\/ld+json\" class=\"yoast-schema-graph\">{\"@context\":\"https:\/\/schema.org\",\"@graph\":[{\"@type\":\"WebSite\",\"@id\":\"https:\/\/dimec.etsii.upm.es\/doctorado\/#website\",\"url\":\"https:\/\/dimec.etsii.upm.es\/doctorado\/\",\"name\":\"DOCTORADO INGENIERIA MEC\u00c1NICA\",\"description\":\"\",\"potentialAction\":[{\"@type\":\"SearchAction\",\"target\":{\"@type\":\"EntryPoint\",\"urlTemplate\":\"https:\/\/dimec.etsii.upm.es\/doctorado\/?s={search_term_string}\"},\"query-input\":\"required name=search_term_string\"}],\"inLanguage\":\"es\"},{\"@type\":\"WebPage\",\"@id\":\"http:\/\/dimec.etsii.upm.es\/doctorado\/index.php\/enlaces\/#webpage\",\"url\":\"http:\/\/dimec.etsii.upm.es\/doctorado\/index.php\/enlaces\/\",\"name\":\"Informaci\u00f3n y enlaces - DOCTORADO INGENIERIA MEC\u00c1NICA\",\"isPartOf\":{\"@id\":\"https:\/\/dimec.etsii.upm.es\/doctorado\/#website\"},\"datePublished\":\"2016-05-30T10:05:55+00:00\",\"dateModified\":\"2022-02-26T16:53:14+00:00\",\"description\":\"enlaces de inter\u00e9s del Doctorado ingenier\u00eda mec\u00e1nica de la universidad polit\u00e9cnica de Madrid.\",\"breadcrumb\":{\"@id\":\"http:\/\/dimec.etsii.upm.es\/doctorado\/index.php\/enlaces\/#breadcrumb\"},\"inLanguage\":\"es\",\"potentialAction\":[{\"@type\":\"ReadAction\",\"target\":[\"http:\/\/dimec.etsii.upm.es\/doctorado\/index.php\/enlaces\/\"]}]},{\"@type\":\"BreadcrumbList\",\"@id\":\"http:\/\/dimec.etsii.upm.es\/doctorado\/index.php\/enlaces\/#breadcrumb\",\"itemListElement\":[{\"@type\":\"ListItem\",\"position\":1,\"name\":\"Portada\",\"item\":\"https:\/\/dimec.etsii.upm.es\/doctorado\/\"},{\"@type\":\"ListItem\",\"position\":2,\"name\":\"Informaci\u00f3n y enlaces\"}]}]}<\/script>\n<!-- \/ Yoast SEO plugin. -->","yoast_head_json":{"title":"Informaci\u00f3n y enlaces - DOCTORADO INGENIERIA MEC\u00c1NICA","description":"enlaces de inter\u00e9s del Doctorado ingenier\u00eda mec\u00e1nica de la universidad polit\u00e9cnica de Madrid.","robots":{"index":"index","follow":"follow","max-snippet":"max-snippet:-1","max-image-preview":"max-image-preview:large","max-video-preview":"max-video-preview:-1"},"canonical":"http:\/\/dimec.etsii.upm.es\/doctorado\/index.php\/enlaces\/","og_locale":"es_ES","og_type":"article","og_title":"Informaci\u00f3n y enlaces - DOCTORADO INGENIERIA MEC\u00c1NICA","og_description":"enlaces de inter\u00e9s del Doctorado ingenier\u00eda mec\u00e1nica de la universidad polit\u00e9cnica de Madrid.","og_url":"http:\/\/dimec.etsii.upm.es\/doctorado\/index.php\/enlaces\/","og_site_name":"DOCTORADO INGENIERIA MEC\u00c1NICA","article_modified_time":"2022-02-26T16:53:14+00:00","twitter_card":"summary","twitter_misc":{"Tiempo de lectura":"1 minuto"},"schema":{"@context":"https:\/\/schema.org","@graph":[{"@type":"WebSite","@id":"https:\/\/dimec.etsii.upm.es\/doctorado\/#website","url":"https:\/\/dimec.etsii.upm.es\/doctorado\/","name":"DOCTORADO INGENIERIA MEC\u00c1NICA","description":"","potentialAction":[{"@type":"SearchAction","target":{"@type":"EntryPoint","urlTemplate":"https:\/\/dimec.etsii.upm.es\/doctorado\/?s={search_term_string}"},"query-input":"required name=search_term_string"}],"inLanguage":"es"},{"@type":"WebPage","@id":"http:\/\/dimec.etsii.upm.es\/doctorado\/index.php\/enlaces\/#webpage","url":"http:\/\/dimec.etsii.upm.es\/doctorado\/index.php\/enlaces\/","name":"Informaci\u00f3n y enlaces - DOCTORADO INGENIERIA MEC\u00c1NICA","isPartOf":{"@id":"https:\/\/dimec.etsii.upm.es\/doctorado\/#website"},"datePublished":"2016-05-30T10:05:55+00:00","dateModified":"2022-02-26T16:53:14+00:00","description":"enlaces de inter\u00e9s del Doctorado ingenier\u00eda mec\u00e1nica de la universidad polit\u00e9cnica de Madrid.","breadcrumb":{"@id":"http:\/\/dimec.etsii.upm.es\/doctorado\/index.php\/enlaces\/#breadcrumb"},"inLanguage":"es","potentialAction":[{"@type":"ReadAction","target":["http:\/\/dimec.etsii.upm.es\/doctorado\/index.php\/enlaces\/"]}]},{"@type":"BreadcrumbList","@id":"http:\/\/dimec.etsii.upm.es\/doctorado\/index.php\/enlaces\/#breadcrumb","itemListElement":[{"@type":"ListItem","position":1,"name":"Portada","item":"https:\/\/dimec.etsii.upm.es\/doctorado\/"},{"@type":"ListItem","position":2,"name":"Informaci\u00f3n y enlaces"}]}]}},"_links":{"self":[{"href":"http:\/\/dimec.etsii.upm.es\/doctorado\/index.php\/wp-json\/wp\/v2\/pages\/77"}],"collection":[{"href":"http:\/\/dimec.etsii.upm.es\/doctorado\/index.php\/wp-json\/wp\/v2\/pages"}],"about":[{"href":"http:\/\/dimec.etsii.upm.es\/doctorado\/index.php\/wp-json\/wp\/v2\/types\/page"}],"author":[{"embeddable":true,"href":"http:\/\/dimec.etsii.upm.es\/doctorado\/index.php\/wp-json\/wp\/v2\/users\/1"}],"replies":[{"embeddable":true,"href":"http:\/\/dimec.etsii.upm.es\/doctorado\/index.php\/wp-json\/wp\/v2\/comments?post=77"}],"version-history":[{"count":27,"href":"http:\/\/dimec.etsii.upm.es\/doctorado\/index.php\/wp-json\/wp\/v2\/pages\/77\/revisions"}],"predecessor-version":[{"id":648,"href":"http:\/\/dimec.etsii.upm.es\/doctorado\/index.php\/wp-json\/wp\/v2\/pages\/77\/revisions\/648"}],"wp:attachment":[{"href":"http:\/\/dimec.etsii.upm.es\/doctorado\/index.php\/wp-json\/wp\/v2\/media?parent=77"}],"curies":[{"name":"wp","href":"https:\/\/api.w.org\/{rel}","templated":true}]}}