{"id":558,"date":"2022-02-21T18:01:26","date_gmt":"2022-02-21T18:01:26","guid":{"rendered":"http:\/\/dimec.etsii.upm.es\/doctorado\/?page_id=558"},"modified":"2022-06-09T16:45:01","modified_gmt":"2022-06-09T16:45:01","slug":"informe-de-autoevaluacion","status":"publish","type":"page","link":"http:\/\/dimec.etsii.upm.es\/doctorado\/index.php\/informe-de-autoevaluacion\/","title":{"rendered":"Informe de autoevaluaci\u00f3n"},"content":{"rendered":"\n<p>El Programa de Doctorado en Ingenier\u00eda Mec\u00e1nica de la Universidad Polit\u00e9cnica de Madrid (UPM) se encuentra en el proceso de Renovaci\u00f3n de la Acreditaci\u00f3n 2021\/22 que gestiona la Fundaci\u00f3n Madri+d.<\/p>\n\n\n\n<p>Una vez entregado el informe de autoevaluaci\u00f3n, se inicia la Fase de \u201cTr\u00e1mite de Audiencia Abierta\u201d por parte de la Fundaci\u00f3n Madri+d, de forma que cualquier persona puede:<\/p>\n\n\n\n<ul><li>Acceder <a>al <\/a>Informe de Autoevaluaci\u00f3n del Programa del Doctorado en Ingenier\u00eda Mec\u00e1nica en el enlace <strong><a href=\"http:\/\/dimec.etsii.upm.es\/doctorado\/wp-content\/uploads\/2022\/06\/IA-RA-PD_Ing_Mecanica_UPM_completo_web.pdf\">INFORME AUTOEVALUACION<\/a><\/strong><\/li><li>Enviar opiniones sobre cualquier aspecto relacionado con el Programa de Doctorado a trav\u00e9s del \u201cFORMULARIO AUDIENCIA ABIERTA\u201d que se encuentra en el enlace <strong><a href=\"http:\/\/www.madrimasd.org\/audiencia_abierta\" target=\"_blank\" rel=\"noreferrer noopener\">\u201cFORMULARIO AUDIENCIA ABIERTA<\/a>\u00ab<\/strong><\/li><\/ul>\n\n\n\n<p>Las opiniones recabadas por la Fundaci\u00f3n Madri+d, destinataria del formulario, ser\u00e1n puestas a disposici\u00f3n de los miembros del panel de expertos que realiza la evaluaci\u00f3n para la Renovaci\u00f3n de la Acreditaci\u00f3n del Doctorado en Ingenier\u00eda Mec\u00e1nica de la UPM.<\/p>\n\n\n\n<hr class=\"wp-block-separator\"\/>\n\n\n\n<p><a id=\"_msocom_1\"><\/a><\/p>\n\n\n\n<p>&nbsp;<\/p>\n\n\n\n<p><\/p>\n\n\n\n<p><\/p>\n\n\n\n<p><\/p>\n\n\n\n<p><\/p>\n\n\n\n<p><\/p>\n","protected":false},"excerpt":{"rendered":"<p>El Programa de Doctorado en Ingenier\u00eda Mec\u00e1nica de la Universidad Polit\u00e9cnica de Madrid (UPM) se encuentra en el proceso de Renovaci\u00f3n de la Acreditaci\u00f3n 2021\/22 que gestiona la Fundaci\u00f3n Madri+d. Una vez entregado el informe de autoevaluaci\u00f3n, se inicia la <a href=\"http:\/\/dimec.etsii.upm.es\/doctorado\/index.php\/informe-de-autoevaluacion\/\" class=\"read-more\">Leer m\u00e1s&#8230;<\/a><\/p>\n","protected":false},"author":1,"featured_media":0,"parent":0,"menu_order":0,"comment_status":"closed","ping_status":"closed","template":"","meta":[],"yoast_head":"<!-- This site is optimized with the Yoast SEO plugin v18.2 - https:\/\/yoast.com\/wordpress\/plugins\/seo\/ -->\n<title>Informe de autoevaluaci\u00f3n - DOCTORADO INGENIERIA MEC\u00c1NICA<\/title>\n<meta name=\"description\" content=\"Doctorado ingenier\u00eda mec\u00e1nica de la universidad polit\u00e9cnica de Madrid.\" \/>\n<meta name=\"robots\" content=\"index, follow, max-snippet:-1, max-image-preview:large, max-video-preview:-1\" \/>\n<link rel=\"canonical\" href=\"http:\/\/dimec.etsii.upm.es\/doctorado\/index.php\/informe-de-autoevaluacion\/\" \/>\n<meta property=\"og:locale\" content=\"es_ES\" \/>\n<meta property=\"og:type\" content=\"article\" \/>\n<meta property=\"og:title\" content=\"Informe de autoevaluaci\u00f3n - DOCTORADO INGENIERIA MEC\u00c1NICA\" \/>\n<meta property=\"og:description\" content=\"Doctorado ingenier\u00eda mec\u00e1nica de la universidad polit\u00e9cnica de Madrid.\" \/>\n<meta property=\"og:url\" content=\"http:\/\/dimec.etsii.upm.es\/doctorado\/index.php\/informe-de-autoevaluacion\/\" \/>\n<meta property=\"og:site_name\" content=\"DOCTORADO INGENIERIA MEC\u00c1NICA\" \/>\n<meta property=\"article:modified_time\" content=\"2022-06-09T16:45:01+00:00\" \/>\n<meta name=\"twitter:card\" content=\"summary\" \/>\n<meta name=\"twitter:label1\" content=\"Tiempo de lectura\" \/>\n\t<meta name=\"twitter:data1\" content=\"1 minuto\" \/>\n<script type=\"application\/ld+json\" class=\"yoast-schema-graph\">{\"@context\":\"https:\/\/schema.org\",\"@graph\":[{\"@type\":\"WebSite\",\"@id\":\"https:\/\/dimec.etsii.upm.es\/doctorado\/#website\",\"url\":\"https:\/\/dimec.etsii.upm.es\/doctorado\/\",\"name\":\"DOCTORADO INGENIERIA MEC\u00c1NICA\",\"description\":\"\",\"potentialAction\":[{\"@type\":\"SearchAction\",\"target\":{\"@type\":\"EntryPoint\",\"urlTemplate\":\"https:\/\/dimec.etsii.upm.es\/doctorado\/?s={search_term_string}\"},\"query-input\":\"required name=search_term_string\"}],\"inLanguage\":\"es\"},{\"@type\":\"WebPage\",\"@id\":\"http:\/\/dimec.etsii.upm.es\/doctorado\/index.php\/informe-de-autoevaluacion\/#webpage\",\"url\":\"http:\/\/dimec.etsii.upm.es\/doctorado\/index.php\/informe-de-autoevaluacion\/\",\"name\":\"Informe de autoevaluaci\u00f3n - DOCTORADO INGENIERIA MEC\u00c1NICA\",\"isPartOf\":{\"@id\":\"https:\/\/dimec.etsii.upm.es\/doctorado\/#website\"},\"datePublished\":\"2022-02-21T18:01:26+00:00\",\"dateModified\":\"2022-06-09T16:45:01+00:00\",\"description\":\"Doctorado ingenier\u00eda mec\u00e1nica de la universidad polit\u00e9cnica de Madrid.\",\"breadcrumb\":{\"@id\":\"http:\/\/dimec.etsii.upm.es\/doctorado\/index.php\/informe-de-autoevaluacion\/#breadcrumb\"},\"inLanguage\":\"es\",\"potentialAction\":[{\"@type\":\"ReadAction\",\"target\":[\"http:\/\/dimec.etsii.upm.es\/doctorado\/index.php\/informe-de-autoevaluacion\/\"]}]},{\"@type\":\"BreadcrumbList\",\"@id\":\"http:\/\/dimec.etsii.upm.es\/doctorado\/index.php\/informe-de-autoevaluacion\/#breadcrumb\",\"itemListElement\":[{\"@type\":\"ListItem\",\"position\":1,\"name\":\"Portada\",\"item\":\"https:\/\/dimec.etsii.upm.es\/doctorado\/\"},{\"@type\":\"ListItem\",\"position\":2,\"name\":\"Informe de autoevaluaci\u00f3n\"}]}]}<\/script>\n<!-- \/ Yoast SEO plugin. -->","yoast_head_json":{"title":"Informe de autoevaluaci\u00f3n - DOCTORADO INGENIERIA MEC\u00c1NICA","description":"Doctorado ingenier\u00eda mec\u00e1nica de la universidad polit\u00e9cnica de Madrid.","robots":{"index":"index","follow":"follow","max-snippet":"max-snippet:-1","max-image-preview":"max-image-preview:large","max-video-preview":"max-video-preview:-1"},"canonical":"http:\/\/dimec.etsii.upm.es\/doctorado\/index.php\/informe-de-autoevaluacion\/","og_locale":"es_ES","og_type":"article","og_title":"Informe de autoevaluaci\u00f3n - DOCTORADO INGENIERIA MEC\u00c1NICA","og_description":"Doctorado ingenier\u00eda mec\u00e1nica de la universidad polit\u00e9cnica de Madrid.","og_url":"http:\/\/dimec.etsii.upm.es\/doctorado\/index.php\/informe-de-autoevaluacion\/","og_site_name":"DOCTORADO INGENIERIA MEC\u00c1NICA","article_modified_time":"2022-06-09T16:45:01+00:00","twitter_card":"summary","twitter_misc":{"Tiempo de lectura":"1 minuto"},"schema":{"@context":"https:\/\/schema.org","@graph":[{"@type":"WebSite","@id":"https:\/\/dimec.etsii.upm.es\/doctorado\/#website","url":"https:\/\/dimec.etsii.upm.es\/doctorado\/","name":"DOCTORADO INGENIERIA MEC\u00c1NICA","description":"","potentialAction":[{"@type":"SearchAction","target":{"@type":"EntryPoint","urlTemplate":"https:\/\/dimec.etsii.upm.es\/doctorado\/?s={search_term_string}"},"query-input":"required name=search_term_string"}],"inLanguage":"es"},{"@type":"WebPage","@id":"http:\/\/dimec.etsii.upm.es\/doctorado\/index.php\/informe-de-autoevaluacion\/#webpage","url":"http:\/\/dimec.etsii.upm.es\/doctorado\/index.php\/informe-de-autoevaluacion\/","name":"Informe de autoevaluaci\u00f3n - DOCTORADO INGENIERIA MEC\u00c1NICA","isPartOf":{"@id":"https:\/\/dimec.etsii.upm.es\/doctorado\/#website"},"datePublished":"2022-02-21T18:01:26+00:00","dateModified":"2022-06-09T16:45:01+00:00","description":"Doctorado ingenier\u00eda mec\u00e1nica de la universidad polit\u00e9cnica de Madrid.","breadcrumb":{"@id":"http:\/\/dimec.etsii.upm.es\/doctorado\/index.php\/informe-de-autoevaluacion\/#breadcrumb"},"inLanguage":"es","potentialAction":[{"@type":"ReadAction","target":["http:\/\/dimec.etsii.upm.es\/doctorado\/index.php\/informe-de-autoevaluacion\/"]}]},{"@type":"BreadcrumbList","@id":"http:\/\/dimec.etsii.upm.es\/doctorado\/index.php\/informe-de-autoevaluacion\/#breadcrumb","itemListElement":[{"@type":"ListItem","position":1,"name":"Portada","item":"https:\/\/dimec.etsii.upm.es\/doctorado\/"},{"@type":"ListItem","position":2,"name":"Informe de autoevaluaci\u00f3n"}]}]}},"_links":{"self":[{"href":"http:\/\/dimec.etsii.upm.es\/doctorado\/index.php\/wp-json\/wp\/v2\/pages\/558"}],"collection":[{"href":"http:\/\/dimec.etsii.upm.es\/doctorado\/index.php\/wp-json\/wp\/v2\/pages"}],"about":[{"href":"http:\/\/dimec.etsii.upm.es\/doctorado\/index.php\/wp-json\/wp\/v2\/types\/page"}],"author":[{"embeddable":true,"href":"http:\/\/dimec.etsii.upm.es\/doctorado\/index.php\/wp-json\/wp\/v2\/users\/1"}],"replies":[{"embeddable":true,"href":"http:\/\/dimec.etsii.upm.es\/doctorado\/index.php\/wp-json\/wp\/v2\/comments?post=558"}],"version-history":[{"count":4,"href":"http:\/\/dimec.etsii.upm.es\/doctorado\/index.php\/wp-json\/wp\/v2\/pages\/558\/revisions"}],"predecessor-version":[{"id":677,"href":"http:\/\/dimec.etsii.upm.es\/doctorado\/index.php\/wp-json\/wp\/v2\/pages\/558\/revisions\/677"}],"wp:attachment":[{"href":"http:\/\/dimec.etsii.upm.es\/doctorado\/index.php\/wp-json\/wp\/v2\/media?parent=558"}],"curies":[{"name":"wp","href":"https:\/\/api.w.org\/{rel}","templated":true}]}}