{"id":307,"date":"2021-03-13T14:14:43","date_gmt":"2021-03-13T14:14:43","guid":{"rendered":"http:\/\/dimec.etsii.upm.es\/doctorado\/?page_id=307"},"modified":"2022-02-21T17:45:50","modified_gmt":"2022-02-21T17:45:50","slug":"normativa","status":"publish","type":"page","link":"http:\/\/dimec.etsii.upm.es\/doctorado\/index.php\/normativa\/","title":{"rendered":"Normativa"},"content":{"rendered":"\n<p>Toda la normativa actualizada que afecta a lo estudios de doctorado y a la elaboraci\u00f3n, tramitaci\u00f3n y presentaci\u00f3n de la tesis se puede consultar en las p\u00e1ginas especificas de la Universidad Politecnica de Madrid:<\/p>\n\n\n\n<p><strong><a href=\"https:\/\/www.upm.es\/Estudiantes\/Estudios_Titulaciones\/Estudios_Doctorado\" target=\"_blank\" rel=\"noreferrer noopener\">Informacion general<\/a> <\/strong>sobre los estudios de doctorado; formaci\u00f3n transversal y colaboraciones Docentes, planes anuales de investigaci\u00f3n, ayudas para doctorado y postdoctorado, preguntas frecuentes. <\/p>\n\n\n\n<p><a href=\"https:\/\/www.upm.es\/Estudiantes\/Estudios_Titulaciones\/Estudios_Doctorado\/normativa\" target=\"_blank\" rel=\"noreferrer noopener\"><strong>Normativa especifica general  <\/strong><\/a>\u00a0de los estudios de doctorado<\/p>\n\n\n\n<p><strong><a href=\"https:\/\/www.upm.es\/Estudiantes\/Estudios_Titulaciones\/Estudios_Doctorado\/Tesis\">Normas y procedimientos<\/a> <\/strong>sobre la tesis doctoral<\/p>\n","protected":false},"excerpt":{"rendered":"<p>Toda la normativa actualizada que afecta a lo estudios de doctorado y a la elaboraci\u00f3n, tramitaci\u00f3n y presentaci\u00f3n de la tesis se puede consultar en las p\u00e1ginas especificas de la Universidad Politecnica de Madrid: Informacion general sobre los estudios de <a href=\"http:\/\/dimec.etsii.upm.es\/doctorado\/index.php\/normativa\/\" class=\"read-more\">Leer m\u00e1s&#8230;<\/a><\/p>\n","protected":false},"author":1,"featured_media":0,"parent":0,"menu_order":0,"comment_status":"closed","ping_status":"closed","template":"","meta":[],"yoast_head":"<!-- This site is optimized with the Yoast SEO plugin v18.2 - https:\/\/yoast.com\/wordpress\/plugins\/seo\/ -->\n<title>Normativa - DOCTORADO INGENIERIA MEC\u00c1NICA<\/title>\n<meta name=\"description\" content=\"Doctorado ingenier\u00eda mec\u00e1nica de la universidad polit\u00e9cnica de Madrid.\" \/>\n<meta name=\"robots\" content=\"index, follow, max-snippet:-1, max-image-preview:large, max-video-preview:-1\" \/>\n<link rel=\"canonical\" href=\"https:\/\/dimec.etsii.upm.es\/doctorado\/index.php\/normativa\/\" \/>\n<meta property=\"og:locale\" content=\"es_ES\" \/>\n<meta property=\"og:type\" content=\"article\" \/>\n<meta property=\"og:title\" content=\"Normativa - DOCTORADO INGENIERIA MEC\u00c1NICA\" \/>\n<meta property=\"og:description\" content=\"Doctorado ingenier\u00eda mec\u00e1nica de la universidad polit\u00e9cnica de Madrid.\" \/>\n<meta property=\"og:url\" content=\"https:\/\/dimec.etsii.upm.es\/doctorado\/index.php\/normativa\/\" \/>\n<meta property=\"og:site_name\" content=\"DOCTORADO INGENIERIA MEC\u00c1NICA\" \/>\n<meta property=\"article:modified_time\" content=\"2022-02-21T17:45:50+00:00\" \/>\n<meta name=\"twitter:card\" content=\"summary\" \/>\n<meta name=\"twitter:label1\" content=\"Tiempo de lectura\" \/>\n\t<meta name=\"twitter:data1\" content=\"1 minuto\" \/>\n<script type=\"application\/ld+json\" class=\"yoast-schema-graph\">{\"@context\":\"https:\/\/schema.org\",\"@graph\":[{\"@type\":\"WebSite\",\"@id\":\"http:\/\/dimec.etsii.upm.es\/doctorado\/#website\",\"url\":\"http:\/\/dimec.etsii.upm.es\/doctorado\/\",\"name\":\"DOCTORADO INGENIERIA MEC\u00c1NICA\",\"description\":\"\",\"potentialAction\":[{\"@type\":\"SearchAction\",\"target\":{\"@type\":\"EntryPoint\",\"urlTemplate\":\"http:\/\/dimec.etsii.upm.es\/doctorado\/?s={search_term_string}\"},\"query-input\":\"required name=search_term_string\"}],\"inLanguage\":\"es\"},{\"@type\":\"WebPage\",\"@id\":\"https:\/\/dimec.etsii.upm.es\/doctorado\/index.php\/normativa\/#webpage\",\"url\":\"https:\/\/dimec.etsii.upm.es\/doctorado\/index.php\/normativa\/\",\"name\":\"Normativa - DOCTORADO INGENIERIA MEC\u00c1NICA\",\"isPartOf\":{\"@id\":\"http:\/\/dimec.etsii.upm.es\/doctorado\/#website\"},\"datePublished\":\"2021-03-13T14:14:43+00:00\",\"dateModified\":\"2022-02-21T17:45:50+00:00\",\"description\":\"Doctorado ingenier\u00eda mec\u00e1nica de la universidad polit\u00e9cnica de Madrid.\",\"breadcrumb\":{\"@id\":\"https:\/\/dimec.etsii.upm.es\/doctorado\/index.php\/normativa\/#breadcrumb\"},\"inLanguage\":\"es\",\"potentialAction\":[{\"@type\":\"ReadAction\",\"target\":[\"https:\/\/dimec.etsii.upm.es\/doctorado\/index.php\/normativa\/\"]}]},{\"@type\":\"BreadcrumbList\",\"@id\":\"https:\/\/dimec.etsii.upm.es\/doctorado\/index.php\/normativa\/#breadcrumb\",\"itemListElement\":[{\"@type\":\"ListItem\",\"position\":1,\"name\":\"Portada\",\"item\":\"http:\/\/dimec.etsii.upm.es\/doctorado\/\"},{\"@type\":\"ListItem\",\"position\":2,\"name\":\"Normativa\"}]}]}<\/script>\n<!-- \/ Yoast SEO plugin. -->","yoast_head_json":{"title":"Normativa - DOCTORADO INGENIERIA MEC\u00c1NICA","description":"Doctorado ingenier\u00eda mec\u00e1nica de la universidad polit\u00e9cnica de Madrid.","robots":{"index":"index","follow":"follow","max-snippet":"max-snippet:-1","max-image-preview":"max-image-preview:large","max-video-preview":"max-video-preview:-1"},"canonical":"https:\/\/dimec.etsii.upm.es\/doctorado\/index.php\/normativa\/","og_locale":"es_ES","og_type":"article","og_title":"Normativa - DOCTORADO INGENIERIA MEC\u00c1NICA","og_description":"Doctorado ingenier\u00eda mec\u00e1nica de la universidad polit\u00e9cnica de Madrid.","og_url":"https:\/\/dimec.etsii.upm.es\/doctorado\/index.php\/normativa\/","og_site_name":"DOCTORADO INGENIERIA MEC\u00c1NICA","article_modified_time":"2022-02-21T17:45:50+00:00","twitter_card":"summary","twitter_misc":{"Tiempo de lectura":"1 minuto"},"schema":{"@context":"https:\/\/schema.org","@graph":[{"@type":"WebSite","@id":"http:\/\/dimec.etsii.upm.es\/doctorado\/#website","url":"http:\/\/dimec.etsii.upm.es\/doctorado\/","name":"DOCTORADO INGENIERIA MEC\u00c1NICA","description":"","potentialAction":[{"@type":"SearchAction","target":{"@type":"EntryPoint","urlTemplate":"http:\/\/dimec.etsii.upm.es\/doctorado\/?s={search_term_string}"},"query-input":"required name=search_term_string"}],"inLanguage":"es"},{"@type":"WebPage","@id":"https:\/\/dimec.etsii.upm.es\/doctorado\/index.php\/normativa\/#webpage","url":"https:\/\/dimec.etsii.upm.es\/doctorado\/index.php\/normativa\/","name":"Normativa - DOCTORADO INGENIERIA MEC\u00c1NICA","isPartOf":{"@id":"http:\/\/dimec.etsii.upm.es\/doctorado\/#website"},"datePublished":"2021-03-13T14:14:43+00:00","dateModified":"2022-02-21T17:45:50+00:00","description":"Doctorado ingenier\u00eda mec\u00e1nica de la universidad polit\u00e9cnica de Madrid.","breadcrumb":{"@id":"https:\/\/dimec.etsii.upm.es\/doctorado\/index.php\/normativa\/#breadcrumb"},"inLanguage":"es","potentialAction":[{"@type":"ReadAction","target":["https:\/\/dimec.etsii.upm.es\/doctorado\/index.php\/normativa\/"]}]},{"@type":"BreadcrumbList","@id":"https:\/\/dimec.etsii.upm.es\/doctorado\/index.php\/normativa\/#breadcrumb","itemListElement":[{"@type":"ListItem","position":1,"name":"Portada","item":"http:\/\/dimec.etsii.upm.es\/doctorado\/"},{"@type":"ListItem","position":2,"name":"Normativa"}]}]}},"_links":{"self":[{"href":"http:\/\/dimec.etsii.upm.es\/doctorado\/index.php\/wp-json\/wp\/v2\/pages\/307"}],"collection":[{"href":"http:\/\/dimec.etsii.upm.es\/doctorado\/index.php\/wp-json\/wp\/v2\/pages"}],"about":[{"href":"http:\/\/dimec.etsii.upm.es\/doctorado\/index.php\/wp-json\/wp\/v2\/types\/page"}],"author":[{"embeddable":true,"href":"http:\/\/dimec.etsii.upm.es\/doctorado\/index.php\/wp-json\/wp\/v2\/users\/1"}],"replies":[{"embeddable":true,"href":"http:\/\/dimec.etsii.upm.es\/doctorado\/index.php\/wp-json\/wp\/v2\/comments?post=307"}],"version-history":[{"count":7,"href":"http:\/\/dimec.etsii.upm.es\/doctorado\/index.php\/wp-json\/wp\/v2\/pages\/307\/revisions"}],"predecessor-version":[{"id":541,"href":"http:\/\/dimec.etsii.upm.es\/doctorado\/index.php\/wp-json\/wp\/v2\/pages\/307\/revisions\/541"}],"wp:attachment":[{"href":"http:\/\/dimec.etsii.upm.es\/doctorado\/index.php\/wp-json\/wp\/v2\/media?parent=307"}],"curies":[{"name":"wp","href":"https:\/\/api.w.org\/{rel}","templated":true}]}}