{"id":305,"date":"2021-03-13T14:13:58","date_gmt":"2021-03-13T14:13:58","guid":{"rendered":"http:\/\/dimec.etsii.upm.es\/doctorado\/?page_id=305"},"modified":"2023-07-11T11:18:45","modified_gmt":"2023-07-11T11:18:45","slug":"elaboracion-y-defensa","status":"publish","type":"page","link":"http:\/\/dimec.etsii.upm.es\/doctorado\/index.php\/elaboracion-y-defensa\/","title":{"rendered":"Elaboraci\u00f3n y defensa"},"content":{"rendered":"\n<p>Durante el periodo de investigaci\u00f3n, el doctorando realizar\u00e1 una <strong>Tesis Doctoral<\/strong> en el seno de cualquiera de las unidades de investigaci\u00f3n asociadas al programa de doctorado o en cualquier otra instituci\u00f3n que acuerde la CAPD.<\/p>\n\n\n\n<p>La Tesis Doctoral es un trabajo de investigaci\u00f3n original realizado de forma individual por el candidato en cualquier \u00e1rea de la Ingenier\u00eda Mec\u00e1nica o relacionada con ella, independientemente de las l\u00edneas fundamentales del programa.<\/p>\n\n\n\n<p><strong><em>Tutor y director de tesis<\/em><\/strong><\/p>\n\n\n\n<p>Una vez admitido en el programa de doctorado, le ser\u00e1 asignado un tutor y, en el plazo m\u00e1ximo de 6 meses, un director de tesis.<\/p>\n\n\n\n<p>Tambi\u00e9n podr\u00e1 solicitar la codirecci\u00f3n de tesis en alguno de los siguientes supuestos: tesis interdisciplinar o intersectorial, tesis en cotutela o interinstitucional, menci\u00f3n de doctorado industrial, o la tesis permite la formaci\u00f3n como director de tesis de un director novel. La solicitud de codirecci\u00f3n se realizar\u00e1 preferentemente durante el primer a\u00f1o de desarrollo de la tesis, y en ning\u00fan caso durante el periodo de pr\u00f3rroga. El doctorando, tutor y director deber\u00e1n firmar el <a href=\"http:\/\/dimec.etsii.upm.es\/doctorado\/wp-content\/uploads\/2023\/01\/COMPROMISOS-PD-Ingenieria-Mecanica.pdf\" target=\"_blank\" rel=\"noreferrer noopener\">documento<\/a> que establece los compromisos de formaci\u00f3n y supervisi\u00f3n del doctorando.<\/p>\n\n\n\n<p><strong><em>Normativa de Permanencia<\/em><\/strong><\/p>\n\n\n\n<p>El doctorando causar\u00e1 baja en el PD por cualquiera de los siguientes motivos*: no haber satisfecho el pago de la tasa de tutela acad\u00e9mica; no haber presentado un informe anual o haber obtenido dos evaluaciones negativas de dicho informe; no haber depositado la tesis en el plazo m\u00e1ximo; haber sido sancionado mediante expediente disciplinario con una resoluci\u00f3n de desvinculaci\u00f3n del PD; por solicitud del doctorando.<\/p>\n\n\n\n<p>En el caso de haber causado baja definitiva en el PD por haber agotado el plazo m\u00e1ximo de dep\u00f3sito de la tesis, se podr\u00e1 solicitar la admisi\u00f3n para finalizar su tesis en otro PD de la UPM que guarde la suficiente afinidad cient\u00edfico-t\u00e9cnica con el anterior, siempre que concurran las condiciones fijadas en la <a href=\"https:\/\/www.upm.es\/sfs\/Rectorado\/Vicerrectorado%20de%20Investigacion\/Doctorado\/Normativa\/Documentos\/1_Normativa_de_permanencia_en_doctorado_2022.pdf\">normativa de permanencia de la UPM<\/a>*.<\/p>\n\n\n\n<p><em><strong>S<\/strong><\/em><strong><em>eguimiento de la Tesis<\/em><\/strong><\/p>\n\n\n\n<p>Anualmente es necesario elaborar el <a href=\"https:\/\/www.upm.es\/Estudiantes\/Estudios_Titulaciones\/Estudios_Doctorado\/PlanesAnuales\" target=\"_blank\" rel=\"noreferrer noopener\">Plan de Investigaci\u00f3n<\/a> y completar el documento de actividades. La Comisi\u00f3n Acad\u00e9mica del Programa de Doctorado eval\u00faa dicho Plan de Investigaci\u00f3n, junto con los informes que a tal efecto deber\u00e1n emitir el tutor y el director. La evaluaci\u00f3n positiva ser\u00e1 requisito indispensable para continuar en el programa. Es completamente necesario cumplimentar el Plan anual de investigaci\u00f3n en las fechas indicadas (orientativamente entre el 20 de junio y el 10 de julio de cada curso acad\u00e9mico. <em>La no cumplimentaci\u00f3n del Plan de Investigaci\u00f3n en tiempo y forma por parte del estudiante supone la baja autom\u00e1tica del Programa de Doctorado<\/em>.<\/p>\n\n\n\n<p>En caso de evaluaci\u00f3n negativa, que ser\u00e1 debidamente motivada, el doctorando deber\u00e1 ser de nuevo evaluado en el plazo de seis meses, a cuyo efecto elaborar\u00e1 un nuevo Plan de Investigaci\u00f3n. En el supuesto de producirse nueva evaluaci\u00f3n negativa, el doctorando causar\u00e1 baja definitiva en el programa.<\/p>\n\n\n\n<p><strong><em><strong><em>Duraci\u00f3n de los estudios de doctorado y pr\u00f3rrogas<\/em><\/strong><\/em><\/strong><\/p>\n\n\n\n<p>Los estudios de doctorado podr\u00e1n realizarse a tiempo completo o a tiempo parcial. El periodo ordinario de desarrollo de la tesis ser\u00e1 de un m\u00e1ximo de tres a\u00f1os a tiempo completo o de cinco a\u00f1os a tiempo parcial, a contar desde la fecha efectiva de primera matr\u00edcula hasta la fecha de solicitud de dep\u00f3sito de la tesis.<\/p>\n\n\n\n<p>Podr\u00e1 autorizarse un periodo de pr\u00f3rroga ordinaria de desarrollo de la tesis, que excepcionalmente podr\u00e1 ampliarse a una pr\u00f3rroga extraordinaria, en las condiciones y plazos recogidos en la normativa de permanencia de la UPM (a\u00f1adir enlce https:\/\/www.upm.es\/sfs\/Rectorado\/Vicerrectorado%20de%20Investigacion\/Doctorado\/Normativa\/Documentos\/1_Normativa_de_permanencia_en_doctorado_2022.pdf).<\/p>\n\n\n\n<p>A los efectos del c\u00e1lculo del plazo m\u00e1ximo de duraci\u00f3n de los estudios de doctorado, no computar\u00e1n los periodos de baja temporal o cualquier otra circunstancia prevista por la normativa de estudios de doctorado de la Universidad Polit\u00e9cnica de Madrid.<\/p>\n\n\n\n<p>La solicitud de pr\u00f3rroga tanto ordinaria como extraordinaria deber\u00e1 presentarse al menos 135 d\u00edas naturales antes de la fecha en la que termina el periodo ordinario (fecha de dep\u00f3sito de la tesis).<\/p>\n\n\n\n<p><\/p>\n\n\n\n<p><strong><em>Criterios para la presentaci\u00f3n de Tesis<\/em><\/strong><\/p>\n\n\n\n<p>La aceptaci\u00f3n de la defensa de la tesis doctoral por parte de la CAPD estar\u00e1 supeditada a la finalizacion de las actividades formativas y al cumplimiento de unos requisitos m\u00ednimos de producci\u00f3n cient\u00edfica de calidad acordes a la b\u00fasqueda de la excelencia investigadora. Ser\u00e1 requisito obligatorio la publicaci\u00f3n de los resultados en <strong>revistas internacionales<\/strong> que aparezcan indexadas en la base de datos del <strong>\u201cJournal Citation Reports\u201d (JCR)<\/strong>. La Comisi\u00f3n dar\u00e1 su acuerdo si se cumple la obtenci\u00f3n de al menos <strong>un punto<\/strong> en un m\u00e1ximo de dos art\u00edculos seg\u00fan el siguiente baremo:<\/p>\n\n\n\n<p>Revista situada en el cuartil 1 (C1) de su grupo: 1 punto<br>Revista situada en el cuartil 2 (C2) de su grupo: 0,75 puntos<br>Revista situada en el cuartil 3 (C3) de su grupo: 0,5 puntos<br>Revista situada en el cuartil 4 (C4) de su grupo: 0,25 puntos<\/p>\n\n\n\n<p>Las<strong> patentes<\/strong> tambien se considerar\u00e1n como producci\u00f3n cient\u00edfica de calidad de acuerdo a los siguientes criterios:<\/p>\n\n\n\n<ul><li>Patentes extendidas internacionalmente, concedidas con examen previo y en explotaci\u00f3n se consideran como m\u00e9rito equivalente a una publicaci\u00f3n de primer cuartil.<\/li><\/ul>\n\n\n\n<ul><li>Patentes nacionales concedidas con examen previo se consideran como m\u00e9rito equivalente a una publicaci\u00f3n de segundo cuartil.<\/li><\/ul>\n\n\n\n<ul><li>Patentes concedidas sin examen previo no se consideran.<\/li><\/ul>\n\n\n\n<p><strong><em>Procedimiento para la presentaci\u00f3n de tesis<\/em><\/strong><\/p>\n\n\n\n<p>Concluido el trabajo y redactada la versi\u00f3n provisional de la tesis, y con evaluaci\u00f3n positiva del \u00faltimo Plan de Investigaci\u00f3n presentado y de las actividades de formaci\u00f3n doctoral requeridas, el doctorando lo comunicar\u00e1 a la CAPD, adjuntando un informe del director o directores de la tesis doctoral.<\/p>\n\n\n\n<p>El solicitante deber\u00e1 aportar tambi\u00e9n todas las publicaciones relacionadas con el tema de la tesis. La CAPD analizar\u00e1 las publicaciones presentadas para ver si la tesis alcanza el nivel de calidad suficiente.&nbsp;<\/p>\n\n\n\n<p>Si se cumplen los requisitos previstos en el mecanismo de indicios de calidad, la CAPD emitir\u00e1 el correspondiente informe positivo. El centro responsable del programa de doctorado deber\u00e1 certificar que se cumple dicho avance de resultados antes del dep\u00f3sito de la tesis doctoral, informando de forma conveniente a la Comisi\u00f3n de Doctorado de la UPM.<\/p>\n\n\n\n<p><em><strong>Pro<\/strong><\/em><strong><em>cedimientos de dep\u00f3sito de la Memoria de Tesis<\/em><\/strong><\/p>\n\n\n\n<p>Por Polit\u00e9cnica Virtual se pueden depositar tesis de hasta un m\u00e1ximo de 20 Mb. En caso de que la tesis sea mayor de 20 Mb y hasta un m\u00e1ximo de 100 Mb, el dep\u00f3sito ha de realizarse por&nbsp;<a href=\"https:\/\/www.upm.es\/consigna\">Consigna<\/a>, o bien desde una cuenta upm.es o bien como invitado, y enviar el fichero a las dos direcciones siguientes: valle.hcordero@upm.es y doctorado@upm.es.<\/p>\n\n\n\n<p>En caso de que una vez depositada la tesis se detecten errores en la memoria, \u00e9sta no podr\u00e1 ser modificada. En su lugar, podr\u00e1 a\u00f1adirse a la tesis depositada una fe de erratas, mediante solicitud por parte del doctorando a la Comisi\u00f3n Acad\u00e9mica del Programa de Doctorado, que habr\u00e1 de autorizarla y comunicarlo a la Secci\u00f3n de Doctorado.<\/p>\n\n\n\n<p><em><strong>Defensa de la tesis<\/strong><\/em><\/p>\n\n\n\n<p>La tesis ser\u00e1 defendida p\u00fablicamente y evaluada por un Tribunal experto e independiente nombrado a tal efecto seg\u00fan la legislaci\u00f3n vigente.<\/p>\n\n\n\n<p><strong><em>Normativa<\/em><\/strong><\/p>\n\n\n\n<p>Toda la informacion relativa a los procedimientos, normas, recomendaciones e impresos relacionados con la Tesis Doctoral pueden consultarse en el siguiente <a href=\"https:\/\/www.upm.es\/Estudiantes\/Estudios_Titulaciones\/Estudios_Doctorado\/Tesis\">enlace<\/a>.<\/p>\n","protected":false},"excerpt":{"rendered":"<p>Durante el periodo de investigaci\u00f3n, el doctorando realizar\u00e1 una Tesis Doctoral en el seno de cualquiera de las unidades de investigaci\u00f3n asociadas al programa de doctorado o en cualquier otra instituci\u00f3n que acuerde la CAPD. La Tesis Doctoral es un <a href=\"http:\/\/dimec.etsii.upm.es\/doctorado\/index.php\/elaboracion-y-defensa\/\" class=\"read-more\">Leer m\u00e1s&#8230;<\/a><\/p>\n","protected":false},"author":1,"featured_media":0,"parent":0,"menu_order":0,"comment_status":"closed","ping_status":"closed","template":"","meta":[],"yoast_head":"<!-- This site is optimized with the Yoast SEO plugin v18.2 - https:\/\/yoast.com\/wordpress\/plugins\/seo\/ -->\n<title>Elaboraci\u00f3n y defensa - DOCTORADO INGENIERIA MEC\u00c1NICA<\/title>\n<meta name=\"description\" content=\"Doctorado ingenier\u00eda mec\u00e1nica de la universidad polit\u00e9cnica de Madrid.\" \/>\n<meta name=\"robots\" content=\"index, follow, max-snippet:-1, max-image-preview:large, max-video-preview:-1\" \/>\n<link rel=\"canonical\" href=\"https:\/\/dimec.etsii.upm.es\/doctorado\/index.php\/elaboracion-y-defensa\/\" \/>\n<meta property=\"og:locale\" content=\"es_ES\" \/>\n<meta property=\"og:type\" content=\"article\" \/>\n<meta property=\"og:title\" content=\"Elaboraci\u00f3n y defensa - DOCTORADO INGENIERIA MEC\u00c1NICA\" \/>\n<meta property=\"og:description\" content=\"Doctorado ingenier\u00eda mec\u00e1nica de la universidad polit\u00e9cnica de Madrid.\" \/>\n<meta property=\"og:url\" content=\"https:\/\/dimec.etsii.upm.es\/doctorado\/index.php\/elaboracion-y-defensa\/\" \/>\n<meta property=\"og:site_name\" content=\"DOCTORADO INGENIERIA MEC\u00c1NICA\" \/>\n<meta property=\"article:modified_time\" content=\"2023-07-11T11:18:45+00:00\" \/>\n<meta name=\"twitter:card\" content=\"summary\" \/>\n<meta name=\"twitter:label1\" content=\"Tiempo de lectura\" \/>\n\t<meta name=\"twitter:data1\" content=\"6 minutos\" \/>\n<script type=\"application\/ld+json\" class=\"yoast-schema-graph\">{\"@context\":\"https:\/\/schema.org\",\"@graph\":[{\"@type\":\"WebSite\",\"@id\":\"http:\/\/dimec.etsii.upm.es\/doctorado\/#website\",\"url\":\"http:\/\/dimec.etsii.upm.es\/doctorado\/\",\"name\":\"DOCTORADO INGENIERIA MEC\u00c1NICA\",\"description\":\"\",\"potentialAction\":[{\"@type\":\"SearchAction\",\"target\":{\"@type\":\"EntryPoint\",\"urlTemplate\":\"http:\/\/dimec.etsii.upm.es\/doctorado\/?s={search_term_string}\"},\"query-input\":\"required name=search_term_string\"}],\"inLanguage\":\"es\"},{\"@type\":\"WebPage\",\"@id\":\"https:\/\/dimec.etsii.upm.es\/doctorado\/index.php\/elaboracion-y-defensa\/#webpage\",\"url\":\"https:\/\/dimec.etsii.upm.es\/doctorado\/index.php\/elaboracion-y-defensa\/\",\"name\":\"Elaboraci\u00f3n y defensa - DOCTORADO INGENIERIA MEC\u00c1NICA\",\"isPartOf\":{\"@id\":\"http:\/\/dimec.etsii.upm.es\/doctorado\/#website\"},\"datePublished\":\"2021-03-13T14:13:58+00:00\",\"dateModified\":\"2023-07-11T11:18:45+00:00\",\"description\":\"Doctorado ingenier\u00eda mec\u00e1nica de la universidad polit\u00e9cnica de Madrid.\",\"breadcrumb\":{\"@id\":\"https:\/\/dimec.etsii.upm.es\/doctorado\/index.php\/elaboracion-y-defensa\/#breadcrumb\"},\"inLanguage\":\"es\",\"potentialAction\":[{\"@type\":\"ReadAction\",\"target\":[\"https:\/\/dimec.etsii.upm.es\/doctorado\/index.php\/elaboracion-y-defensa\/\"]}]},{\"@type\":\"BreadcrumbList\",\"@id\":\"https:\/\/dimec.etsii.upm.es\/doctorado\/index.php\/elaboracion-y-defensa\/#breadcrumb\",\"itemListElement\":[{\"@type\":\"ListItem\",\"position\":1,\"name\":\"Portada\",\"item\":\"http:\/\/dimec.etsii.upm.es\/doctorado\/\"},{\"@type\":\"ListItem\",\"position\":2,\"name\":\"Elaboraci\u00f3n y defensa\"}]}]}<\/script>\n<!-- \/ Yoast SEO plugin. -->","yoast_head_json":{"title":"Elaboraci\u00f3n y defensa - DOCTORADO INGENIERIA MEC\u00c1NICA","description":"Doctorado ingenier\u00eda mec\u00e1nica de la universidad polit\u00e9cnica de Madrid.","robots":{"index":"index","follow":"follow","max-snippet":"max-snippet:-1","max-image-preview":"max-image-preview:large","max-video-preview":"max-video-preview:-1"},"canonical":"https:\/\/dimec.etsii.upm.es\/doctorado\/index.php\/elaboracion-y-defensa\/","og_locale":"es_ES","og_type":"article","og_title":"Elaboraci\u00f3n y defensa - DOCTORADO INGENIERIA MEC\u00c1NICA","og_description":"Doctorado ingenier\u00eda mec\u00e1nica de la universidad polit\u00e9cnica de Madrid.","og_url":"https:\/\/dimec.etsii.upm.es\/doctorado\/index.php\/elaboracion-y-defensa\/","og_site_name":"DOCTORADO INGENIERIA MEC\u00c1NICA","article_modified_time":"2023-07-11T11:18:45+00:00","twitter_card":"summary","twitter_misc":{"Tiempo de lectura":"6 minutos"},"schema":{"@context":"https:\/\/schema.org","@graph":[{"@type":"WebSite","@id":"http:\/\/dimec.etsii.upm.es\/doctorado\/#website","url":"http:\/\/dimec.etsii.upm.es\/doctorado\/","name":"DOCTORADO INGENIERIA MEC\u00c1NICA","description":"","potentialAction":[{"@type":"SearchAction","target":{"@type":"EntryPoint","urlTemplate":"http:\/\/dimec.etsii.upm.es\/doctorado\/?s={search_term_string}"},"query-input":"required name=search_term_string"}],"inLanguage":"es"},{"@type":"WebPage","@id":"https:\/\/dimec.etsii.upm.es\/doctorado\/index.php\/elaboracion-y-defensa\/#webpage","url":"https:\/\/dimec.etsii.upm.es\/doctorado\/index.php\/elaboracion-y-defensa\/","name":"Elaboraci\u00f3n y defensa - DOCTORADO INGENIERIA MEC\u00c1NICA","isPartOf":{"@id":"http:\/\/dimec.etsii.upm.es\/doctorado\/#website"},"datePublished":"2021-03-13T14:13:58+00:00","dateModified":"2023-07-11T11:18:45+00:00","description":"Doctorado ingenier\u00eda mec\u00e1nica de la universidad polit\u00e9cnica de Madrid.","breadcrumb":{"@id":"https:\/\/dimec.etsii.upm.es\/doctorado\/index.php\/elaboracion-y-defensa\/#breadcrumb"},"inLanguage":"es","potentialAction":[{"@type":"ReadAction","target":["https:\/\/dimec.etsii.upm.es\/doctorado\/index.php\/elaboracion-y-defensa\/"]}]},{"@type":"BreadcrumbList","@id":"https:\/\/dimec.etsii.upm.es\/doctorado\/index.php\/elaboracion-y-defensa\/#breadcrumb","itemListElement":[{"@type":"ListItem","position":1,"name":"Portada","item":"http:\/\/dimec.etsii.upm.es\/doctorado\/"},{"@type":"ListItem","position":2,"name":"Elaboraci\u00f3n y defensa"}]}]}},"_links":{"self":[{"href":"http:\/\/dimec.etsii.upm.es\/doctorado\/index.php\/wp-json\/wp\/v2\/pages\/305"}],"collection":[{"href":"http:\/\/dimec.etsii.upm.es\/doctorado\/index.php\/wp-json\/wp\/v2\/pages"}],"about":[{"href":"http:\/\/dimec.etsii.upm.es\/doctorado\/index.php\/wp-json\/wp\/v2\/types\/page"}],"author":[{"embeddable":true,"href":"http:\/\/dimec.etsii.upm.es\/doctorado\/index.php\/wp-json\/wp\/v2\/users\/1"}],"replies":[{"embeddable":true,"href":"http:\/\/dimec.etsii.upm.es\/doctorado\/index.php\/wp-json\/wp\/v2\/comments?post=305"}],"version-history":[{"count":17,"href":"http:\/\/dimec.etsii.upm.es\/doctorado\/index.php\/wp-json\/wp\/v2\/pages\/305\/revisions"}],"predecessor-version":[{"id":689,"href":"http:\/\/dimec.etsii.upm.es\/doctorado\/index.php\/wp-json\/wp\/v2\/pages\/305\/revisions\/689"}],"wp:attachment":[{"href":"http:\/\/dimec.etsii.upm.es\/doctorado\/index.php\/wp-json\/wp\/v2\/media?parent=305"}],"curies":[{"name":"wp","href":"https:\/\/api.w.org\/{rel}","templated":true}]}}