{"id":294,"date":"2021-03-13T13:56:43","date_gmt":"2021-03-13T13:56:43","guid":{"rendered":"http:\/\/dimec.etsii.upm.es\/doctorado\/?page_id=294"},"modified":"2022-02-22T10:19:30","modified_gmt":"2022-02-22T10:19:30","slug":"admision","status":"publish","type":"page","link":"http:\/\/dimec.etsii.upm.es\/doctorado\/index.php\/admision\/","title":{"rendered":"Criterios de admisi\u00f3n"},"content":{"rendered":"\n<p>El programa de Doctorado en Ingenier\u00eda Mec\u00e1nica oferta anualmente <strong>25 plazas<\/strong> de nuevo ingreso.<\/p>\n\n\n\n<p>La admisi\u00f3n la realizar\u00e1 la Comisi\u00f3n del Programa de Doctorado de acuerdo con una serie de criterios y ponderaciones. En el caso de titulaciones con el perfil de ingenier\u00eda mec\u00e1nica o semejantes o ingenier\u00eda industrial son los siguientes:<\/p>\n\n\n\n<ul><li>Experiencia profesional o investigadora previa: 10%<\/li><li>Acreditaci\u00f3n de lengua inglesa superior al nivel B2: 10%<\/li><li>Historial acad\u00e9mico del candidato: 70%, subdividido en:<\/li><li>Nota media de los estudios previos: (70%)<\/li><li>Participaci\u00f3n en congresos, publicaciones en revistas, en actividades de investigaci\u00f3n, etc.: (30%)<\/li><li>Entrevista personal si la hubiere: 5%<\/li><li>Cartas de motivaci\u00f3n y recomendaci\u00f3n: 5%<\/li><\/ul>\n\n\n\n<p>Para otros perfiles como los relativos a titulaciones diferentes de las de ingenier\u00eda mec\u00e1nica como por ejemplo (no excluyentes) Ingenier\u00eda Civil, de Construcci\u00f3n, de Materiales, Agron\u00f3mica o Ciencias Matem\u00e1ticas, F\u00edsicas, Qu\u00edmicas o Biol\u00f3gicas, la ponderaci\u00f3n final se valorar\u00e1 aplicando el 90% a las ponderaciones anteriores.<\/p>\n","protected":false},"excerpt":{"rendered":"<p>El programa de Doctorado en Ingenier\u00eda Mec\u00e1nica oferta anualmente 25 plazas de nuevo ingreso. La admisi\u00f3n la realizar\u00e1 la Comisi\u00f3n del Programa de Doctorado de acuerdo con una serie de criterios y ponderaciones. En el caso de titulaciones con el <a href=\"http:\/\/dimec.etsii.upm.es\/doctorado\/index.php\/admision\/\" class=\"read-more\">Leer m\u00e1s&#8230;<\/a><\/p>\n","protected":false},"author":1,"featured_media":0,"parent":0,"menu_order":0,"comment_status":"closed","ping_status":"closed","template":"","meta":[],"yoast_head":"<!-- This site is optimized with the Yoast SEO plugin v18.2 - https:\/\/yoast.com\/wordpress\/plugins\/seo\/ -->\n<title>Criterios de admisi\u00f3n - DOCTORADO INGENIERIA MEC\u00c1NICA<\/title>\n<meta name=\"description\" content=\"Doctorado ingenier\u00eda mec\u00e1nica de la universidad polit\u00e9cnica de Madrid.\" \/>\n<meta name=\"robots\" content=\"index, follow, max-snippet:-1, max-image-preview:large, max-video-preview:-1\" \/>\n<link rel=\"canonical\" href=\"https:\/\/dimec.etsii.upm.es\/doctorado\/index.php\/admision\/\" \/>\n<meta property=\"og:locale\" content=\"es_ES\" \/>\n<meta property=\"og:type\" content=\"article\" \/>\n<meta property=\"og:title\" content=\"Criterios de admisi\u00f3n - DOCTORADO INGENIERIA MEC\u00c1NICA\" \/>\n<meta property=\"og:description\" content=\"Doctorado ingenier\u00eda mec\u00e1nica de la universidad polit\u00e9cnica de Madrid.\" \/>\n<meta property=\"og:url\" content=\"https:\/\/dimec.etsii.upm.es\/doctorado\/index.php\/admision\/\" \/>\n<meta property=\"og:site_name\" content=\"DOCTORADO INGENIERIA MEC\u00c1NICA\" \/>\n<meta property=\"article:modified_time\" content=\"2022-02-22T10:19:30+00:00\" \/>\n<meta name=\"twitter:card\" content=\"summary\" \/>\n<meta name=\"twitter:label1\" content=\"Tiempo de lectura\" \/>\n\t<meta name=\"twitter:data1\" content=\"1 minuto\" \/>\n<script type=\"application\/ld+json\" class=\"yoast-schema-graph\">{\"@context\":\"https:\/\/schema.org\",\"@graph\":[{\"@type\":\"WebSite\",\"@id\":\"https:\/\/dimec.etsii.upm.es\/doctorado\/#website\",\"url\":\"https:\/\/dimec.etsii.upm.es\/doctorado\/\",\"name\":\"DOCTORADO INGENIERIA MEC\u00c1NICA\",\"description\":\"\",\"potentialAction\":[{\"@type\":\"SearchAction\",\"target\":{\"@type\":\"EntryPoint\",\"urlTemplate\":\"https:\/\/dimec.etsii.upm.es\/doctorado\/?s={search_term_string}\"},\"query-input\":\"required name=search_term_string\"}],\"inLanguage\":\"es\"},{\"@type\":\"WebPage\",\"@id\":\"https:\/\/dimec.etsii.upm.es\/doctorado\/index.php\/admision\/#webpage\",\"url\":\"https:\/\/dimec.etsii.upm.es\/doctorado\/index.php\/admision\/\",\"name\":\"Criterios de admisi\u00f3n - DOCTORADO INGENIERIA MEC\u00c1NICA\",\"isPartOf\":{\"@id\":\"https:\/\/dimec.etsii.upm.es\/doctorado\/#website\"},\"datePublished\":\"2021-03-13T13:56:43+00:00\",\"dateModified\":\"2022-02-22T10:19:30+00:00\",\"description\":\"Doctorado ingenier\u00eda mec\u00e1nica de la universidad polit\u00e9cnica de Madrid.\",\"breadcrumb\":{\"@id\":\"https:\/\/dimec.etsii.upm.es\/doctorado\/index.php\/admision\/#breadcrumb\"},\"inLanguage\":\"es\",\"potentialAction\":[{\"@type\":\"ReadAction\",\"target\":[\"https:\/\/dimec.etsii.upm.es\/doctorado\/index.php\/admision\/\"]}]},{\"@type\":\"BreadcrumbList\",\"@id\":\"https:\/\/dimec.etsii.upm.es\/doctorado\/index.php\/admision\/#breadcrumb\",\"itemListElement\":[{\"@type\":\"ListItem\",\"position\":1,\"name\":\"Portada\",\"item\":\"https:\/\/dimec.etsii.upm.es\/doctorado\/\"},{\"@type\":\"ListItem\",\"position\":2,\"name\":\"Criterios de admisi\u00f3n\"}]}]}<\/script>\n<!-- \/ Yoast SEO plugin. -->","yoast_head_json":{"title":"Criterios de admisi\u00f3n - DOCTORADO INGENIERIA MEC\u00c1NICA","description":"Doctorado ingenier\u00eda mec\u00e1nica de la universidad polit\u00e9cnica de Madrid.","robots":{"index":"index","follow":"follow","max-snippet":"max-snippet:-1","max-image-preview":"max-image-preview:large","max-video-preview":"max-video-preview:-1"},"canonical":"https:\/\/dimec.etsii.upm.es\/doctorado\/index.php\/admision\/","og_locale":"es_ES","og_type":"article","og_title":"Criterios de admisi\u00f3n - DOCTORADO INGENIERIA MEC\u00c1NICA","og_description":"Doctorado ingenier\u00eda mec\u00e1nica de la universidad polit\u00e9cnica de Madrid.","og_url":"https:\/\/dimec.etsii.upm.es\/doctorado\/index.php\/admision\/","og_site_name":"DOCTORADO INGENIERIA MEC\u00c1NICA","article_modified_time":"2022-02-22T10:19:30+00:00","twitter_card":"summary","twitter_misc":{"Tiempo de lectura":"1 minuto"},"schema":{"@context":"https:\/\/schema.org","@graph":[{"@type":"WebSite","@id":"https:\/\/dimec.etsii.upm.es\/doctorado\/#website","url":"https:\/\/dimec.etsii.upm.es\/doctorado\/","name":"DOCTORADO INGENIERIA MEC\u00c1NICA","description":"","potentialAction":[{"@type":"SearchAction","target":{"@type":"EntryPoint","urlTemplate":"https:\/\/dimec.etsii.upm.es\/doctorado\/?s={search_term_string}"},"query-input":"required name=search_term_string"}],"inLanguage":"es"},{"@type":"WebPage","@id":"https:\/\/dimec.etsii.upm.es\/doctorado\/index.php\/admision\/#webpage","url":"https:\/\/dimec.etsii.upm.es\/doctorado\/index.php\/admision\/","name":"Criterios de admisi\u00f3n - DOCTORADO INGENIERIA MEC\u00c1NICA","isPartOf":{"@id":"https:\/\/dimec.etsii.upm.es\/doctorado\/#website"},"datePublished":"2021-03-13T13:56:43+00:00","dateModified":"2022-02-22T10:19:30+00:00","description":"Doctorado ingenier\u00eda mec\u00e1nica de la universidad polit\u00e9cnica de Madrid.","breadcrumb":{"@id":"https:\/\/dimec.etsii.upm.es\/doctorado\/index.php\/admision\/#breadcrumb"},"inLanguage":"es","potentialAction":[{"@type":"ReadAction","target":["https:\/\/dimec.etsii.upm.es\/doctorado\/index.php\/admision\/"]}]},{"@type":"BreadcrumbList","@id":"https:\/\/dimec.etsii.upm.es\/doctorado\/index.php\/admision\/#breadcrumb","itemListElement":[{"@type":"ListItem","position":1,"name":"Portada","item":"https:\/\/dimec.etsii.upm.es\/doctorado\/"},{"@type":"ListItem","position":2,"name":"Criterios de admisi\u00f3n"}]}]}},"_links":{"self":[{"href":"http:\/\/dimec.etsii.upm.es\/doctorado\/index.php\/wp-json\/wp\/v2\/pages\/294"}],"collection":[{"href":"http:\/\/dimec.etsii.upm.es\/doctorado\/index.php\/wp-json\/wp\/v2\/pages"}],"about":[{"href":"http:\/\/dimec.etsii.upm.es\/doctorado\/index.php\/wp-json\/wp\/v2\/types\/page"}],"author":[{"embeddable":true,"href":"http:\/\/dimec.etsii.upm.es\/doctorado\/index.php\/wp-json\/wp\/v2\/users\/1"}],"replies":[{"embeddable":true,"href":"http:\/\/dimec.etsii.upm.es\/doctorado\/index.php\/wp-json\/wp\/v2\/comments?post=294"}],"version-history":[{"count":3,"href":"http:\/\/dimec.etsii.upm.es\/doctorado\/index.php\/wp-json\/wp\/v2\/pages\/294\/revisions"}],"predecessor-version":[{"id":591,"href":"http:\/\/dimec.etsii.upm.es\/doctorado\/index.php\/wp-json\/wp\/v2\/pages\/294\/revisions\/591"}],"wp:attachment":[{"href":"http:\/\/dimec.etsii.upm.es\/doctorado\/index.php\/wp-json\/wp\/v2\/media?parent=294"}],"curies":[{"name":"wp","href":"https:\/\/api.w.org\/{rel}","templated":true}]}}