{"id":292,"date":"2021-03-13T13:56:11","date_gmt":"2021-03-13T13:56:11","guid":{"rendered":"http:\/\/dimec.etsii.upm.es\/doctorado\/?page_id=292"},"modified":"2021-03-13T13:56:12","modified_gmt":"2021-03-13T13:56:12","slug":"requisitos-de-acceso","status":"publish","type":"page","link":"http:\/\/dimec.etsii.upm.es\/doctorado\/index.php\/requisitos-de-acceso\/","title":{"rendered":"Requisitos de acceso"},"content":{"rendered":"\n<p>El futuro alumno de doctorado deber\u00e1 cumplir alguno de los requisitos siguientes:<\/p>\n\n\n\n<ul><li>Estar en posesi\u00f3n de los t\u00edtulos oficiales espa\u00f1oles de Grado (Plan Bolonia) y de un M\u00e1ster Universitario.<\/li><li>Estar en posesi\u00f3n de un t\u00edtulo universitario oficial espa\u00f1ol, o de otro pa\u00eds integrante del Espacio Europeo de Educaci\u00f3n Superior, con una duraci\u00f3n m\u00ednima equivalente a 300 cr\u00e9ditos ECTS de los cuales al menos 60 ser\u00e1n de nivel de M\u00e1ster.<\/li><li>Estar en posesi\u00f3n de un t\u00edtulo universitario oficial espa\u00f1ol de Graduado o Graduada, cuya duraci\u00f3n sea de al menos 300 cr\u00e9ditos ECTS. Dichos titulados deber\u00e1n cursar con car\u00e1cter obligatorio complementos de formaci\u00f3n de car\u00e1cter investigativo si no los han cursado en sus estudios oficiales previos.<\/li><li>Estar en posesi\u00f3n de un t\u00edtulo obtenido conforme a sistemas educativos extranjeros, sin necesidad de su homologaci\u00f3n, con un nivel de formaci\u00f3n equivalente a la del t\u00edtulo oficial espa\u00f1ol de M\u00e1ster Universitario y que faculta en el pa\u00eds expedidor del t\u00edtulo para el acceso a estudios de doctorado.<\/li><li>Estar en posesi\u00f3n de otro t\u00edtulo espa\u00f1ol o extranjero de Doctor obtenido conforme a anteriores ordenaciones universitarias.<\/li><\/ul>\n","protected":false},"excerpt":{"rendered":"<p>El futuro alumno de doctorado deber\u00e1 cumplir alguno de los requisitos siguientes: Estar en posesi\u00f3n de los t\u00edtulos oficiales espa\u00f1oles de Grado (Plan Bolonia) y de un M\u00e1ster Universitario. Estar en posesi\u00f3n de un t\u00edtulo universitario oficial espa\u00f1ol, o de <a href=\"http:\/\/dimec.etsii.upm.es\/doctorado\/index.php\/requisitos-de-acceso\/\" class=\"read-more\">Leer m\u00e1s&#8230;<\/a><\/p>\n","protected":false},"author":1,"featured_media":0,"parent":0,"menu_order":0,"comment_status":"closed","ping_status":"closed","template":"","meta":[],"yoast_head":"<!-- This site is optimized with the Yoast SEO plugin v18.2 - https:\/\/yoast.com\/wordpress\/plugins\/seo\/ -->\n<title>Requisitos de acceso - DOCTORADO INGENIERIA MEC\u00c1NICA<\/title>\n<meta name=\"description\" content=\"Doctorado ingenier\u00eda mec\u00e1nica de la universidad polit\u00e9cnica de Madrid.\" \/>\n<meta name=\"robots\" content=\"index, follow, max-snippet:-1, max-image-preview:large, max-video-preview:-1\" \/>\n<link rel=\"canonical\" href=\"http:\/\/dimec.etsii.upm.es\/doctorado\/index.php\/requisitos-de-acceso\/\" \/>\n<meta property=\"og:locale\" content=\"es_ES\" \/>\n<meta property=\"og:type\" content=\"article\" \/>\n<meta property=\"og:title\" content=\"Requisitos de acceso - DOCTORADO INGENIERIA MEC\u00c1NICA\" \/>\n<meta property=\"og:description\" content=\"Doctorado ingenier\u00eda mec\u00e1nica de la universidad polit\u00e9cnica de Madrid.\" \/>\n<meta property=\"og:url\" content=\"http:\/\/dimec.etsii.upm.es\/doctorado\/index.php\/requisitos-de-acceso\/\" \/>\n<meta property=\"og:site_name\" content=\"DOCTORADO INGENIERIA MEC\u00c1NICA\" \/>\n<meta property=\"article:modified_time\" content=\"2021-03-13T13:56:12+00:00\" \/>\n<meta name=\"twitter:card\" content=\"summary\" \/>\n<meta name=\"twitter:label1\" content=\"Tiempo de lectura\" \/>\n\t<meta name=\"twitter:data1\" content=\"1 minuto\" \/>\n<script type=\"application\/ld+json\" class=\"yoast-schema-graph\">{\"@context\":\"https:\/\/schema.org\",\"@graph\":[{\"@type\":\"WebSite\",\"@id\":\"http:\/\/dimec.etsii.upm.es\/doctorado\/#website\",\"url\":\"http:\/\/dimec.etsii.upm.es\/doctorado\/\",\"name\":\"DOCTORADO INGENIERIA MEC\u00c1NICA\",\"description\":\"\",\"potentialAction\":[{\"@type\":\"SearchAction\",\"target\":{\"@type\":\"EntryPoint\",\"urlTemplate\":\"http:\/\/dimec.etsii.upm.es\/doctorado\/?s={search_term_string}\"},\"query-input\":\"required name=search_term_string\"}],\"inLanguage\":\"es\"},{\"@type\":\"WebPage\",\"@id\":\"http:\/\/dimec.etsii.upm.es\/doctorado\/index.php\/requisitos-de-acceso\/#webpage\",\"url\":\"http:\/\/dimec.etsii.upm.es\/doctorado\/index.php\/requisitos-de-acceso\/\",\"name\":\"Requisitos de acceso - DOCTORADO INGENIERIA MEC\u00c1NICA\",\"isPartOf\":{\"@id\":\"http:\/\/dimec.etsii.upm.es\/doctorado\/#website\"},\"datePublished\":\"2021-03-13T13:56:11+00:00\",\"dateModified\":\"2021-03-13T13:56:12+00:00\",\"description\":\"Doctorado ingenier\u00eda mec\u00e1nica de la universidad polit\u00e9cnica de Madrid.\",\"breadcrumb\":{\"@id\":\"http:\/\/dimec.etsii.upm.es\/doctorado\/index.php\/requisitos-de-acceso\/#breadcrumb\"},\"inLanguage\":\"es\",\"potentialAction\":[{\"@type\":\"ReadAction\",\"target\":[\"http:\/\/dimec.etsii.upm.es\/doctorado\/index.php\/requisitos-de-acceso\/\"]}]},{\"@type\":\"BreadcrumbList\",\"@id\":\"http:\/\/dimec.etsii.upm.es\/doctorado\/index.php\/requisitos-de-acceso\/#breadcrumb\",\"itemListElement\":[{\"@type\":\"ListItem\",\"position\":1,\"name\":\"Portada\",\"item\":\"http:\/\/dimec.etsii.upm.es\/doctorado\/\"},{\"@type\":\"ListItem\",\"position\":2,\"name\":\"Requisitos de acceso\"}]}]}<\/script>\n<!-- \/ Yoast SEO plugin. -->","yoast_head_json":{"title":"Requisitos de acceso - DOCTORADO INGENIERIA MEC\u00c1NICA","description":"Doctorado ingenier\u00eda mec\u00e1nica de la universidad polit\u00e9cnica de Madrid.","robots":{"index":"index","follow":"follow","max-snippet":"max-snippet:-1","max-image-preview":"max-image-preview:large","max-video-preview":"max-video-preview:-1"},"canonical":"http:\/\/dimec.etsii.upm.es\/doctorado\/index.php\/requisitos-de-acceso\/","og_locale":"es_ES","og_type":"article","og_title":"Requisitos de acceso - DOCTORADO INGENIERIA MEC\u00c1NICA","og_description":"Doctorado ingenier\u00eda mec\u00e1nica de la universidad polit\u00e9cnica de Madrid.","og_url":"http:\/\/dimec.etsii.upm.es\/doctorado\/index.php\/requisitos-de-acceso\/","og_site_name":"DOCTORADO INGENIERIA MEC\u00c1NICA","article_modified_time":"2021-03-13T13:56:12+00:00","twitter_card":"summary","twitter_misc":{"Tiempo de lectura":"1 minuto"},"schema":{"@context":"https:\/\/schema.org","@graph":[{"@type":"WebSite","@id":"http:\/\/dimec.etsii.upm.es\/doctorado\/#website","url":"http:\/\/dimec.etsii.upm.es\/doctorado\/","name":"DOCTORADO INGENIERIA MEC\u00c1NICA","description":"","potentialAction":[{"@type":"SearchAction","target":{"@type":"EntryPoint","urlTemplate":"http:\/\/dimec.etsii.upm.es\/doctorado\/?s={search_term_string}"},"query-input":"required name=search_term_string"}],"inLanguage":"es"},{"@type":"WebPage","@id":"http:\/\/dimec.etsii.upm.es\/doctorado\/index.php\/requisitos-de-acceso\/#webpage","url":"http:\/\/dimec.etsii.upm.es\/doctorado\/index.php\/requisitos-de-acceso\/","name":"Requisitos de acceso - DOCTORADO INGENIERIA MEC\u00c1NICA","isPartOf":{"@id":"http:\/\/dimec.etsii.upm.es\/doctorado\/#website"},"datePublished":"2021-03-13T13:56:11+00:00","dateModified":"2021-03-13T13:56:12+00:00","description":"Doctorado ingenier\u00eda mec\u00e1nica de la universidad polit\u00e9cnica de Madrid.","breadcrumb":{"@id":"http:\/\/dimec.etsii.upm.es\/doctorado\/index.php\/requisitos-de-acceso\/#breadcrumb"},"inLanguage":"es","potentialAction":[{"@type":"ReadAction","target":["http:\/\/dimec.etsii.upm.es\/doctorado\/index.php\/requisitos-de-acceso\/"]}]},{"@type":"BreadcrumbList","@id":"http:\/\/dimec.etsii.upm.es\/doctorado\/index.php\/requisitos-de-acceso\/#breadcrumb","itemListElement":[{"@type":"ListItem","position":1,"name":"Portada","item":"http:\/\/dimec.etsii.upm.es\/doctorado\/"},{"@type":"ListItem","position":2,"name":"Requisitos de acceso"}]}]}},"_links":{"self":[{"href":"http:\/\/dimec.etsii.upm.es\/doctorado\/index.php\/wp-json\/wp\/v2\/pages\/292"}],"collection":[{"href":"http:\/\/dimec.etsii.upm.es\/doctorado\/index.php\/wp-json\/wp\/v2\/pages"}],"about":[{"href":"http:\/\/dimec.etsii.upm.es\/doctorado\/index.php\/wp-json\/wp\/v2\/types\/page"}],"author":[{"embeddable":true,"href":"http:\/\/dimec.etsii.upm.es\/doctorado\/index.php\/wp-json\/wp\/v2\/users\/1"}],"replies":[{"embeddable":true,"href":"http:\/\/dimec.etsii.upm.es\/doctorado\/index.php\/wp-json\/wp\/v2\/comments?post=292"}],"version-history":[{"count":1,"href":"http:\/\/dimec.etsii.upm.es\/doctorado\/index.php\/wp-json\/wp\/v2\/pages\/292\/revisions"}],"predecessor-version":[{"id":293,"href":"http:\/\/dimec.etsii.upm.es\/doctorado\/index.php\/wp-json\/wp\/v2\/pages\/292\/revisions\/293"}],"wp:attachment":[{"href":"http:\/\/dimec.etsii.upm.es\/doctorado\/index.php\/wp-json\/wp\/v2\/media?parent=292"}],"curies":[{"name":"wp","href":"https:\/\/api.w.org\/{rel}","templated":true}]}}