{"id":290,"date":"2021-03-13T13:55:06","date_gmt":"2021-03-13T13:55:06","guid":{"rendered":"http:\/\/dimec.etsii.upm.es\/doctorado\/?page_id=290"},"modified":"2022-02-22T10:19:00","modified_gmt":"2022-02-22T10:19:00","slug":"perfiles-de-ingreso","status":"publish","type":"page","link":"http:\/\/dimec.etsii.upm.es\/doctorado\/index.php\/perfiles-de-ingreso\/","title":{"rendered":"Perfiles de ingreso"},"content":{"rendered":"\n<p><\/p>\n\n\n\n<p>Las competencias y conocimientos previos que se consideran adecuados para comenzar los estudios de doctorado en Ingenier\u00eda Mec\u00e1nica son:<\/p>\n\n\n\n<p><strong>Competencias generales<\/strong><\/p>\n\n\n\n<ul><li>Habilidad para la lectura y comprensi\u00f3n de textos cient\u00edfico \u2013 t\u00e9cnicos.<\/li><li>Buena comunicaci\u00f3n oral y escrita.<\/li><li>Inter\u00e9s por la investigaci\u00f3n en el \u00e1rea de Ingenier\u00eda Mec\u00e1nica.<\/li><li>Capacidad creativa y anal\u00edtica en la b\u00fasqueda de soluciones a problemas concretos.<\/li><li>Capacidad de observaci\u00f3n, iniciativa y disposici\u00f3n al trabajo en equipo.<\/li><\/ul>\n\n\n\n<p><strong>Conocimientos previos<\/strong><\/p>\n\n\n\n<ul><li>Estar en posesi\u00f3n de la formaci\u00f3n universitaria que se exige con car\u00e1cter general para los estudios de doctorado, espec\u00edficamente orientada en el \u00e1mbito de la Ingenier\u00eda Mec\u00e1nica, como son la Ingenier\u00eda Industrial, Ingenier\u00eda Mec\u00e1nica, Tecnolog\u00edas Industriales, Ingenier\u00eda Energ\u00e9tica, Ingenier\u00eda de Organizaci\u00f3n, Ingenier\u00eda Aeron\u00e1utica, Ingenier\u00eda Naval, Ingenier\u00eda Electr\u00f3nica.<\/li><li>Un nivel de conocimiento equivalente al B2 de lengua inglesa.<\/li><\/ul>\n\n\n\n<p><strong><u>OTROS PERFILES DE INGRESO<\/u><\/strong><\/p>\n\n\n\n<p>Se prev\u00e9n otros perfiles de ingreso con conocimientos previos a nivel de <strong>master universitario<\/strong> diferentes a los de los p<strong>erfiles de ingreso recomendados anteriormente en cuyo caso se realizar\u00e1n unos <\/strong>complementos de formaci\u00f3n espec\u00edficos. En todos los casos ser\u00e1 necesario unos nivel de conocimiento de idiomas equivalente al <strong>B2<\/strong> de lengua inglesa. <\/p>\n\n\n\n<p><strong><u>Ingenier\u00eda de Civil \/ Ingenier\u00eda de la Construcci\u00f3n<\/u><\/strong><\/p>\n\n\n\n<p><\/p>\n\n\n\n<ul><li>Complementos de formaci\u00f3n en dise\u00f1o de m\u00e1quinas (3 ECTS)<\/li><li>Complementos de formaci\u00f3n en tecnolog\u00edas de fabricaci\u00f3n (3 ECTS)<\/li><\/ul>\n\n\n\n<p><strong><u>Ingenier\u00eda de Materiales<\/u><\/strong><\/p>\n\n\n\n<p><\/p>\n\n\n\n<ul><li>Complementos de formaci\u00f3n en mec\u00e1nica de s\u00f3lidos (3 ECTS)<\/li><li>Complementos de formaci\u00f3n en dise\u00f1o de m\u00e1quinas (3 ECTS)<\/li><li>Complementos de formaci\u00f3n en tecnolog\u00edas de fabricaci\u00f3n (3 ECTS)<\/li><\/ul>\n\n\n\n<p><strong><u>Ciencias F\u00edsicas \/ Matem\u00e1ticas<\/u><\/strong><\/p>\n\n\n\n<ul><li>Complementos de formaci\u00f3n en mec\u00e1nica de s\u00f3lidos (3 ECTS)<\/li><li>Complementos de formaci\u00f3n en dise\u00f1o de m\u00e1quinas (3 ECTS)<\/li><li>Complementos de formaci\u00f3n en tecnolog\u00edas de fabricaci\u00f3n (3 ECTS)<\/li><\/ul>\n\n\n\n<p><strong><u> Ciencias Qu\u00edmicas \/ Biolog\u00eda \/ Ingenier\u00eda Agron\u00f3mica \/ Ingenier\u00eda de Montes.<\/u><\/strong><\/p>\n\n\n\n<ul><li>Complementos de formaci\u00f3n en mec\u00e1nica de s\u00f3lidos (3 ECTS)<\/li><li>Complementos de formaci\u00f3n en dise\u00f1o de m\u00e1quinas (3 ECTS)<\/li><li>Complementos de formaci\u00f3n en tecnolog\u00edas de fabricaci\u00f3n (3 ECTS)<\/li><\/ul>\n\n\n\n<p><\/p>\n","protected":false},"excerpt":{"rendered":"<p>Las competencias y conocimientos previos que se consideran adecuados para comenzar los estudios de doctorado en Ingenier\u00eda Mec\u00e1nica son: Competencias generales Habilidad para la lectura y comprensi\u00f3n de textos cient\u00edfico \u2013 t\u00e9cnicos. Buena comunicaci\u00f3n oral y escrita. Inter\u00e9s por la <a href=\"http:\/\/dimec.etsii.upm.es\/doctorado\/index.php\/perfiles-de-ingreso\/\" class=\"read-more\">Leer m\u00e1s&#8230;<\/a><\/p>\n","protected":false},"author":1,"featured_media":0,"parent":0,"menu_order":0,"comment_status":"closed","ping_status":"closed","template":"","meta":[],"yoast_head":"<!-- This site is optimized with the Yoast SEO plugin v18.2 - https:\/\/yoast.com\/wordpress\/plugins\/seo\/ -->\n<title>Perfiles de ingreso - DOCTORADO INGENIERIA MEC\u00c1NICA<\/title>\n<meta name=\"description\" content=\"Doctorado ingenier\u00eda mec\u00e1nica de la universidad polit\u00e9cnica de Madrid.\" \/>\n<meta name=\"robots\" content=\"index, follow, max-snippet:-1, max-image-preview:large, max-video-preview:-1\" \/>\n<link rel=\"canonical\" href=\"http:\/\/dimec.etsii.upm.es\/doctorado\/index.php\/perfiles-de-ingreso\/\" \/>\n<meta property=\"og:locale\" content=\"es_ES\" \/>\n<meta property=\"og:type\" content=\"article\" \/>\n<meta property=\"og:title\" content=\"Perfiles de ingreso - DOCTORADO INGENIERIA MEC\u00c1NICA\" \/>\n<meta property=\"og:description\" content=\"Doctorado ingenier\u00eda mec\u00e1nica de la universidad polit\u00e9cnica de Madrid.\" \/>\n<meta property=\"og:url\" content=\"http:\/\/dimec.etsii.upm.es\/doctorado\/index.php\/perfiles-de-ingreso\/\" \/>\n<meta property=\"og:site_name\" content=\"DOCTORADO INGENIERIA MEC\u00c1NICA\" \/>\n<meta property=\"article:modified_time\" content=\"2022-02-22T10:19:00+00:00\" \/>\n<meta name=\"twitter:card\" content=\"summary\" \/>\n<meta name=\"twitter:label1\" content=\"Tiempo de lectura\" \/>\n\t<meta name=\"twitter:data1\" content=\"2 minutos\" \/>\n<script type=\"application\/ld+json\" class=\"yoast-schema-graph\">{\"@context\":\"https:\/\/schema.org\",\"@graph\":[{\"@type\":\"WebSite\",\"@id\":\"https:\/\/dimec.etsii.upm.es\/doctorado\/#website\",\"url\":\"https:\/\/dimec.etsii.upm.es\/doctorado\/\",\"name\":\"DOCTORADO INGENIERIA MEC\u00c1NICA\",\"description\":\"\",\"potentialAction\":[{\"@type\":\"SearchAction\",\"target\":{\"@type\":\"EntryPoint\",\"urlTemplate\":\"https:\/\/dimec.etsii.upm.es\/doctorado\/?s={search_term_string}\"},\"query-input\":\"required name=search_term_string\"}],\"inLanguage\":\"es\"},{\"@type\":\"WebPage\",\"@id\":\"http:\/\/dimec.etsii.upm.es\/doctorado\/index.php\/perfiles-de-ingreso\/#webpage\",\"url\":\"http:\/\/dimec.etsii.upm.es\/doctorado\/index.php\/perfiles-de-ingreso\/\",\"name\":\"Perfiles de ingreso - DOCTORADO INGENIERIA MEC\u00c1NICA\",\"isPartOf\":{\"@id\":\"https:\/\/dimec.etsii.upm.es\/doctorado\/#website\"},\"datePublished\":\"2021-03-13T13:55:06+00:00\",\"dateModified\":\"2022-02-22T10:19:00+00:00\",\"description\":\"Doctorado ingenier\u00eda mec\u00e1nica de la universidad polit\u00e9cnica de Madrid.\",\"breadcrumb\":{\"@id\":\"http:\/\/dimec.etsii.upm.es\/doctorado\/index.php\/perfiles-de-ingreso\/#breadcrumb\"},\"inLanguage\":\"es\",\"potentialAction\":[{\"@type\":\"ReadAction\",\"target\":[\"http:\/\/dimec.etsii.upm.es\/doctorado\/index.php\/perfiles-de-ingreso\/\"]}]},{\"@type\":\"BreadcrumbList\",\"@id\":\"http:\/\/dimec.etsii.upm.es\/doctorado\/index.php\/perfiles-de-ingreso\/#breadcrumb\",\"itemListElement\":[{\"@type\":\"ListItem\",\"position\":1,\"name\":\"Portada\",\"item\":\"https:\/\/dimec.etsii.upm.es\/doctorado\/\"},{\"@type\":\"ListItem\",\"position\":2,\"name\":\"Perfiles de ingreso\"}]}]}<\/script>\n<!-- \/ Yoast SEO plugin. -->","yoast_head_json":{"title":"Perfiles de ingreso - DOCTORADO INGENIERIA MEC\u00c1NICA","description":"Doctorado ingenier\u00eda mec\u00e1nica de la universidad polit\u00e9cnica de Madrid.","robots":{"index":"index","follow":"follow","max-snippet":"max-snippet:-1","max-image-preview":"max-image-preview:large","max-video-preview":"max-video-preview:-1"},"canonical":"http:\/\/dimec.etsii.upm.es\/doctorado\/index.php\/perfiles-de-ingreso\/","og_locale":"es_ES","og_type":"article","og_title":"Perfiles de ingreso - DOCTORADO INGENIERIA MEC\u00c1NICA","og_description":"Doctorado ingenier\u00eda mec\u00e1nica de la universidad polit\u00e9cnica de Madrid.","og_url":"http:\/\/dimec.etsii.upm.es\/doctorado\/index.php\/perfiles-de-ingreso\/","og_site_name":"DOCTORADO INGENIERIA MEC\u00c1NICA","article_modified_time":"2022-02-22T10:19:00+00:00","twitter_card":"summary","twitter_misc":{"Tiempo de lectura":"2 minutos"},"schema":{"@context":"https:\/\/schema.org","@graph":[{"@type":"WebSite","@id":"https:\/\/dimec.etsii.upm.es\/doctorado\/#website","url":"https:\/\/dimec.etsii.upm.es\/doctorado\/","name":"DOCTORADO INGENIERIA MEC\u00c1NICA","description":"","potentialAction":[{"@type":"SearchAction","target":{"@type":"EntryPoint","urlTemplate":"https:\/\/dimec.etsii.upm.es\/doctorado\/?s={search_term_string}"},"query-input":"required name=search_term_string"}],"inLanguage":"es"},{"@type":"WebPage","@id":"http:\/\/dimec.etsii.upm.es\/doctorado\/index.php\/perfiles-de-ingreso\/#webpage","url":"http:\/\/dimec.etsii.upm.es\/doctorado\/index.php\/perfiles-de-ingreso\/","name":"Perfiles de ingreso - DOCTORADO INGENIERIA MEC\u00c1NICA","isPartOf":{"@id":"https:\/\/dimec.etsii.upm.es\/doctorado\/#website"},"datePublished":"2021-03-13T13:55:06+00:00","dateModified":"2022-02-22T10:19:00+00:00","description":"Doctorado ingenier\u00eda mec\u00e1nica de la universidad polit\u00e9cnica de Madrid.","breadcrumb":{"@id":"http:\/\/dimec.etsii.upm.es\/doctorado\/index.php\/perfiles-de-ingreso\/#breadcrumb"},"inLanguage":"es","potentialAction":[{"@type":"ReadAction","target":["http:\/\/dimec.etsii.upm.es\/doctorado\/index.php\/perfiles-de-ingreso\/"]}]},{"@type":"BreadcrumbList","@id":"http:\/\/dimec.etsii.upm.es\/doctorado\/index.php\/perfiles-de-ingreso\/#breadcrumb","itemListElement":[{"@type":"ListItem","position":1,"name":"Portada","item":"https:\/\/dimec.etsii.upm.es\/doctorado\/"},{"@type":"ListItem","position":2,"name":"Perfiles de ingreso"}]}]}},"_links":{"self":[{"href":"http:\/\/dimec.etsii.upm.es\/doctorado\/index.php\/wp-json\/wp\/v2\/pages\/290"}],"collection":[{"href":"http:\/\/dimec.etsii.upm.es\/doctorado\/index.php\/wp-json\/wp\/v2\/pages"}],"about":[{"href":"http:\/\/dimec.etsii.upm.es\/doctorado\/index.php\/wp-json\/wp\/v2\/types\/page"}],"author":[{"embeddable":true,"href":"http:\/\/dimec.etsii.upm.es\/doctorado\/index.php\/wp-json\/wp\/v2\/users\/1"}],"replies":[{"embeddable":true,"href":"http:\/\/dimec.etsii.upm.es\/doctorado\/index.php\/wp-json\/wp\/v2\/comments?post=290"}],"version-history":[{"count":7,"href":"http:\/\/dimec.etsii.upm.es\/doctorado\/index.php\/wp-json\/wp\/v2\/pages\/290\/revisions"}],"predecessor-version":[{"id":590,"href":"http:\/\/dimec.etsii.upm.es\/doctorado\/index.php\/wp-json\/wp\/v2\/pages\/290\/revisions\/590"}],"wp:attachment":[{"href":"http:\/\/dimec.etsii.upm.es\/doctorado\/index.php\/wp-json\/wp\/v2\/media?parent=290"}],"curies":[{"name":"wp","href":"https:\/\/api.w.org\/{rel}","templated":true}]}}