{"id":10,"date":"2016-04-18T09:28:04","date_gmt":"2016-04-18T09:28:04","guid":{"rendered":"http:\/\/dimec.etsii.upm.es\/doctorado\/?page_id=10"},"modified":"2022-12-03T09:42:26","modified_gmt":"2022-12-03T09:42:26","slug":"lineas-de-investigacion","status":"publish","type":"page","link":"http:\/\/dimec.etsii.upm.es\/doctorado\/index.php\/lineas-de-investigacion\/","title":{"rendered":"L\u00edneas de investigaci\u00f3n"},"content":{"rendered":"<p>El Programa se articula en torno a 6 l\u00edneas principales de investigaci\u00f3n:<\/p>\n<ul>\n<li>Ingenier\u00eda de m\u00e1quinas y desarrollo de productos.<\/li>\n<li>Ingenier\u00eda de fabricaci\u00f3n.<\/li>\n<li>Din\u00e1mica computacional e ingenier\u00eda s\u00edsmica.<\/li>\n<li>Ingenier\u00eda ac\u00fastica.<\/li>\n<li>Ingenier\u00eda de veh\u00edculos y transportes.<\/li>\n<li>Ingenier\u00eda y aplicaciones del l\u00e1ser.<\/li>\n<\/ul>\n<p>Dichas l\u00edneas cubren la pr\u00e1ctica totalidad de \u00e1mbitos de I+D+i de la Ingenier\u00eda Mec\u00e1nica moderna. El Programa de Doctorado se imparte fundamentalmente desde el Departamento de Ingenier\u00eda Mec\u00e1nica de la ETSI Industriales de la UPM, con la participaci\u00f3n relevante de profesores del Departamento de F\u00edsica Aplicada e Ingenier\u00eda de Materiales.<\/p>\n<p>Los institutos universitarios de investigaci\u00f3n, centros de I+D+i y grupos de investigaci\u00f3n de la UPM participantes en el programa son:<\/p>\n<ul>\n<li>El Instituto de Investigaci\u00f3n del Autom\u00f3vil Francisco Aparicio Izquierdo <a href=\"https:\/\/insia-upm.es\/\" target=\"_blank\" rel=\"noopener\">(INSIA)<\/a><\/li>\n<li>El <a href=\"https:\/\/www.upmlaser.upm.es\/\" target=\"_blank\" rel=\"noopener\">Centro Laser<\/a> de la UPM<\/li>\n<li>El Grupo de Investigaci\u00f3n UPM en <a href=\"http:\/\/fabricacion.industriales.upm.es\/\" target=\"_blank\" rel=\"noopener\">Ingenier\u00eda de Fabricaci\u00f3n.<\/a><\/li>\n<li>El Grupo de Investigaci\u00f3n UPM en <a href=\"http:\/\/www.dim.etsii.upm.es\/\" target=\"_blank\" rel=\"noopener\">Ingenier\u00eda de M\u00e1quinas<\/a>.<\/li>\n<li>El Grupo de Investigaci\u00f3n UPM en <a href=\"http:\/\/www.upm.es\/observatorio\/vi\/index.jsp?pageac=grupo.jsp&amp;idGrupo=225\" target=\"_blank\" rel=\"noopener\">Ingenier\u00eda S\u00edsmica: Din\u00e1mica de Suelos y Estructuras.<\/a><\/li>\n<li>El Grupo de Investigaci\u00f3n UPM en <a href=\"http:\/\/www.i2a2.upm.es\/\" target=\"_blank\" rel=\"noopener\">Instrumentaci\u00f3n y Ac\u00fastica Aplicada<\/a>.<\/li>\n<li>El Grupo de Investigaci\u00f3n UPM en <a href=\"http:\/\/simula.industriales.upm.es\/\" target=\"_blank\" rel=\"noopener\">Modelado y Simulaci\u00f3n en Ingenier\u00eda Mec\u00e1nica<\/a><\/li>\n<li>El Grupo de Investigaci\u00f3n UPM en An\u00e1lisis Biomecanico<\/li>\n<li>El Grupo de Investigaci\u00f3n UPM en <a href=\"http:\/\/gofb-upm.es\/\" target=\"_blank\" rel=\"noopener\">\u00d3ptica, Fot\u00f3nica y Biofot\u00f3nica<\/a><\/li>\n<\/ul>\n<p>Se cuenta adem\u00e1s con el apoyo de varios laboratorios de la <a href=\"https:\/\/mcyt.educa.madrid.org\/laboratorios\/busquedas\/Laboratorios\/default.asp\" target=\"_blank\" rel=\"noopener\">\u201cRed-Lab\u201d<\/a> de la Comunidad Aut\u00f3noma de Madrid, como son: el \u201cLaboratorio de Desarrollo de Productos\u201d, el \u201cLaboratorio de M\u00e1quinas y Mecanismos\u201d, el \u201cLaboratorio de Resistencia de Materiales\u201d y el \u201cLaboratorio de Tecnolog\u00edas Mec\u00e1nicas y de Fabricaci\u00f3n\u201d. Las infraestructuras de la ETSI Industriales y de otros centros de la UPM est\u00e1n a disposici\u00f3n de los estudiantes de doctorado asi como la nueva Escuela Internacional de Doctorado de la UPM.<\/p>\n<p>Algunos ejemplos de las tem\u00e1ticas espec\u00edficas en donde puede realizar su actividad el doctorando, agrupadas por \u00e1reas de conocimiento de la ingenier\u00eda mec\u00e1nica son:<\/p>\n<p><b><strong>Ac\u00fastica:<\/strong><\/b><\/p>\n<ul>\n<li>Ac\u00fastica Aplicada<\/li>\n<li>Ruido Industrial<\/li>\n<li>Ruido Medioambiental<\/li>\n<li>Ruido Laboral<\/li>\n<li>Ac\u00fastica Arquitect\u00f3nica<\/li>\n<li>Instrumentaci\u00f3n<\/li>\n<li>Electroac\u00fastica<\/li>\n<li>Metrolog\u00eda Ac\u00fastica<\/li>\n<li>Instrumentaci\u00f3n Virtual<\/li>\n<li>Procesado de la Se\u00f1al de Audio<\/li>\n<\/ul>\n<p><b><strong>Din\u00e1mica computacional e ingenier\u00eda s\u00edsmica:<\/strong><\/b><\/p>\n<ul>\n<li>Ingenier\u00eda S\u00edsmica<\/li>\n<li>Sismolog\u00eda<\/li>\n<li>Din\u00e1mica de suelos y estructuras<\/li>\n<li>Proyecto de estructuras sismorresistentes<\/li>\n<li>Caracterizaci\u00f3n de la acci\u00f3n s\u00edsmica<\/li>\n<li>Monitorizaci\u00f3n del da\u00f1o estructural mediante t\u00e9cnicas din\u00e1micas<\/li>\n<li>Estructuras con sistemas de control pasivo<\/li>\n<li>M\u00e9todos de proyecto sismorresistente basados en balance energ\u00e9tico<\/li>\n<li>Simulaci\u00f3n num\u00e9rica del comportamiento din\u00e1mico de estructuras<\/li>\n<li>Ensayos din\u00e1micos con mesa s\u00edsmica<\/li>\n<\/ul>\n<p><b><strong>Ingenier\u00eda de Fabricaci\u00f3n:<\/strong><\/b><\/p>\n<ul>\n<li>Sistemas ciberf\u00edsicos e IIoT en el \u00e1mbito de la fabricaci\u00f3n, calidad y mantenimiento<\/li>\n<li>An\u00e1lisis, desarrollo y automatizaci\u00f3n de procesos<\/li>\n<li>Microfabricaci\u00f3n<\/li>\n<li>Rob\u00f3tica aplicada y rob\u00f3tica colaborativa<\/li>\n<li>Fabricaci\u00f3n aditiva met\u00e1lica<\/li>\n<li>Modelado de informaci\u00f3n e ingenier\u00eda concurrente<\/li>\n<li>Dise\u00f1o inteligente de \u00fatiles, moldes y herramientas<\/li>\n<li>Integraci\u00f3n CAD\/CAM\/CAE\/PLM<\/li>\n<li>Lean Manufacturing y mejora continua<\/li>\n<li>Simulaci\u00f3n de sistemas discretos para mejora de la eficiencia<\/li>\n<li>Eficiencia y productiividad: modelado de datos, MES y explotaci\u00f3n de KPI\u00b4s<\/li>\n<li>Patrones de implantaci\u00f3n de nuevas tecnologias<\/li>\n<\/ul>\n<p><b><strong>Ingenier\u00eda de M\u00e1quinas:<\/strong><\/b><\/p>\n<ul>\n<li>Desarrollo de productos<\/li>\n<li>Tribolog\u00eda<\/li>\n<li>Seguridad en M\u00e1quinas<\/li>\n<li>Vibroac\u00fastica en M\u00e1quinas<\/li>\n<li>Dise\u00f1o y Fabricaci\u00f3n de Pl\u00e1sticos<\/li>\n<li>Biomec\u00e1nica<\/li>\n<li>Mantenimiento<\/li>\n<li>Historia de las M\u00e1quinas<\/li>\n<li>Almacenamiento mec\u00e1nico de energ\u00eda<\/li>\n<\/ul>\n<p><b><strong>Ingenier\u00eda de Veh\u00edculos:<\/strong><\/b><\/p>\n<ul>\n<li>Seguridad en el transporte colectivo de personas<\/li>\n<li>Veh\u00edculos, sistemas de protecci\u00f3n y movilidad de PMR.<\/li>\n<li>Seguridad en el transporte de mercanc\u00edas: veh\u00edculo y carga<\/li>\n<li>Investigaci\u00f3n de accidentes de tr\u00e1fico. An\u00e1lisis de causas y consecuencias<\/li>\n<li>Biomec\u00e1nica del impacto aplicada a la mejora de la seguridad pasiva de los veh\u00edculos.<\/li>\n<li>Evaluaci\u00f3n y predicci\u00f3n de los impactos del transporte por carretera en la seguridad y medio ambiente. Desarrollo y aplicaci\u00f3n de modelos<\/li>\n<li>Sistemas de asistencia al conductor ADAS.<\/li>\n<li>Sistemas alternativos de propulsi\u00f3n e impacto medioambiental de los veh\u00edculos autom\u00f3viles.<\/li>\n<li>Mec\u00e1nica computacional aplicada al estudio del comportamiento din\u00e1mico de los veh\u00edculos.<\/li>\n<\/ul>\n<p><b><strong>Ingenier\u00eda de Ferrocarriles:<\/strong><\/b><\/p>\n<ul>\n<li>Realidad virtual<\/li>\n<li>Simulaci\u00f3n<\/li>\n<li>Sistemas GIS<\/li>\n<li>Sensorizaci\u00f3n<\/li>\n<li>Plataforma y v\u00eda<\/li>\n<li>Electrificaci\u00f3n, subestaci\u00f3n y catenaria<\/li>\n<li>Se\u00f1alizaci\u00f3n, sistemas de detecci\u00f3n y protecci\u00f3n al tren, control de instalaciones<\/li>\n<li>Comunicaciones, red de transporte y comunicaciones m\u00f3viles GSM-R<\/li>\n<li>Din\u00e1mica vehicular<\/li>\n<li>Simulaci\u00f3n para planificaci\u00f3n, pruebas, dise\u00f1o y formaci\u00f3n<\/li>\n<\/ul>\n<p><b><strong>Tecnolog\u00edas del laser:<\/strong><\/b><\/p>\n<ul>\n<li>Estudios Fundamentales de Interacci\u00f3n L\u00e1ser-Materia<\/li>\n<li>Fen\u00f3menos de Interacci\u00f3n de Pulsos L\u00e1ser de Alta Intensidad y Duraci\u00f3n corta con la Materia<\/li>\n<li>Plasmas producidos por l\u00e1ser<\/li>\n<li>Aplicaciones Industriales de los L\u00e1seres de Potencia<\/li>\n<li>Soldadura<\/li>\n<li>Tratamientos T\u00e9rmicos Superficiales y Recubrimientos<\/li>\n<li>Aplicaciones L\u00e1ser a Muy Altas Intensidades<\/li>\n<li>Tratamiento Superficial Mediante Ondas de Choque Generadas por L\u00e1ser<\/li>\n<li>Aplicaciones de Microfabricaci\u00f3n con L\u00e1seres de Pulso Corto<\/li>\n<li>Micromecanizado L\u00e1ser<\/li>\n<li>Microconformado por Choque L\u00e1ser<\/li>\n<li>Desarrollo de Procesos L\u00e1ser para Materiales y Dispositivos Fotovoltaicos<\/li>\n<li>Procesado L\u00e1ser de Dispositivos y C\u00e9lulas de c-Si<\/li>\n<li>Procesos L\u00e1ser para C\u00e9lulas de Heterouni\u00f3n<\/li>\n<li>Conexi\u00f3n Monol\u00edtica de M\u00f3dulos de L\u00e1mina Delgada<\/li>\n<li>Desarrollo en \u00d3ptica, Micro-Nano Fot\u00f3nica y Flu\u00eddica<\/li>\n<li>Dise\u00f1o y Simulaci\u00f3n de Estructuras Fot\u00f3nicas y Flu\u00eddicas<\/li>\n<li>Microfabricaci\u00f3n de Dispositivos Fot\u00f3nicos y Biofot\u00f3nicos<\/li>\n<li>Caracterizaci\u00f3n \u00d3ptica de Estructuras y Dispositivos Fot\u00f3nicos y Biofot\u00f3nicos<\/li>\n<li>T\u00e9cnicas Avanzadas de Caracterizaci\u00f3n \u00d3ptica<\/li>\n<li>Detecci\u00f3n L\u00e1ser Remota de Contaminantes Atmosf\u00e9ricos<\/li>\n<\/ul>\n\n\n<p> <\/p>\n","protected":false},"excerpt":{"rendered":"<p>El Programa se articula en torno a 6 l\u00edneas principales de investigaci\u00f3n: Ingenier\u00eda de m\u00e1quinas y desarrollo de productos. Ingenier\u00eda de fabricaci\u00f3n. Din\u00e1mica computacional e ingenier\u00eda s\u00edsmica. Ingenier\u00eda ac\u00fastica. Ingenier\u00eda de veh\u00edculos y transportes. Ingenier\u00eda y aplicaciones del l\u00e1ser. Dichas <a href=\"http:\/\/dimec.etsii.upm.es\/doctorado\/index.php\/lineas-de-investigacion\/\" class=\"read-more\">Leer m\u00e1s&#8230;<\/a><\/p>\n","protected":false},"author":1,"featured_media":0,"parent":0,"menu_order":0,"comment_status":"closed","ping_status":"closed","template":"","meta":[],"yoast_head":"<!-- This site is optimized with the Yoast SEO plugin v18.2 - https:\/\/yoast.com\/wordpress\/plugins\/seo\/ -->\n<title>L\u00edneas de investigaci\u00f3n - DOCTORADO INGENIERIA MEC\u00c1NICA<\/title>\n<meta name=\"description\" content=\"Lineas de investigaci\u00f3n y desarrollo del doctorado impartido en la universidad porlitecnica de Madrid.\" \/>\n<meta name=\"robots\" content=\"index, follow, max-snippet:-1, max-image-preview:large, max-video-preview:-1\" \/>\n<link rel=\"canonical\" href=\"http:\/\/dimec.etsii.upm.es\/doctorado\/index.php\/lineas-de-investigacion\/\" \/>\n<meta property=\"og:locale\" content=\"es_ES\" \/>\n<meta property=\"og:type\" content=\"article\" \/>\n<meta property=\"og:title\" content=\"L\u00edneas de investigaci\u00f3n - DOCTORADO INGENIERIA MEC\u00c1NICA\" \/>\n<meta property=\"og:description\" content=\"Lineas de investigaci\u00f3n y desarrollo del doctorado impartido en la universidad porlitecnica de Madrid.\" \/>\n<meta property=\"og:url\" content=\"http:\/\/dimec.etsii.upm.es\/doctorado\/index.php\/lineas-de-investigacion\/\" \/>\n<meta property=\"og:site_name\" content=\"DOCTORADO INGENIERIA MEC\u00c1NICA\" \/>\n<meta property=\"article:modified_time\" content=\"2022-12-03T09:42:26+00:00\" \/>\n<meta name=\"twitter:card\" content=\"summary\" \/>\n<meta name=\"twitter:label1\" content=\"Tiempo de lectura\" \/>\n\t<meta name=\"twitter:data1\" content=\"4 minutos\" \/>\n<script type=\"application\/ld+json\" class=\"yoast-schema-graph\">{\"@context\":\"https:\/\/schema.org\",\"@graph\":[{\"@type\":\"WebSite\",\"@id\":\"http:\/\/dimec.etsii.upm.es\/doctorado\/#website\",\"url\":\"http:\/\/dimec.etsii.upm.es\/doctorado\/\",\"name\":\"DOCTORADO INGENIERIA MEC\u00c1NICA\",\"description\":\"\",\"potentialAction\":[{\"@type\":\"SearchAction\",\"target\":{\"@type\":\"EntryPoint\",\"urlTemplate\":\"http:\/\/dimec.etsii.upm.es\/doctorado\/?s={search_term_string}\"},\"query-input\":\"required name=search_term_string\"}],\"inLanguage\":\"es\"},{\"@type\":\"WebPage\",\"@id\":\"http:\/\/dimec.etsii.upm.es\/doctorado\/index.php\/lineas-de-investigacion\/#webpage\",\"url\":\"http:\/\/dimec.etsii.upm.es\/doctorado\/index.php\/lineas-de-investigacion\/\",\"name\":\"L\u00edneas de investigaci\u00f3n - DOCTORADO INGENIERIA MEC\u00c1NICA\",\"isPartOf\":{\"@id\":\"http:\/\/dimec.etsii.upm.es\/doctorado\/#website\"},\"datePublished\":\"2016-04-18T09:28:04+00:00\",\"dateModified\":\"2022-12-03T09:42:26+00:00\",\"description\":\"Lineas de investigaci\u00f3n y desarrollo del doctorado impartido en la universidad porlitecnica de Madrid.\",\"breadcrumb\":{\"@id\":\"http:\/\/dimec.etsii.upm.es\/doctorado\/index.php\/lineas-de-investigacion\/#breadcrumb\"},\"inLanguage\":\"es\",\"potentialAction\":[{\"@type\":\"ReadAction\",\"target\":[\"http:\/\/dimec.etsii.upm.es\/doctorado\/index.php\/lineas-de-investigacion\/\"]}]},{\"@type\":\"BreadcrumbList\",\"@id\":\"http:\/\/dimec.etsii.upm.es\/doctorado\/index.php\/lineas-de-investigacion\/#breadcrumb\",\"itemListElement\":[{\"@type\":\"ListItem\",\"position\":1,\"name\":\"Portada\",\"item\":\"http:\/\/dimec.etsii.upm.es\/doctorado\/\"},{\"@type\":\"ListItem\",\"position\":2,\"name\":\"L\u00edneas de investigaci\u00f3n\"}]}]}<\/script>\n<!-- \/ Yoast SEO plugin. -->","yoast_head_json":{"title":"L\u00edneas de investigaci\u00f3n - DOCTORADO INGENIERIA MEC\u00c1NICA","description":"Lineas de investigaci\u00f3n y desarrollo del doctorado impartido en la universidad porlitecnica de Madrid.","robots":{"index":"index","follow":"follow","max-snippet":"max-snippet:-1","max-image-preview":"max-image-preview:large","max-video-preview":"max-video-preview:-1"},"canonical":"http:\/\/dimec.etsii.upm.es\/doctorado\/index.php\/lineas-de-investigacion\/","og_locale":"es_ES","og_type":"article","og_title":"L\u00edneas de investigaci\u00f3n - DOCTORADO INGENIERIA MEC\u00c1NICA","og_description":"Lineas de investigaci\u00f3n y desarrollo del doctorado impartido en la universidad porlitecnica de Madrid.","og_url":"http:\/\/dimec.etsii.upm.es\/doctorado\/index.php\/lineas-de-investigacion\/","og_site_name":"DOCTORADO INGENIERIA MEC\u00c1NICA","article_modified_time":"2022-12-03T09:42:26+00:00","twitter_card":"summary","twitter_misc":{"Tiempo de lectura":"4 minutos"},"schema":{"@context":"https:\/\/schema.org","@graph":[{"@type":"WebSite","@id":"http:\/\/dimec.etsii.upm.es\/doctorado\/#website","url":"http:\/\/dimec.etsii.upm.es\/doctorado\/","name":"DOCTORADO INGENIERIA MEC\u00c1NICA","description":"","potentialAction":[{"@type":"SearchAction","target":{"@type":"EntryPoint","urlTemplate":"http:\/\/dimec.etsii.upm.es\/doctorado\/?s={search_term_string}"},"query-input":"required name=search_term_string"}],"inLanguage":"es"},{"@type":"WebPage","@id":"http:\/\/dimec.etsii.upm.es\/doctorado\/index.php\/lineas-de-investigacion\/#webpage","url":"http:\/\/dimec.etsii.upm.es\/doctorado\/index.php\/lineas-de-investigacion\/","name":"L\u00edneas de investigaci\u00f3n - DOCTORADO INGENIERIA MEC\u00c1NICA","isPartOf":{"@id":"http:\/\/dimec.etsii.upm.es\/doctorado\/#website"},"datePublished":"2016-04-18T09:28:04+00:00","dateModified":"2022-12-03T09:42:26+00:00","description":"Lineas de investigaci\u00f3n y desarrollo del doctorado impartido en la universidad porlitecnica de Madrid.","breadcrumb":{"@id":"http:\/\/dimec.etsii.upm.es\/doctorado\/index.php\/lineas-de-investigacion\/#breadcrumb"},"inLanguage":"es","potentialAction":[{"@type":"ReadAction","target":["http:\/\/dimec.etsii.upm.es\/doctorado\/index.php\/lineas-de-investigacion\/"]}]},{"@type":"BreadcrumbList","@id":"http:\/\/dimec.etsii.upm.es\/doctorado\/index.php\/lineas-de-investigacion\/#breadcrumb","itemListElement":[{"@type":"ListItem","position":1,"name":"Portada","item":"http:\/\/dimec.etsii.upm.es\/doctorado\/"},{"@type":"ListItem","position":2,"name":"L\u00edneas de investigaci\u00f3n"}]}]}},"_links":{"self":[{"href":"http:\/\/dimec.etsii.upm.es\/doctorado\/index.php\/wp-json\/wp\/v2\/pages\/10"}],"collection":[{"href":"http:\/\/dimec.etsii.upm.es\/doctorado\/index.php\/wp-json\/wp\/v2\/pages"}],"about":[{"href":"http:\/\/dimec.etsii.upm.es\/doctorado\/index.php\/wp-json\/wp\/v2\/types\/page"}],"author":[{"embeddable":true,"href":"http:\/\/dimec.etsii.upm.es\/doctorado\/index.php\/wp-json\/wp\/v2\/users\/1"}],"replies":[{"embeddable":true,"href":"http:\/\/dimec.etsii.upm.es\/doctorado\/index.php\/wp-json\/wp\/v2\/comments?post=10"}],"version-history":[{"count":39,"href":"http:\/\/dimec.etsii.upm.es\/doctorado\/index.php\/wp-json\/wp\/v2\/pages\/10\/revisions"}],"predecessor-version":[{"id":680,"href":"http:\/\/dimec.etsii.upm.es\/doctorado\/index.php\/wp-json\/wp\/v2\/pages\/10\/revisions\/680"}],"wp:attachment":[{"href":"http:\/\/dimec.etsii.upm.es\/doctorado\/index.php\/wp-json\/wp\/v2\/media?parent=10"}],"curies":[{"name":"wp","href":"https:\/\/api.w.org\/{rel}","templated":true}]}}